{"id":11092,"date":"2021-04-15T10:03:27","date_gmt":"2021-04-15T09:03:27","guid":{"rendered":"https:\/\/acrolinxcomsta.wpenginepowered.com\/?page_id=11092"},"modified":"2022-07-18T09:32:25","modified_gmt":"2022-07-18T08:32:25","slug":"fuer-marketing","status":"publish","type":"page","link":"https:\/\/acrolinxcomsta.wpenginepowered.com\/de\/fuer-marketing\/","title":{"rendered":"Fuer Marketing"},"content":{"rendered":"<!-- Standard Hero -->\n<section class=\"container-fluid hero pb-2 bg-light-pink\">\n        <div class=\"row mb-lg-5 mb-3\">  \n\t\t\t    <div class=\"review-home\">\n\t\t\t\t\t\t\t\t\t\t\t\t\t<\/div>\n            <div class=\"inner-hero container d-flex py-3 px-lg-0 px-md-5 px-0\">\n            <!-- Text and button hero -->\n                        <ul id=\"scene\" class=\"scene wow fadeInRight\" data-wow-delay=\"0.6s\"> \n                <!-- need a first empty one for yet unknown reasons--><li data-depth=\"0.2\" class=\"layer\"><div class=\"empty\" \/><\/li>\n                <li data-depth=\"0.3\" class=\"layer\">\n                \n                    <div class=\"slice slice-one\" style=\"background-image: url(https:\/\/acrolinxcomsta.wpenginepowered.com\/wp-content\/uploads\/2021\/02\/level-1-marketing.png)\"\/>\n                <\/li>\n                <li data-depth=\"0.4\" class=\"layer\"><div class=\"slice slice-two\" style=\"background-image: url(https:\/\/acrolinxcomsta.wpenginepowered.com\/wp-content\/uploads\/2021\/02\/level-2-marketing.png)\"\/><\/li>\n                            <\/ul>\n                    \t<div class=\"wow fadeIn hero-text col-lg-6 col align-self-center order-lg-1 mt-lg-0 mt-4 mb-4\" data-wow-delay=\"0.1s\">\n                                <p class=\"wow fadeIn subheading-hero overheading-hero pt-2 pb-4 mb-1\" data-wow-delay=\"0.2s\"><strong>Acrolinx f\u00fcr Marketing<\/strong><\/p>\n                        \t\t<h1 class=\"pr-4\">Entwickeln Sie mitrei\u00dfende Content-Experiences        \t\t<\/h1>\n        \t\t<p class=\"wow fadeIn subheading-hero pt-2 pb-4 mb-1\" data-wow-delay=\"0.2s\">Interesse wecken, inspirieren, konvertieren, Auftr\u00e4ge generieren<\/p>\n\t\t            \n\t\t                        \t\t        \t<a class=\"mb-3 wow fadeInUp btn-primary btn-lg btn cta-hero\" data-wow-delay=\"0.4s\" href=\"https:\/\/acrolinxcomsta.wpenginepowered.com\/product\/\/\" target=\"\">Entdecken Sie mehr<\/a>\n\t\t               \n        \t\t\t\t\t\t \n        \t<\/div> \n            <!-- video player custom test -->\n             \n                <\/div>\n                \n    <\/section>","protected":false},"excerpt":{"rendered":"","protected":false},"author":17,"featured_media":0,"parent":0,"menu_order":0,"comment_status":"closed","ping_status":"closed","template":"use-case.php","meta":{"_acf_changed":false,"footnotes":"","_links_to":"","_links_to_target":""},"coauthors":[72],"class_list":["post-11092","page","type-page","status-publish","hentry"],"acf":[],"yoast_head":"<!-- This site is optimized with the Yoast SEO plugin v23.2 - https:\/\/yoast.com\/wordpress\/plugins\/seo\/ -->\n<title>Fuer Marketing - Acrolinx<\/title>\n<meta name=\"description\" content=\"Mitrei\u00dfender Marketing-Content mit Acrolinx! Lassen Sie Ihre digitalen Kontaktpunkte durch gro\u00dfartigen Content gl\u00e4nzen.\" \/>\n<meta name=\"robots\" content=\"noindex, follow, max-snippet:-1, max-image-preview:large, max-video-preview:-1\" \/>\n<meta property=\"og:locale\" content=\"de_DE\" \/>\n<meta property=\"og:type\" content=\"article\" \/>\n<meta property=\"og:title\" content=\"Fuer Marketing - Acrolinx\" \/>\n<meta property=\"og:description\" content=\"Mitrei\u00dfender Marketing-Content mit Acrolinx! Lassen Sie Ihre digitalen Kontaktpunkte durch gro\u00dfartigen Content gl\u00e4nzen.\" \/>\n<meta property=\"og:url\" content=\"https:\/\/acrolinxcomsta.wpenginepowered.com\/de\/fuer-marketing\/\" \/>\n<meta property=\"og:site_name\" content=\"Acrolinx\" \/>\n<meta property=\"article:publisher\" content=\"https:\/\/www.facebook.com\/Acrolinxcc\/\" \/>\n<meta property=\"article:modified_time\" content=\"2022-07-18T08:32:25+00:00\" \/>\n<meta name=\"twitter:card\" content=\"summary_large_image\" \/>\n<meta name=\"twitter:site\" content=\"@Acrolinx\" \/>\n<meta name=\"twitter:label1\" content=\"Written by\" \/>\n\t<meta name=\"twitter:data1\" content=\"Alice Admin\" \/>\n<script type=\"application\/ld+json\" class=\"yoast-schema-graph\">{\"@context\":\"https:\/\/schema.org\",\"@graph\":[{\"@type\":\"WebPage\",\"@id\":\"https:\/\/acrolinxcomsta.wpenginepowered.com\/de\/fuer-marketing\/\",\"url\":\"https:\/\/acrolinxcomsta.wpenginepowered.com\/de\/fuer-marketing\/\",\"name\":\"Fuer Marketing - Acrolinx\",\"isPartOf\":{\"@id\":\"https:\/\/acrolinxcomsta.wpenginepowered.com\/#website\"},\"datePublished\":\"2021-04-15T09:03:27+00:00\",\"dateModified\":\"2022-07-18T08:32:25+00:00\",\"description\":\"Mitrei\u00dfender Marketing-Content mit Acrolinx! Lassen Sie Ihre digitalen Kontaktpunkte durch gro\u00dfartigen Content gl\u00e4nzen.\",\"breadcrumb\":{\"@id\":\"https:\/\/acrolinxcomsta.wpenginepowered.com\/de\/fuer-marketing\/#breadcrumb\"},\"inLanguage\":\"de-DE\",\"potentialAction\":[{\"@type\":\"ReadAction\",\"target\":[\"https:\/\/acrolinxcomsta.wpenginepowered.com\/de\/fuer-marketing\/\"]}]},{\"@type\":\"BreadcrumbList\",\"@id\":\"https:\/\/acrolinxcomsta.wpenginepowered.com\/de\/fuer-marketing\/#breadcrumb\",\"itemListElement\":[{\"@type\":\"ListItem\",\"position\":1,\"name\":\"Home\",\"item\":\"https:\/\/acrolinxcomsta.wpenginepowered.com\/de\/\"},{\"@type\":\"ListItem\",\"position\":2,\"name\":\"Fuer Marketing\"}]},{\"@type\":\"WebSite\",\"@id\":\"https:\/\/acrolinxcomsta.wpenginepowered.com\/#website\",\"url\":\"https:\/\/acrolinxcomsta.wpenginepowered.com\/\",\"name\":\"Acrolinx\",\"description\":\"\",\"publisher\":{\"@id\":\"https:\/\/acrolinxcomsta.wpenginepowered.com\/#organization\"},\"potentialAction\":[{\"@type\":\"SearchAction\",\"target\":{\"@type\":\"EntryPoint\",\"urlTemplate\":\"https:\/\/acrolinxcomsta.wpenginepowered.com\/?s={search_term_string}\"},\"query-input\":\"required name=search_term_string\"}],\"inLanguage\":\"de-DE\"},{\"@type\":\"Organization\",\"@id\":\"https:\/\/acrolinxcomsta.wpenginepowered.com\/#organization\",\"name\":\"Acrolinx\",\"url\":\"https:\/\/acrolinxcomsta.wpenginepowered.com\/\",\"logo\":{\"@type\":\"ImageObject\",\"inLanguage\":\"de-DE\",\"@id\":\"https:\/\/acrolinxcomsta.wpenginepowered.com\/#\/schema\/logo\/image\/\",\"url\":\"https:\/\/acrolinxcomsta.wpenginepowered.com\/wp-content\/uploads\/2019\/02\/logo_2x.png\",\"contentUrl\":\"https:\/\/acrolinxcomsta.wpenginepowered.com\/wp-content\/uploads\/2019\/02\/logo_2x.png\",\"width\":326,\"height\":56,\"caption\":\"Acrolinx\"},\"image\":{\"@id\":\"https:\/\/acrolinxcomsta.wpenginepowered.com\/#\/schema\/logo\/image\/\"},\"sameAs\":[\"https:\/\/www.facebook.com\/Acrolinxcc\/\",\"https:\/\/x.com\/Acrolinx\",\"https:\/\/www.linkedin.com\/company\/acrolinx\",\"https:\/\/www.youtube.com\/user\/acrolinxIQ\/\"]}]}<\/script>\n<!-- \/ Yoast SEO plugin. -->","yoast_head_json":{"title":"Fuer Marketing - Acrolinx","description":"Mitrei\u00dfender Marketing-Content mit Acrolinx! Lassen Sie Ihre digitalen Kontaktpunkte durch gro\u00dfartigen Content gl\u00e4nzen.","robots":{"index":"noindex","follow":"follow","max-snippet":"max-snippet:-1","max-image-preview":"max-image-preview:large","max-video-preview":"max-video-preview:-1"},"og_locale":"de_DE","og_type":"article","og_title":"Fuer Marketing - Acrolinx","og_description":"Mitrei\u00dfender Marketing-Content mit Acrolinx! Lassen Sie Ihre digitalen Kontaktpunkte durch gro\u00dfartigen Content gl\u00e4nzen.","og_url":"https:\/\/acrolinxcomsta.wpenginepowered.com\/de\/fuer-marketing\/","og_site_name":"Acrolinx","article_publisher":"https:\/\/www.facebook.com\/Acrolinxcc\/","article_modified_time":"2022-07-18T08:32:25+00:00","twitter_card":"summary_large_image","twitter_site":"@Acrolinx","twitter_misc":{"Written by":"Alice Admin"},"schema":{"@context":"https:\/\/schema.org","@graph":[{"@type":"WebPage","@id":"https:\/\/acrolinxcomsta.wpenginepowered.com\/de\/fuer-marketing\/","url":"https:\/\/acrolinxcomsta.wpenginepowered.com\/de\/fuer-marketing\/","name":"Fuer Marketing - Acrolinx","isPartOf":{"@id":"https:\/\/acrolinxcomsta.wpenginepowered.com\/#website"},"datePublished":"2021-04-15T09:03:27+00:00","dateModified":"2022-07-18T08:32:25+00:00","description":"Mitrei\u00dfender Marketing-Content mit Acrolinx! Lassen Sie Ihre digitalen Kontaktpunkte durch gro\u00dfartigen Content gl\u00e4nzen.","breadcrumb":{"@id":"https:\/\/acrolinxcomsta.wpenginepowered.com\/de\/fuer-marketing\/#breadcrumb"},"inLanguage":"de-DE","potentialAction":[{"@type":"ReadAction","target":["https:\/\/acrolinxcomsta.wpenginepowered.com\/de\/fuer-marketing\/"]}]},{"@type":"BreadcrumbList","@id":"https:\/\/acrolinxcomsta.wpenginepowered.com\/de\/fuer-marketing\/#breadcrumb","itemListElement":[{"@type":"ListItem","position":1,"name":"Home","item":"https:\/\/acrolinxcomsta.wpenginepowered.com\/de\/"},{"@type":"ListItem","position":2,"name":"Fuer Marketing"}]},{"@type":"WebSite","@id":"https:\/\/acrolinxcomsta.wpenginepowered.com\/#website","url":"https:\/\/acrolinxcomsta.wpenginepowered.com\/","name":"Acrolinx","description":"","publisher":{"@id":"https:\/\/acrolinxcomsta.wpenginepowered.com\/#organization"},"potentialAction":[{"@type":"SearchAction","target":{"@type":"EntryPoint","urlTemplate":"https:\/\/acrolinxcomsta.wpenginepowered.com\/?s={search_term_string}"},"query-input":"required name=search_term_string"}],"inLanguage":"de-DE"},{"@type":"Organization","@id":"https:\/\/acrolinxcomsta.wpenginepowered.com\/#organization","name":"Acrolinx","url":"https:\/\/acrolinxcomsta.wpenginepowered.com\/","logo":{"@type":"ImageObject","inLanguage":"de-DE","@id":"https:\/\/acrolinxcomsta.wpenginepowered.com\/#\/schema\/logo\/image\/","url":"https:\/\/acrolinxcomsta.wpenginepowered.com\/wp-content\/uploads\/2019\/02\/logo_2x.png","contentUrl":"https:\/\/acrolinxcomsta.wpenginepowered.com\/wp-content\/uploads\/2019\/02\/logo_2x.png","width":326,"height":56,"caption":"Acrolinx"},"image":{"@id":"https:\/\/acrolinxcomsta.wpenginepowered.com\/#\/schema\/logo\/image\/"},"sameAs":["https:\/\/www.facebook.com\/Acrolinxcc\/","https:\/\/x.com\/Acrolinx","https:\/\/www.linkedin.com\/company\/acrolinx","https:\/\/www.youtube.com\/user\/acrolinxIQ\/"]}]}},"_links":{"self":[{"href":"https:\/\/acrolinxcomsta.wpenginepowered.com\/de\/wp-json\/wp\/v2\/pages\/11092","targetHints":{"allow":["GET"]}}],"collection":[{"href":"https:\/\/acrolinxcomsta.wpenginepowered.com\/de\/wp-json\/wp\/v2\/pages"}],"about":[{"href":"https:\/\/acrolinxcomsta.wpenginepowered.com\/de\/wp-json\/wp\/v2\/types\/page"}],"author":[{"embeddable":true,"href":"https:\/\/acrolinxcomsta.wpenginepowered.com\/de\/wp-json\/wp\/v2\/users\/17"}],"replies":[{"embeddable":true,"href":"https:\/\/acrolinxcomsta.wpenginepowered.com\/de\/wp-json\/wp\/v2\/comments?post=11092"}],"version-history":[{"count":0,"href":"https:\/\/acrolinxcomsta.wpenginepowered.com\/de\/wp-json\/wp\/v2\/pages\/11092\/revisions"}],"wp:attachment":[{"href":"https:\/\/acrolinxcomsta.wpenginepowered.com\/de\/wp-json\/wp\/v2\/media?parent=11092"}],"wp:term":[{"taxonomy":"author","embeddable":true,"href":"https:\/\/acrolinxcomsta.wpenginepowered.com\/de\/wp-json\/wp\/v2\/coauthors?post=11092"}],"curies":[{"name":"wp","href":"https:\/\/api.w.org\/{rel}","templated":true}]}}