{"id":11097,"date":"2021-04-15T11:06:49","date_gmt":"2021-04-15T10:06:49","guid":{"rendered":"https:\/\/acrolinxcomsta.wpenginepowered.com\/?page_id=11097"},"modified":"2022-06-24T19:20:17","modified_gmt":"2022-06-24T18:20:17","slug":"finanzdienstleistungen","status":"publish","type":"page","link":"https:\/\/acrolinxcomsta.wpenginepowered.com\/de\/finanzdienstleistungen\/","title":{"rendered":"Branche \u2013 Finanzdienstleistungen"},"content":{"rendered":"<!-- Standard Hero -->\n<section class=\"container-fluid hero pb-2 bg-light-yellow\">\n        <div class=\"row mb-lg-5 mb-3\">  \n\t\t\t    <div class=\"review-home\">\n\t\t\t\t\t\t\t\t\t\t\t\t\t<\/div>\n            <div class=\"inner-hero container d-flex py-3 px-lg-0 px-md-5 px-0\">\n            <!-- Text and button hero -->\n                        <ul id=\"scene\" class=\"scene wow fadeInRight\" data-wow-delay=\"0.6s\"> \n                <!-- need a first empty one for yet unknown reasons--><li data-depth=\"0.2\" class=\"layer\"><div class=\"empty\" \/><\/li>\n                <li data-depth=\"0.3\" class=\"layer\">\n                \n                    <div class=\"slice slice-one\" style=\"background-image: url(https:\/\/acrolinxcomsta.wpenginepowered.com\/wp-content\/uploads\/2021\/03\/layer1-financial.png)\"\/>\n                <\/li>\n                <li data-depth=\"0.4\" class=\"layer\"><div class=\"slice slice-two\" style=\"background-image: url(https:\/\/acrolinxcomsta.wpenginepowered.com\/wp-content\/uploads\/2021\/03\/layer2-financial.png)\"\/><\/li>\n                                <li data-depth=\"0.6\" class=\"layer\"><div class=\"slice slice-three\" style=\"background-image: url(https:\/\/acrolinxcomsta.wpenginepowered.com\/wp-content\/uploads\/2021\/03\/layer3-financial.png)\"\/><\/li> \n                            <\/ul>\n                    \t<div class=\"wow fadeIn hero-text col-lg-6 col align-self-center order-lg-1 mt-lg-0 mt-4 mb-4\" data-wow-delay=\"0.1s\">\n                                <p class=\"wow fadeIn subheading-hero overheading-hero pt-2 pb-4 mb-1\" data-wow-delay=\"0.2s\"><strong>Acrolinx f\u00fcr Finanzdienstleistungen<\/strong><\/p>\n                        \t\t<h1 class=\"pr-4\">Mehr Erfolg mit besserem Content        \t\t<\/h1>\n        \t\t<p class=\"wow fadeIn subheading-hero pt-2 pb-4 mb-1\" data-wow-delay=\"0.2s\">Bieten Sie Ihren Kunden ein revolution\u00e4res Erlebnis.<\/p>\n\t\t            \n\t\t                        \t\t        \t<a class=\"mb-3 wow fadeInUp btn-primary btn-lg btn cta-hero\" data-wow-delay=\"0.4s\" href=\"https:\/\/acrolinxcomsta.wpenginepowered.com\/product\/\/\" target=\"\">Entdecken Sie mehr<\/a>\n\t\t               \n        \t\t\t\t\t\t \n        \t<\/div> \n            <!-- video player custom test -->\n             \n                <\/div>\n                \n    <\/section>\n\n\n<div class=\"wp-block-columns mt-md-5 mt-3 industry container is-layout-flex wp-container-core-columns-is-layout-9d6595d7 wp-block-columns-is-layout-flex\">\n<div class=\"wp-block-column mt-lg-5 pt-lg-5 pt-3 mt-3 mx-lg-5 mx-2 order-last order-md-first is-layout-flow wp-block-column-is-layout-flow\">\n<ul class=\"scene zz-scene\"> \n        <!-- need a first empty one--><li data-depth=\"0.2\" class=\"layer\"><div class=\"empty\"><\/div><\/li>\n        <li data-depth=\"0.4\" class=\"layer\"><div class=\"zz1 wow fadeIn\" data-wow-delay=\"0.2s\"><\/div><\/li>   \n    <\/ul>\n\n\n\n<figure class=\"wp-block-image size-large\"><img loading=\"lazy\" decoding=\"async\" width=\"500\" height=\"379\" src=\"https:\/\/acrolinxcomsta.wpenginepowered.com\/wp-content\/uploads\/2021\/03\/zz-financial-1-500x379.png\" alt=\"\" class=\"wp-image-10616\" srcset=\"https:\/\/acrolinxcomsta.wpenginepowered.com\/wp-content\/uploads\/2021\/03\/zz-financial-1-500x379.png 500w, https:\/\/acrolinxcomsta.wpenginepowered.com\/wp-content\/uploads\/2021\/03\/zz-financial-1-300x228.png 300w, https:\/\/acrolinxcomsta.wpenginepowered.com\/wp-content\/uploads\/2021\/03\/zz-financial-1-768x582.png 768w, https:\/\/acrolinxcomsta.wpenginepowered.com\/wp-content\/uploads\/2021\/03\/zz-financial-1.png 960w\" sizes=\"auto, (max-width: 500px) 100vw, 500px\" \/><\/figure>\n<\/div>\n\n\n\n<div class=\"wp-block-column mx-lg-5 mx-0 pr-lg-5 pr-0 is-layout-flow wp-block-column-is-layout-flow\">\n<h3 class=\"wp-block-heading\">Maximieren Sie den Wert des Contents<\/h3>\n\n\n\n<p>Content ist einer der am meisten untersch\u00e4tzten Asset im Finanzdienstleistungsbereich. Und doch ist es typischerweise der Ort, an dem Kund*innen den ersten Kontakt zu Ihrem Unternehmen aufnehmen. Der muss gelungen sein.<br><br>Acrolinx hilft Ihnen dabei, den ROI Ihres Contents, mit den Ressourcen, die Sie haben (oder weniger), zu maximieren. Die Plattform unterst\u00fctzt Sie dabei, hochwertigen Content zu erstellen, zu \u00fcberpr\u00fcfen und zu pflegen &#8211; w\u00e4hrend Sie mehr Zeit und Mitarbeiter*innen f\u00fcr andere strategische Aktivit\u00e4ten frei haben.<\/p>\n<\/div>\n<\/div>\n\n\n\n<div class=\"wp-block-columns mt-md-4 mt-2 industry container is-layout-flex wp-container-core-columns-is-layout-9d6595d7 wp-block-columns-is-layout-flex\">\n<div class=\"wp-block-column mx-lg-5 mx-0 pr-lg-5 pr-0 is-layout-flow wp-block-column-is-layout-flow\">\n<h3 class=\"wp-block-heading\">Evaluieren Sie die Effektivit\u00e4t des Contents<\/h3>\n\n\n\n<p>Es ist eine riesige Chance f\u00fcr Finanzdienstleister*innen, ihre digitalen Kontaktpunkte zu optimieren und ihren Content zu nutzen, um bessere Kund*innenbeziehungen aufzubauen.<br><br>Mit Acrolinx k\u00f6nnen Sie verschiedene Content-Ziele festlegen und A\/B-Tests durchf\u00fchren, um die beste Leistung zu erzielen. Passen Sie Formalit\u00e4t, Verst\u00e4ndlichkeit, Tone of Voice, Satzl\u00e4nge, Emotionalit\u00e4t und gendergerechte Sprache je nach Persona oder Content-Typ an. Sobald Sie herausgefunden haben, worauf Ihr Publikum reagiert, k\u00f6nnen Sie Ihren Content sofort an diese Standards anpassen.<br><br>Acrolinx unterst\u00fctzt Sie bei der Aufrechterhaltung der Content-Effektivit\u00e4t mit detaillierten Analytics-Berichten und v\u00f6lliger Flexibilit\u00e4t bei der Aktualisierung Ihrer Content-Ziele, so dass Ihr Content und Ihre Kommunikation immer \u00fcberzeugen.<\/p>\n<\/div>\n\n\n\n<div class=\"wp-block-column mt-lg-5 pt-lg-5 pt-3 mt-3 mx-lg-5 mx-2 is-layout-flow wp-block-column-is-layout-flow\">\n<ul class=\"scene zz-scene\"> \n        <!-- need a first empty one--><li data-depth=\"0.2\" class=\"layer\"><div class=\"empty\"><\/div><\/li>\n        <li data-depth=\"0.4\" class=\"layer\"><div class=\"zz2 wow fadeIn\" data-wow-delay=\"0.2s\"><\/div><\/li>   \n    <\/ul>\n\n\n\n<figure class=\"wp-block-image size-large\"><img loading=\"lazy\" decoding=\"async\" width=\"500\" height=\"492\" src=\"https:\/\/acrolinxcomsta.wpenginepowered.com\/wp-content\/uploads\/2021\/03\/zz-financial-2-1-500x492.png\" alt=\"\" class=\"wp-image-10975\" srcset=\"https:\/\/acrolinxcomsta.wpenginepowered.com\/wp-content\/uploads\/2021\/03\/zz-financial-2-1-500x492.png 500w, https:\/\/acrolinxcomsta.wpenginepowered.com\/wp-content\/uploads\/2021\/03\/zz-financial-2-1-300x295.png 300w, https:\/\/acrolinxcomsta.wpenginepowered.com\/wp-content\/uploads\/2021\/03\/zz-financial-2-1-768x755.png 768w, https:\/\/acrolinxcomsta.wpenginepowered.com\/wp-content\/uploads\/2021\/03\/zz-financial-2-1.png 960w\" sizes=\"auto, (max-width: 500px) 100vw, 500px\" \/><\/figure>\n<\/div>\n<\/div>\n\n\n\n<div class=\"wp-block-columns mt-2 industry container is-layout-flex wp-container-core-columns-is-layout-9d6595d7 wp-block-columns-is-layout-flex\">\n<div class=\"wp-block-column pt-3 mt-0 mx-lg-5 mx-2 order-last order-md-first is-layout-flow wp-block-column-is-layout-flow\">\n<ul class=\"scene zz-scene\"> \n        <!-- need a first empty one--><li data-depth=\"0.2\" class=\"layer\"><div class=\"empty\"><\/div><\/li>\n        <li data-depth=\"0.4\" class=\"layer\"><div class=\"zz3 wow fadeIn\" data-wow-delay=\"0.2s\"><\/div><\/li>   \n    <\/ul>\n\n\n\n<figure class=\"wp-block-image size-large\"><img loading=\"lazy\" decoding=\"async\" width=\"500\" height=\"492\" src=\"https:\/\/acrolinxcomsta.wpenginepowered.com\/wp-content\/uploads\/2021\/03\/zz-financial-3-500x492.png\" alt=\"\" class=\"wp-image-10619\" srcset=\"https:\/\/acrolinxcomsta.wpenginepowered.com\/wp-content\/uploads\/2021\/03\/zz-financial-3-500x492.png 500w, https:\/\/acrolinxcomsta.wpenginepowered.com\/wp-content\/uploads\/2021\/03\/zz-financial-3-300x295.png 300w, https:\/\/acrolinxcomsta.wpenginepowered.com\/wp-content\/uploads\/2021\/03\/zz-financial-3-768x755.png 768w, https:\/\/acrolinxcomsta.wpenginepowered.com\/wp-content\/uploads\/2021\/03\/zz-financial-3.png 960w\" sizes=\"auto, (max-width: 500px) 100vw, 500px\" \/><\/figure>\n<\/div>\n\n\n\n<div class=\"wp-block-column mx-lg-5 mx-0 pr-lg-5 pr-0 is-layout-flow wp-block-column-is-layout-flow\">\n<h3 class=\"wp-block-heading\">Stressfreie Compliance<\/h3>\n\n\n\n<p>In der stark regulierten Finanzdienstleistungsbranche muss der Content zu 100% rechtskonform sein.&nbsp;<\/p>\n\n\n\n<p>Acrolinx kann automatisch \u00fcberpr\u00fcfen, ob Ihr Content der vorgeschriebenen Terminologie entspricht &#8211; und zwar w\u00e4hrend des gesamten Content-Lifecycles. Au\u00dferdem sorgt es daf\u00fcr, dass Ihre Allgemeinen Gesch\u00e4ftsbedingungen und andere rechtliche Informationen klar und einfach zu verstehen sind.<\/p>\n<\/div>\n<\/div>\n\n\n\n<p><\/p>\n","protected":false},"excerpt":{"rendered":"<p>Maximieren Sie den Wert des Contents Content ist einer der am meisten untersch\u00e4tzten Asset im Finanzdienstleistungsbereich. Und doch ist es typischerweise der Ort, an dem Kund*innen den ersten &hellip; <\/p>\n<p class=\"link-more\"><a href=\"https:\/\/acrolinxcomsta.wpenginepowered.com\/de\/finanzdienstleistungen\/\" class=\"more-link\">Continue reading<span class=\"screen-reader-text\"> &#8222;Branche \u2013 Finanzdienstleistungen&#8220;<\/span><\/a><\/p>\n","protected":false},"author":17,"featured_media":0,"parent":0,"menu_order":0,"comment_status":"closed","ping_status":"closed","template":"industry.php","meta":{"_acf_changed":false,"footnotes":"","_links_to":"","_links_to_target":""},"coauthors":[72],"class_list":["post-11097","page","type-page","status-publish","hentry"],"acf":[],"yoast_head":"<!-- This site is optimized with the Yoast SEO plugin v23.2 - https:\/\/yoast.com\/wordpress\/plugins\/seo\/ -->\n<title>Branche \u2013 Finanzdienstleistungen - Acrolinx<\/title>\n<meta name=\"description\" content=\"Finanzdienstleistungsunternehmen profitieren von hochwertigem Content. Acrolinx macht Ihren Content gro\u00dfartig. Mit Sicherheit.\" \/>\n<meta name=\"robots\" content=\"noindex, follow, max-snippet:-1, max-image-preview:large, max-video-preview:-1\" \/>\n<meta property=\"og:locale\" content=\"de_DE\" \/>\n<meta property=\"og:type\" content=\"article\" \/>\n<meta property=\"og:title\" content=\"Branche \u2013 Finanzdienstleistungen - Acrolinx\" \/>\n<meta property=\"og:description\" content=\"Finanzdienstleistungsunternehmen profitieren von hochwertigem Content. Acrolinx macht Ihren Content gro\u00dfartig. Mit Sicherheit.\" \/>\n<meta property=\"og:url\" content=\"https:\/\/acrolinxcomsta.wpenginepowered.com\/de\/finanzdienstleistungen\/\" \/>\n<meta property=\"og:site_name\" content=\"Acrolinx\" \/>\n<meta property=\"article:publisher\" content=\"https:\/\/www.facebook.com\/Acrolinxcc\/\" \/>\n<meta property=\"article:modified_time\" content=\"2022-06-24T18:20:17+00:00\" \/>\n<meta property=\"og:image\" content=\"https:\/\/acrolinxcomsta.wpenginepowered.com\/wp-content\/uploads\/2021\/03\/zz-financial-1-500x379.png\" \/>\n<meta name=\"twitter:card\" content=\"summary_large_image\" \/>\n<meta name=\"twitter:site\" content=\"@Acrolinx\" \/>\n<meta name=\"twitter:label1\" content=\"Gesch\u00e4tzte Lesezeit\" \/>\n\t<meta name=\"twitter:data1\" content=\"2 Minuten\" \/>\n\t<meta name=\"twitter:label2\" content=\"Written by\" \/>\n\t<meta name=\"twitter:data2\" content=\"Alice Admin\" \/>\n<script type=\"application\/ld+json\" class=\"yoast-schema-graph\">{\"@context\":\"https:\/\/schema.org\",\"@graph\":[{\"@type\":\"WebPage\",\"@id\":\"https:\/\/acrolinxcomsta.wpenginepowered.com\/de\/finanzdienstleistungen\/\",\"url\":\"https:\/\/acrolinxcomsta.wpenginepowered.com\/de\/finanzdienstleistungen\/\",\"name\":\"Branche \u2013 Finanzdienstleistungen - Acrolinx\",\"isPartOf\":{\"@id\":\"https:\/\/acrolinxcomsta.wpenginepowered.com\/#website\"},\"primaryImageOfPage\":{\"@id\":\"https:\/\/acrolinxcomsta.wpenginepowered.com\/de\/finanzdienstleistungen\/#primaryimage\"},\"image\":{\"@id\":\"https:\/\/acrolinxcomsta.wpenginepowered.com\/de\/finanzdienstleistungen\/#primaryimage\"},\"thumbnailUrl\":\"https:\/\/acrolinxcomsta.wpenginepowered.com\/wp-content\/uploads\/2021\/03\/zz-financial-1-500x379.png\",\"datePublished\":\"2021-04-15T10:06:49+00:00\",\"dateModified\":\"2022-06-24T18:20:17+00:00\",\"description\":\"Finanzdienstleistungsunternehmen profitieren von hochwertigem Content. Acrolinx macht Ihren Content gro\u00dfartig. Mit Sicherheit.\",\"breadcrumb\":{\"@id\":\"https:\/\/acrolinxcomsta.wpenginepowered.com\/de\/finanzdienstleistungen\/#breadcrumb\"},\"inLanguage\":\"de-DE\",\"potentialAction\":[{\"@type\":\"ReadAction\",\"target\":[\"https:\/\/acrolinxcomsta.wpenginepowered.com\/de\/finanzdienstleistungen\/\"]}]},{\"@type\":\"ImageObject\",\"inLanguage\":\"de-DE\",\"@id\":\"https:\/\/acrolinxcomsta.wpenginepowered.com\/de\/finanzdienstleistungen\/#primaryimage\",\"url\":\"https:\/\/acrolinxcomsta.wpenginepowered.com\/wp-content\/uploads\/2021\/03\/zz-financial-1-500x379.png\",\"contentUrl\":\"https:\/\/acrolinxcomsta.wpenginepowered.com\/wp-content\/uploads\/2021\/03\/zz-financial-1-500x379.png\"},{\"@type\":\"BreadcrumbList\",\"@id\":\"https:\/\/acrolinxcomsta.wpenginepowered.com\/de\/finanzdienstleistungen\/#breadcrumb\",\"itemListElement\":[{\"@type\":\"ListItem\",\"position\":1,\"name\":\"Home\",\"item\":\"https:\/\/acrolinxcomsta.wpenginepowered.com\/de\/\"},{\"@type\":\"ListItem\",\"position\":2,\"name\":\"Branche \u2013 Finanzdienstleistungen\"}]},{\"@type\":\"WebSite\",\"@id\":\"https:\/\/acrolinxcomsta.wpenginepowered.com\/#website\",\"url\":\"https:\/\/acrolinxcomsta.wpenginepowered.com\/\",\"name\":\"Acrolinx\",\"description\":\"\",\"publisher\":{\"@id\":\"https:\/\/acrolinxcomsta.wpenginepowered.com\/#organization\"},\"potentialAction\":[{\"@type\":\"SearchAction\",\"target\":{\"@type\":\"EntryPoint\",\"urlTemplate\":\"https:\/\/acrolinxcomsta.wpenginepowered.com\/?s={search_term_string}\"},\"query-input\":\"required name=search_term_string\"}],\"inLanguage\":\"de-DE\"},{\"@type\":\"Organization\",\"@id\":\"https:\/\/acrolinxcomsta.wpenginepowered.com\/#organization\",\"name\":\"Acrolinx\",\"url\":\"https:\/\/acrolinxcomsta.wpenginepowered.com\/\",\"logo\":{\"@type\":\"ImageObject\",\"inLanguage\":\"de-DE\",\"@id\":\"https:\/\/acrolinxcomsta.wpenginepowered.com\/#\/schema\/logo\/image\/\",\"url\":\"https:\/\/acrolinxcomsta.wpenginepowered.com\/wp-content\/uploads\/2019\/02\/logo_2x.png\",\"contentUrl\":\"https:\/\/acrolinxcomsta.wpenginepowered.com\/wp-content\/uploads\/2019\/02\/logo_2x.png\",\"width\":326,\"height\":56,\"caption\":\"Acrolinx\"},\"image\":{\"@id\":\"https:\/\/acrolinxcomsta.wpenginepowered.com\/#\/schema\/logo\/image\/\"},\"sameAs\":[\"https:\/\/www.facebook.com\/Acrolinxcc\/\",\"https:\/\/x.com\/Acrolinx\",\"https:\/\/www.linkedin.com\/company\/acrolinx\",\"https:\/\/www.youtube.com\/user\/acrolinxIQ\/\"]}]}<\/script>\n<!-- \/ Yoast SEO plugin. -->","yoast_head_json":{"title":"Branche \u2013 Finanzdienstleistungen - Acrolinx","description":"Finanzdienstleistungsunternehmen profitieren von hochwertigem Content. Acrolinx macht Ihren Content gro\u00dfartig. Mit Sicherheit.","robots":{"index":"noindex","follow":"follow","max-snippet":"max-snippet:-1","max-image-preview":"max-image-preview:large","max-video-preview":"max-video-preview:-1"},"og_locale":"de_DE","og_type":"article","og_title":"Branche \u2013 Finanzdienstleistungen - Acrolinx","og_description":"Finanzdienstleistungsunternehmen profitieren von hochwertigem Content. Acrolinx macht Ihren Content gro\u00dfartig. Mit Sicherheit.","og_url":"https:\/\/acrolinxcomsta.wpenginepowered.com\/de\/finanzdienstleistungen\/","og_site_name":"Acrolinx","article_publisher":"https:\/\/www.facebook.com\/Acrolinxcc\/","article_modified_time":"2022-06-24T18:20:17+00:00","og_image":[{"url":"https:\/\/acrolinxcomsta.wpenginepowered.com\/wp-content\/uploads\/2021\/03\/zz-financial-1-500x379.png"}],"twitter_card":"summary_large_image","twitter_site":"@Acrolinx","twitter_misc":{"Gesch\u00e4tzte Lesezeit":"2 Minuten","Written by":"Alice Admin"},"schema":{"@context":"https:\/\/schema.org","@graph":[{"@type":"WebPage","@id":"https:\/\/acrolinxcomsta.wpenginepowered.com\/de\/finanzdienstleistungen\/","url":"https:\/\/acrolinxcomsta.wpenginepowered.com\/de\/finanzdienstleistungen\/","name":"Branche \u2013 Finanzdienstleistungen - Acrolinx","isPartOf":{"@id":"https:\/\/acrolinxcomsta.wpenginepowered.com\/#website"},"primaryImageOfPage":{"@id":"https:\/\/acrolinxcomsta.wpenginepowered.com\/de\/finanzdienstleistungen\/#primaryimage"},"image":{"@id":"https:\/\/acrolinxcomsta.wpenginepowered.com\/de\/finanzdienstleistungen\/#primaryimage"},"thumbnailUrl":"https:\/\/acrolinxcomsta.wpenginepowered.com\/wp-content\/uploads\/2021\/03\/zz-financial-1-500x379.png","datePublished":"2021-04-15T10:06:49+00:00","dateModified":"2022-06-24T18:20:17+00:00","description":"Finanzdienstleistungsunternehmen profitieren von hochwertigem Content. Acrolinx macht Ihren Content gro\u00dfartig. Mit Sicherheit.","breadcrumb":{"@id":"https:\/\/acrolinxcomsta.wpenginepowered.com\/de\/finanzdienstleistungen\/#breadcrumb"},"inLanguage":"de-DE","potentialAction":[{"@type":"ReadAction","target":["https:\/\/acrolinxcomsta.wpenginepowered.com\/de\/finanzdienstleistungen\/"]}]},{"@type":"ImageObject","inLanguage":"de-DE","@id":"https:\/\/acrolinxcomsta.wpenginepowered.com\/de\/finanzdienstleistungen\/#primaryimage","url":"https:\/\/acrolinxcomsta.wpenginepowered.com\/wp-content\/uploads\/2021\/03\/zz-financial-1-500x379.png","contentUrl":"https:\/\/acrolinxcomsta.wpenginepowered.com\/wp-content\/uploads\/2021\/03\/zz-financial-1-500x379.png"},{"@type":"BreadcrumbList","@id":"https:\/\/acrolinxcomsta.wpenginepowered.com\/de\/finanzdienstleistungen\/#breadcrumb","itemListElement":[{"@type":"ListItem","position":1,"name":"Home","item":"https:\/\/acrolinxcomsta.wpenginepowered.com\/de\/"},{"@type":"ListItem","position":2,"name":"Branche \u2013 Finanzdienstleistungen"}]},{"@type":"WebSite","@id":"https:\/\/acrolinxcomsta.wpenginepowered.com\/#website","url":"https:\/\/acrolinxcomsta.wpenginepowered.com\/","name":"Acrolinx","description":"","publisher":{"@id":"https:\/\/acrolinxcomsta.wpenginepowered.com\/#organization"},"potentialAction":[{"@type":"SearchAction","target":{"@type":"EntryPoint","urlTemplate":"https:\/\/acrolinxcomsta.wpenginepowered.com\/?s={search_term_string}"},"query-input":"required name=search_term_string"}],"inLanguage":"de-DE"},{"@type":"Organization","@id":"https:\/\/acrolinxcomsta.wpenginepowered.com\/#organization","name":"Acrolinx","url":"https:\/\/acrolinxcomsta.wpenginepowered.com\/","logo":{"@type":"ImageObject","inLanguage":"de-DE","@id":"https:\/\/acrolinxcomsta.wpenginepowered.com\/#\/schema\/logo\/image\/","url":"https:\/\/acrolinxcomsta.wpenginepowered.com\/wp-content\/uploads\/2019\/02\/logo_2x.png","contentUrl":"https:\/\/acrolinxcomsta.wpenginepowered.com\/wp-content\/uploads\/2019\/02\/logo_2x.png","width":326,"height":56,"caption":"Acrolinx"},"image":{"@id":"https:\/\/acrolinxcomsta.wpenginepowered.com\/#\/schema\/logo\/image\/"},"sameAs":["https:\/\/www.facebook.com\/Acrolinxcc\/","https:\/\/x.com\/Acrolinx","https:\/\/www.linkedin.com\/company\/acrolinx","https:\/\/www.youtube.com\/user\/acrolinxIQ\/"]}]}},"_links":{"self":[{"href":"https:\/\/acrolinxcomsta.wpenginepowered.com\/de\/wp-json\/wp\/v2\/pages\/11097","targetHints":{"allow":["GET"]}}],"collection":[{"href":"https:\/\/acrolinxcomsta.wpenginepowered.com\/de\/wp-json\/wp\/v2\/pages"}],"about":[{"href":"https:\/\/acrolinxcomsta.wpenginepowered.com\/de\/wp-json\/wp\/v2\/types\/page"}],"author":[{"embeddable":true,"href":"https:\/\/acrolinxcomsta.wpenginepowered.com\/de\/wp-json\/wp\/v2\/users\/17"}],"replies":[{"embeddable":true,"href":"https:\/\/acrolinxcomsta.wpenginepowered.com\/de\/wp-json\/wp\/v2\/comments?post=11097"}],"version-history":[{"count":0,"href":"https:\/\/acrolinxcomsta.wpenginepowered.com\/de\/wp-json\/wp\/v2\/pages\/11097\/revisions"}],"wp:attachment":[{"href":"https:\/\/acrolinxcomsta.wpenginepowered.com\/de\/wp-json\/wp\/v2\/media?parent=11097"}],"wp:term":[{"taxonomy":"author","embeddable":true,"href":"https:\/\/acrolinxcomsta.wpenginepowered.com\/de\/wp-json\/wp\/v2\/coauthors?post=11097"}],"curies":[{"name":"wp","href":"https:\/\/api.w.org\/{rel}","templated":true}]}}