{"id":11098,"date":"2021-04-15T11:28:27","date_gmt":"2021-04-15T10:28:27","guid":{"rendered":"https:\/\/acrolinxcomsta.wpenginepowered.com\/?page_id=11098"},"modified":"2022-06-24T18:12:32","modified_gmt":"2022-06-24T17:12:32","slug":"life-sciences","status":"publish","type":"page","link":"https:\/\/acrolinxcomsta.wpenginepowered.com\/de\/life-sciences\/","title":{"rendered":"Branche \u2013 Life Sciences"},"content":{"rendered":"<!-- Standard Hero -->\n<section class=\"container-fluid hero pb-2 bg-light-lilac\">\n        <div class=\"row mb-lg-5 mb-3\">  \n\t\t\t    <div class=\"review-home\">\n\t\t\t\t\t\t\t\t\t\t\t\t\t<\/div>\n            <div class=\"inner-hero container d-flex py-3 px-lg-0 px-md-5 px-0\">\n            <!-- Text and button hero -->\n                        <ul id=\"scene\" class=\"scene wow fadeInRight\" data-wow-delay=\"0.6s\"> \n                <!-- need a first empty one for yet unknown reasons--><li data-depth=\"0.2\" class=\"layer\"><div class=\"empty\" \/><\/li>\n                <li data-depth=\"0.3\" class=\"layer\">\n                \n                    <div class=\"slice slice-one\" style=\"background-image: url(https:\/\/acrolinxcomsta.wpenginepowered.com\/wp-content\/uploads\/2021\/02\/hero-bg-parall-ls.png)\"\/>\n                <\/li>\n                <li data-depth=\"0.4\" class=\"layer\"><div class=\"slice slice-two\" style=\"background-image: url(https:\/\/acrolinxcomsta.wpenginepowered.com\/wp-content\/uploads\/2021\/02\/hero-layer1-parall-ls-1.png)\"\/><\/li>\n                                <li data-depth=\"0.6\" class=\"layer\"><div class=\"slice slice-three\" style=\"background-image: url(https:\/\/acrolinxcomsta.wpenginepowered.com\/wp-content\/uploads\/2021\/02\/hero-layer2-parall-ls.png)\"\/><\/li> \n                            <\/ul>\n                    \t<div class=\"wow fadeIn hero-text col-lg-6 col align-self-center order-lg-1 mt-lg-0 mt-4 mb-4\" data-wow-delay=\"0.1s\">\n                                <p class=\"wow fadeIn subheading-hero overheading-hero pt-2 pb-4 mb-1\" data-wow-delay=\"0.2s\"><strong>Acrolinx f\u00fcr die Life Sciences<\/strong><\/p>\n                        \t\t<h1 class=\"pr-4\">Gesunder Content f\u00fcr gesunde Communities        \t\t<\/h1>\n        \t\t<p class=\"wow fadeIn subheading-hero pt-2 pb-4 mb-1\" data-wow-delay=\"0.2s\">Guter Content kann auch Leben retten.<\/p>\n\t\t            \n\t\t                        \t\t        \t<a class=\"mb-3 wow fadeInUp btn-primary btn-lg btn cta-hero\" data-wow-delay=\"0.4s\" href=\"https:\/\/acrolinxcomsta.wpenginepowered.com\/product\/\/\" target=\"\">Entdecken Sie mehr<\/a>\n\t\t               \n        \t\t\t\t\t\t \n        \t<\/div> \n            <!-- video player custom test -->\n             \n                <\/div>\n                \n    <\/section>\n\n\n<div class=\"wp-block-columns container mt-5 mt-lg-5 mt-3 industry is-layout-flex wp-container-core-columns-is-layout-9d6595d7 wp-block-columns-is-layout-flex\">\n<div class=\"wp-block-column mx-lg-5 mx-2 order-last order-md-first is-layout-flow wp-block-column-is-layout-flow\">\n<ul class=\"scene zz-scene\"> \n        <!-- need a first empty one for yet unknown reasons--><li data-depth=\"0.2\" class=\"layer\"><div class=\"empty\"><\/div><\/li>\n        <li data-depth=\"0.4\" class=\"layer\"><div class=\"zz1 wow fadeIn\" data-wow-delay=\"0.2s\"><\/div><\/li>   \n    <\/ul>\n\n\n\n<figure class=\"wp-block-image size-full img-fluid wp-image-10556\"><img loading=\"lazy\" decoding=\"async\" width=\"900\" height=\"810\" src=\"https:\/\/acrolinxcomsta.wpenginepowered.com\/wp-content\/uploads\/2021\/02\/bg-ls-1.png\" alt=\"\" class=\"wp-image-10556\" srcset=\"https:\/\/acrolinxcomsta.wpenginepowered.com\/wp-content\/uploads\/2021\/02\/bg-ls-1.png 900w, https:\/\/acrolinxcomsta.wpenginepowered.com\/wp-content\/uploads\/2021\/02\/bg-ls-1-300x270.png 300w, https:\/\/acrolinxcomsta.wpenginepowered.com\/wp-content\/uploads\/2021\/02\/bg-ls-1-768x691.png 768w\" sizes=\"auto, (max-width: 706px) 89vw, (max-width: 767px) 82vw, 740px\" \/><\/figure>\n<\/div>\n\n\n\n<div class=\"wp-block-column mx-lg-5 mt-lg-5 mx-2 mt-4 pr-lg-5 pr-0 is-layout-flow wp-block-column-is-layout-flow\">\n<h3 class=\"wp-block-heading\">Schaffen Sie Vertrauen durch Content<\/h3>\n\n\n\n<p>Irgendwo im Meer von 1,7 Milliarden kommerziellen Websites befinden sich die Informationen, die jemand braucht, um sein oder ihr Problem zu l\u00f6sen. Ein Teil davon ist Ihr Content. Wie k\u00f6nnen Patient*innen, Gesundheitsdienstleister*innen und Forscher*innen wissen, dass sie die L\u00f6sung gefunden haben, die sie brauchen?<\/p>\n\n\n\n<p>Content schafft Vertrauen, wenn er verst\u00e4ndlich, pr\u00e4zise und einfach zu lesen ist und komplexe Informationen f\u00fcr unterschiedliche Zielgruppen zug\u00e4nglich macht.<\/p>\n<\/div>\n<\/div>\n\n\n\n<div class=\"wp-block-columns container mt-4 is-layout-flex wp-container-core-columns-is-layout-9d6595d7 wp-block-columns-is-layout-flex\">\n<div class=\"wp-block-column mx-lg-5 mt-lg-5 mx-2 mt-4 pr-lg-5 pr-0 is-layout-flow wp-block-column-is-layout-flow\">\n<h3 class=\"wp-block-heading\">Kommunizieren Sie mit Empathie<\/h3>\n\n\n\n<p>Die Life Sciences sind eine Branche, die wei\u00df, wie wichtig eine deutliche Kommunikation ist, wenn es um heikle Themen geht. Aber der emotionale Teil des Contents, vermittelt den Menschen ein Gef\u00fchl von Sicherheit und Geborgenheit.&nbsp;<\/p>\n\n\n\n<p>Deshalb bietet Acrolinx einen \u00dcberblick dar\u00fcber, wie Sie Emotionen in Ihrem Content einsetzen, damit Sie effektiv mit verschiedenen Interessengruppen kommunizieren k\u00f6nnen.<\/p>\n<\/div>\n\n\n\n<div class=\"wp-block-column mx-lg-5 mx-2 pr-lg-5 pr-0 justify-content-end is-layout-flow wp-block-column-is-layout-flow\">\n<div class=\"wp-block-image\"><figure class=\"aligncenter size-full is-resized\"><a href=\"https:\/\/acrolinxcomsta.wpenginepowered.com\/wp-content\/uploads\/2021\/02\/bg-ls-2.png\"><img loading=\"lazy\" decoding=\"async\" src=\"https:\/\/acrolinxcomsta.wpenginepowered.com\/wp-content\/uploads\/2021\/02\/bg-ls-2.png\" alt=\"\" class=\"wp-image-10557\" width=\"242\" height=\"354\" srcset=\"https:\/\/acrolinxcomsta.wpenginepowered.com\/wp-content\/uploads\/2021\/02\/bg-ls-2.png 322w, https:\/\/acrolinxcomsta.wpenginepowered.com\/wp-content\/uploads\/2021\/02\/bg-ls-2-205x300.png 205w\" sizes=\"auto, (max-width: 242px) 100vw, 242px\" \/><\/a><\/figure><\/div>\n\n\n\n<ul class=\"scene zz-scene\"> \n        <!-- need a first empty one for yet unknown reasons--><li data-depth=\"0.2\" class=\"layer\"><div class=\"empty\"><\/div><\/li>\n        <li data-depth=\"0.4\" class=\"layer\"><div class=\"zz2 wow fadeIn\" data-wow-delay=\"0.2s\"><\/div><\/li>   \n    <\/ul>\n<\/div>\n<\/div>\n\n\n\n<div class=\"wp-block-columns container mb-5 pb-5 is-layout-flex wp-container-core-columns-is-layout-9d6595d7 wp-block-columns-is-layout-flex\">\n<div class=\"wp-block-column mx-lg-5 mx-2 pr-lg-5 pr-0 order-last order-md-first is-layout-flow wp-block-column-is-layout-flow\">\n<div class=\"wp-block-image wp-image-10558 img-fluid\"><figure class=\"aligncenter size-full is-resized\"><a href=\"https:\/\/acrolinxcomsta.wpenginepowered.com\/wp-content\/uploads\/2021\/02\/bg-ls-3-2.png\"><img loading=\"lazy\" decoding=\"async\" src=\"https:\/\/acrolinxcomsta.wpenginepowered.com\/wp-content\/uploads\/2021\/02\/bg-ls-3-2.png\" alt=\"\" class=\"wp-image-10574\" width=\"411\" height=\"408\" srcset=\"https:\/\/acrolinxcomsta.wpenginepowered.com\/wp-content\/uploads\/2021\/02\/bg-ls-3-2.png 822w, https:\/\/acrolinxcomsta.wpenginepowered.com\/wp-content\/uploads\/2021\/02\/bg-ls-3-2-300x298.png 300w, https:\/\/acrolinxcomsta.wpenginepowered.com\/wp-content\/uploads\/2021\/02\/bg-ls-3-2-150x150.png 150w, https:\/\/acrolinxcomsta.wpenginepowered.com\/wp-content\/uploads\/2021\/02\/bg-ls-3-2-768x762.png 768w, https:\/\/acrolinxcomsta.wpenginepowered.com\/wp-content\/uploads\/2021\/02\/bg-ls-3-2-100x100.png 100w\" sizes=\"auto, (max-width: 411px) 100vw, 411px\" \/><\/a><\/figure><\/div>\n\n\n\n<ul class=\"scene zz-scene\"> \n        <!-- need a first empty one for yet unknown reasons--><li data-depth=\"0.2\" class=\"layer\"><div class=\"empty\"><\/div><\/li>\n        <li data-depth=\"0.4\" class=\"layer\"><div class=\"zz3 wow fadeIn\" data-wow-delay=\"0.2s\"><\/div><\/li>   \n    <\/ul>\n<\/div>\n\n\n\n<div class=\"wp-block-column mx-lg-5 mx-2 pr-lg-5 pr-0 is-layout-flow wp-block-column-is-layout-flow\">\n<h3 class=\"wp-block-heading\">Halten Sie sich an gesetzliche Vorschriften<\/h3>\n\n\n\n<p>Acrolinx hilft Ihnen dabei, den juristischen Pr\u00fcfungsprozess zu vereinfachen, indem es Sie bei der Erstellung pr\u00e4ziser Produktinformationen \u00fcber globale Teams hinweg unterst\u00fctzt. Mit verst\u00e4ndlichem, \u00fcbersichtlichem Content k\u00f6nnen Sie Unklarheiten in Ihren Standard Operating Procedures reduzieren und benutzerfreundliche Anleitungen oder informativen Content ver\u00f6ffentlichen.&nbsp;<br><br>Ist es Zeit f\u00fcr eine Wartung? Aktualisieren und verwalten Sie in Echtzeit die Terminologie f\u00fcr mehrsprachiges Beschriftungs-, Rechts- und Forschungsmaterial, und senken Sie die Kosten f\u00fcr \u00dcbersetzung und Lokalisierung mit verst\u00e4ndlichem, kompaktem Ausgangs-Content.<\/p>\n<\/div>\n<\/div>\n","protected":false},"excerpt":{"rendered":"<p>Schaffen Sie Vertrauen durch Content Irgendwo im Meer von 1,7 Milliarden kommerziellen Websites befinden sich die Informationen, die jemand braucht, um sein oder ihr Problem zu l\u00f6sen. Ein &hellip; <\/p>\n<p class=\"link-more\"><a href=\"https:\/\/acrolinxcomsta.wpenginepowered.com\/de\/life-sciences\/\" class=\"more-link\">Continue reading<span class=\"screen-reader-text\"> &#8222;Branche \u2013 Life Sciences&#8220;<\/span><\/a><\/p>\n","protected":false},"author":17,"featured_media":0,"parent":0,"menu_order":0,"comment_status":"closed","ping_status":"closed","template":"industry.php","meta":{"_acf_changed":false,"footnotes":"","_links_to":"","_links_to_target":""},"coauthors":[72],"class_list":["post-11098","page","type-page","status-publish","hentry"],"acf":[],"yoast_head":"<!-- This site is optimized with the Yoast SEO plugin v23.2 - https:\/\/yoast.com\/wordpress\/plugins\/seo\/ -->\n<title>Branche \u2013 Life Sciences - Acrolinx<\/title>\n<meta name=\"description\" content=\"Mit unserer Plattform erstellen Life-Science-Unternehmen empathischen, sicheren Content, der Vertrauen weckt.\" \/>\n<meta name=\"robots\" content=\"noindex, follow, max-snippet:-1, max-image-preview:large, max-video-preview:-1\" \/>\n<meta property=\"og:locale\" content=\"de_DE\" \/>\n<meta property=\"og:type\" content=\"article\" \/>\n<meta property=\"og:title\" content=\"Branche \u2013 Life Sciences - Acrolinx\" \/>\n<meta property=\"og:description\" content=\"Mit unserer Plattform erstellen Life-Science-Unternehmen empathischen, sicheren Content, der Vertrauen weckt.\" \/>\n<meta property=\"og:url\" content=\"https:\/\/acrolinxcomsta.wpenginepowered.com\/de\/life-sciences\/\" \/>\n<meta property=\"og:site_name\" content=\"Acrolinx\" \/>\n<meta property=\"article:publisher\" content=\"https:\/\/www.facebook.com\/Acrolinxcc\/\" \/>\n<meta property=\"article:modified_time\" content=\"2022-06-24T17:12:32+00:00\" \/>\n<meta property=\"og:image\" content=\"https:\/\/acrolinxcomsta.wpenginepowered.com\/wp-content\/uploads\/2021\/02\/bg-ls-1.png\" \/>\n<meta name=\"twitter:card\" content=\"summary_large_image\" \/>\n<meta name=\"twitter:site\" content=\"@Acrolinx\" \/>\n<meta name=\"twitter:label1\" content=\"Gesch\u00e4tzte Lesezeit\" \/>\n\t<meta name=\"twitter:data1\" content=\"2 Minuten\" \/>\n\t<meta name=\"twitter:label2\" content=\"Written by\" \/>\n\t<meta name=\"twitter:data2\" content=\"Alice Admin\" \/>\n<script type=\"application\/ld+json\" class=\"yoast-schema-graph\">{\"@context\":\"https:\/\/schema.org\",\"@graph\":[{\"@type\":\"WebPage\",\"@id\":\"https:\/\/acrolinxcomsta.wpenginepowered.com\/de\/life-sciences\/\",\"url\":\"https:\/\/acrolinxcomsta.wpenginepowered.com\/de\/life-sciences\/\",\"name\":\"Branche \u2013 Life Sciences - Acrolinx\",\"isPartOf\":{\"@id\":\"https:\/\/acrolinxcomsta.wpenginepowered.com\/#website\"},\"primaryImageOfPage\":{\"@id\":\"https:\/\/acrolinxcomsta.wpenginepowered.com\/de\/life-sciences\/#primaryimage\"},\"image\":{\"@id\":\"https:\/\/acrolinxcomsta.wpenginepowered.com\/de\/life-sciences\/#primaryimage\"},\"thumbnailUrl\":\"https:\/\/acrolinxcomsta.wpenginepowered.com\/wp-content\/uploads\/2021\/02\/bg-ls-1.png\",\"datePublished\":\"2021-04-15T10:28:27+00:00\",\"dateModified\":\"2022-06-24T17:12:32+00:00\",\"description\":\"Mit unserer Plattform erstellen Life-Science-Unternehmen empathischen, sicheren Content, der Vertrauen weckt.\",\"breadcrumb\":{\"@id\":\"https:\/\/acrolinxcomsta.wpenginepowered.com\/de\/life-sciences\/#breadcrumb\"},\"inLanguage\":\"de-DE\",\"potentialAction\":[{\"@type\":\"ReadAction\",\"target\":[\"https:\/\/acrolinxcomsta.wpenginepowered.com\/de\/life-sciences\/\"]}]},{\"@type\":\"ImageObject\",\"inLanguage\":\"de-DE\",\"@id\":\"https:\/\/acrolinxcomsta.wpenginepowered.com\/de\/life-sciences\/#primaryimage\",\"url\":\"https:\/\/acrolinxcomsta.wpenginepowered.com\/wp-content\/uploads\/2021\/02\/bg-ls-1.png\",\"contentUrl\":\"https:\/\/acrolinxcomsta.wpenginepowered.com\/wp-content\/uploads\/2021\/02\/bg-ls-1.png\"},{\"@type\":\"BreadcrumbList\",\"@id\":\"https:\/\/acrolinxcomsta.wpenginepowered.com\/de\/life-sciences\/#breadcrumb\",\"itemListElement\":[{\"@type\":\"ListItem\",\"position\":1,\"name\":\"Home\",\"item\":\"https:\/\/acrolinxcomsta.wpenginepowered.com\/de\/\"},{\"@type\":\"ListItem\",\"position\":2,\"name\":\"Branche \u2013 Life Sciences\"}]},{\"@type\":\"WebSite\",\"@id\":\"https:\/\/acrolinxcomsta.wpenginepowered.com\/#website\",\"url\":\"https:\/\/acrolinxcomsta.wpenginepowered.com\/\",\"name\":\"Acrolinx\",\"description\":\"\",\"publisher\":{\"@id\":\"https:\/\/acrolinxcomsta.wpenginepowered.com\/#organization\"},\"potentialAction\":[{\"@type\":\"SearchAction\",\"target\":{\"@type\":\"EntryPoint\",\"urlTemplate\":\"https:\/\/acrolinxcomsta.wpenginepowered.com\/?s={search_term_string}\"},\"query-input\":\"required name=search_term_string\"}],\"inLanguage\":\"de-DE\"},{\"@type\":\"Organization\",\"@id\":\"https:\/\/acrolinxcomsta.wpenginepowered.com\/#organization\",\"name\":\"Acrolinx\",\"url\":\"https:\/\/acrolinxcomsta.wpenginepowered.com\/\",\"logo\":{\"@type\":\"ImageObject\",\"inLanguage\":\"de-DE\",\"@id\":\"https:\/\/acrolinxcomsta.wpenginepowered.com\/#\/schema\/logo\/image\/\",\"url\":\"https:\/\/acrolinxcomsta.wpenginepowered.com\/wp-content\/uploads\/2019\/02\/logo_2x.png\",\"contentUrl\":\"https:\/\/acrolinxcomsta.wpenginepowered.com\/wp-content\/uploads\/2019\/02\/logo_2x.png\",\"width\":326,\"height\":56,\"caption\":\"Acrolinx\"},\"image\":{\"@id\":\"https:\/\/acrolinxcomsta.wpenginepowered.com\/#\/schema\/logo\/image\/\"},\"sameAs\":[\"https:\/\/www.facebook.com\/Acrolinxcc\/\",\"https:\/\/x.com\/Acrolinx\",\"https:\/\/www.linkedin.com\/company\/acrolinx\",\"https:\/\/www.youtube.com\/user\/acrolinxIQ\/\"]}]}<\/script>\n<!-- \/ Yoast SEO plugin. -->","yoast_head_json":{"title":"Branche \u2013 Life Sciences - Acrolinx","description":"Mit unserer Plattform erstellen Life-Science-Unternehmen empathischen, sicheren Content, der Vertrauen weckt.","robots":{"index":"noindex","follow":"follow","max-snippet":"max-snippet:-1","max-image-preview":"max-image-preview:large","max-video-preview":"max-video-preview:-1"},"og_locale":"de_DE","og_type":"article","og_title":"Branche \u2013 Life Sciences - Acrolinx","og_description":"Mit unserer Plattform erstellen Life-Science-Unternehmen empathischen, sicheren Content, der Vertrauen weckt.","og_url":"https:\/\/acrolinxcomsta.wpenginepowered.com\/de\/life-sciences\/","og_site_name":"Acrolinx","article_publisher":"https:\/\/www.facebook.com\/Acrolinxcc\/","article_modified_time":"2022-06-24T17:12:32+00:00","og_image":[{"url":"https:\/\/acrolinxcomsta.wpenginepowered.com\/wp-content\/uploads\/2021\/02\/bg-ls-1.png"}],"twitter_card":"summary_large_image","twitter_site":"@Acrolinx","twitter_misc":{"Gesch\u00e4tzte Lesezeit":"2 Minuten","Written by":"Alice Admin"},"schema":{"@context":"https:\/\/schema.org","@graph":[{"@type":"WebPage","@id":"https:\/\/acrolinxcomsta.wpenginepowered.com\/de\/life-sciences\/","url":"https:\/\/acrolinxcomsta.wpenginepowered.com\/de\/life-sciences\/","name":"Branche \u2013 Life Sciences - Acrolinx","isPartOf":{"@id":"https:\/\/acrolinxcomsta.wpenginepowered.com\/#website"},"primaryImageOfPage":{"@id":"https:\/\/acrolinxcomsta.wpenginepowered.com\/de\/life-sciences\/#primaryimage"},"image":{"@id":"https:\/\/acrolinxcomsta.wpenginepowered.com\/de\/life-sciences\/#primaryimage"},"thumbnailUrl":"https:\/\/acrolinxcomsta.wpenginepowered.com\/wp-content\/uploads\/2021\/02\/bg-ls-1.png","datePublished":"2021-04-15T10:28:27+00:00","dateModified":"2022-06-24T17:12:32+00:00","description":"Mit unserer Plattform erstellen Life-Science-Unternehmen empathischen, sicheren Content, der Vertrauen weckt.","breadcrumb":{"@id":"https:\/\/acrolinxcomsta.wpenginepowered.com\/de\/life-sciences\/#breadcrumb"},"inLanguage":"de-DE","potentialAction":[{"@type":"ReadAction","target":["https:\/\/acrolinxcomsta.wpenginepowered.com\/de\/life-sciences\/"]}]},{"@type":"ImageObject","inLanguage":"de-DE","@id":"https:\/\/acrolinxcomsta.wpenginepowered.com\/de\/life-sciences\/#primaryimage","url":"https:\/\/acrolinxcomsta.wpenginepowered.com\/wp-content\/uploads\/2021\/02\/bg-ls-1.png","contentUrl":"https:\/\/acrolinxcomsta.wpenginepowered.com\/wp-content\/uploads\/2021\/02\/bg-ls-1.png"},{"@type":"BreadcrumbList","@id":"https:\/\/acrolinxcomsta.wpenginepowered.com\/de\/life-sciences\/#breadcrumb","itemListElement":[{"@type":"ListItem","position":1,"name":"Home","item":"https:\/\/acrolinxcomsta.wpenginepowered.com\/de\/"},{"@type":"ListItem","position":2,"name":"Branche \u2013 Life Sciences"}]},{"@type":"WebSite","@id":"https:\/\/acrolinxcomsta.wpenginepowered.com\/#website","url":"https:\/\/acrolinxcomsta.wpenginepowered.com\/","name":"Acrolinx","description":"","publisher":{"@id":"https:\/\/acrolinxcomsta.wpenginepowered.com\/#organization"},"potentialAction":[{"@type":"SearchAction","target":{"@type":"EntryPoint","urlTemplate":"https:\/\/acrolinxcomsta.wpenginepowered.com\/?s={search_term_string}"},"query-input":"required name=search_term_string"}],"inLanguage":"de-DE"},{"@type":"Organization","@id":"https:\/\/acrolinxcomsta.wpenginepowered.com\/#organization","name":"Acrolinx","url":"https:\/\/acrolinxcomsta.wpenginepowered.com\/","logo":{"@type":"ImageObject","inLanguage":"de-DE","@id":"https:\/\/acrolinxcomsta.wpenginepowered.com\/#\/schema\/logo\/image\/","url":"https:\/\/acrolinxcomsta.wpenginepowered.com\/wp-content\/uploads\/2019\/02\/logo_2x.png","contentUrl":"https:\/\/acrolinxcomsta.wpenginepowered.com\/wp-content\/uploads\/2019\/02\/logo_2x.png","width":326,"height":56,"caption":"Acrolinx"},"image":{"@id":"https:\/\/acrolinxcomsta.wpenginepowered.com\/#\/schema\/logo\/image\/"},"sameAs":["https:\/\/www.facebook.com\/Acrolinxcc\/","https:\/\/x.com\/Acrolinx","https:\/\/www.linkedin.com\/company\/acrolinx","https:\/\/www.youtube.com\/user\/acrolinxIQ\/"]}]}},"_links":{"self":[{"href":"https:\/\/acrolinxcomsta.wpenginepowered.com\/de\/wp-json\/wp\/v2\/pages\/11098","targetHints":{"allow":["GET"]}}],"collection":[{"href":"https:\/\/acrolinxcomsta.wpenginepowered.com\/de\/wp-json\/wp\/v2\/pages"}],"about":[{"href":"https:\/\/acrolinxcomsta.wpenginepowered.com\/de\/wp-json\/wp\/v2\/types\/page"}],"author":[{"embeddable":true,"href":"https:\/\/acrolinxcomsta.wpenginepowered.com\/de\/wp-json\/wp\/v2\/users\/17"}],"replies":[{"embeddable":true,"href":"https:\/\/acrolinxcomsta.wpenginepowered.com\/de\/wp-json\/wp\/v2\/comments?post=11098"}],"version-history":[{"count":0,"href":"https:\/\/acrolinxcomsta.wpenginepowered.com\/de\/wp-json\/wp\/v2\/pages\/11098\/revisions"}],"wp:attachment":[{"href":"https:\/\/acrolinxcomsta.wpenginepowered.com\/de\/wp-json\/wp\/v2\/media?parent=11098"}],"wp:term":[{"taxonomy":"author","embeddable":true,"href":"https:\/\/acrolinxcomsta.wpenginepowered.com\/de\/wp-json\/wp\/v2\/coauthors?post=11098"}],"curies":[{"name":"wp","href":"https:\/\/api.w.org\/{rel}","templated":true}]}}