{"id":11099,"date":"2021-04-15T11:39:28","date_gmt":"2021-04-15T10:39:28","guid":{"rendered":"https:\/\/acrolinxcomsta.wpenginepowered.com\/?page_id=11099"},"modified":"2022-08-09T11:33:23","modified_gmt":"2022-08-09T10:33:23","slug":"tech-industrie","status":"publish","type":"page","link":"https:\/\/acrolinxcomsta.wpenginepowered.com\/de\/tech-industrie\/","title":{"rendered":"Branche \u2013 Tech-Industrie"},"content":{"rendered":"<!-- Standard Hero -->\n<section class=\"container-fluid hero pb-2 bg-light-turq\">\n        <div class=\"row mb-lg-5 mb-3\">  \n\t\t\t    <div class=\"review-home\">\n\t\t\t\t\t\t\t\t\t\t\t\t\t<\/div>\n            <div class=\"inner-hero container d-flex py-3 px-lg-0 px-md-5 px-0\">\n            <!-- Text and button hero -->\n                        <ul id=\"scene\" class=\"scene wow fadeInRight\" data-wow-delay=\"0.6s\"> \n                <!-- need a first empty one for yet unknown reasons--><li data-depth=\"0.2\" class=\"layer\"><div class=\"empty\" \/><\/li>\n                <li data-depth=\"0.3\" class=\"layer\">\n                \n                    <div class=\"slice slice-one\" style=\"background-image: url(https:\/\/acrolinxcomsta.wpenginepowered.com\/wp-content\/uploads\/2021\/03\/parall-1-hero-tech.png)\"\/>\n                <\/li>\n                <li data-depth=\"0.4\" class=\"layer\"><div class=\"slice slice-two\" style=\"background-image: url(https:\/\/acrolinxcomsta.wpenginepowered.com\/wp-content\/uploads\/2021\/03\/parall-2-hero-tech.png)\"\/><\/li>\n                                <li data-depth=\"0.6\" class=\"layer\"><div class=\"slice slice-three\" style=\"background-image: url(https:\/\/acrolinxcomsta.wpenginepowered.com\/wp-content\/uploads\/2021\/03\/parall-3-hero-tech.png)\"\/><\/li> \n                            <\/ul>\n                    \t<div class=\"wow fadeIn hero-text col-lg-6 col align-self-center order-lg-1 mt-lg-0 mt-4 mb-4\" data-wow-delay=\"0.1s\">\n                                <p class=\"wow fadeIn subheading-hero overheading-hero pt-2 pb-4 mb-1\" data-wow-delay=\"0.2s\"><strong>Acrolinx f\u00fcr die Tech-Industrie<\/strong><\/p>\n                        \t\t<h1 class=\"pr-4\">Sauberer Code, lupenreine Dokumentation        \t\t<\/h1>\n        \t\t<p class=\"wow fadeIn subheading-hero pt-2 pb-4 mb-1\" data-wow-delay=\"0.2s\">Effiziente Content-Erstellung, egal womit Sie arbeiten.<\/p>\n\t\t            \n\t\t                        \t\t        \t<a class=\"mb-3 wow fadeInUp btn-primary btn-lg btn cta-hero\" data-wow-delay=\"0.4s\" href=\"https:\/\/acrolinxcomsta.wpenginepowered.com\/for-technical-communication\/\" target=\"\">Entdecken Sie mehr<\/a>\n\t\t               \n        \t\t\t\t\t\t \n        \t<\/div> \n            <!-- video player custom test -->\n             \n                <\/div>\n                \n    <\/section>\n\n\n<div class=\"wp-block-columns mt-4 is-layout-flex wp-container-core-columns-is-layout-9d6595d7 wp-block-columns-is-layout-flex\">\n<div class=\"wp-block-column is-layout-flow wp-block-column-is-layout-flow\" style=\"flex-basis:100%\">\n<div class=\"wp-block-columns container mt-5 industry is-layout-flex wp-container-core-columns-is-layout-9d6595d7 wp-block-columns-is-layout-flex\">\n<div class=\"wp-block-column mx-lg-5 mx-2 order-last order-md-first is-layout-flow wp-block-column-is-layout-flow\">\n<ul class=\"scene zz-scene\"> \n        <!-- need a first empty one--><li data-depth=\"0.2\" class=\"layer\"><div class=\"empty\"><\/div><\/li>\n        <li data-depth=\"0.4\" class=\"layer\"><div class=\"zz1 wow fadeIn\" data-wow-delay=\"0.2s\"><\/div><\/li>   \n    <\/ul>\n\n\n\n<figure class=\"wp-block-image size-large img-fluid wp-image-10556\"><a href=\"https:\/\/acrolinxcomsta.wpenginepowered.com\/wp-content\/uploads\/2021\/03\/bg-zz1-tech.png\"><img loading=\"lazy\" decoding=\"async\" width=\"500\" height=\"458\" src=\"https:\/\/acrolinxcomsta.wpenginepowered.com\/wp-content\/uploads\/2021\/03\/bg-zz1-tech-500x458.png\" alt=\"\" class=\"wp-image-10622\" srcset=\"https:\/\/acrolinxcomsta.wpenginepowered.com\/wp-content\/uploads\/2021\/03\/bg-zz1-tech-500x458.png 500w, https:\/\/acrolinxcomsta.wpenginepowered.com\/wp-content\/uploads\/2021\/03\/bg-zz1-tech-300x275.png 300w, https:\/\/acrolinxcomsta.wpenginepowered.com\/wp-content\/uploads\/2021\/03\/bg-zz1-tech-768x704.png 768w, https:\/\/acrolinxcomsta.wpenginepowered.com\/wp-content\/uploads\/2021\/03\/bg-zz1-tech.png 960w\" sizes=\"auto, (max-width: 500px) 100vw, 500px\" \/><\/a><\/figure>\n<\/div>\n\n\n\n<div class=\"wp-block-column mx-lg-5 pr-lg-5 pr-0 mx-0 is-layout-flow wp-block-column-is-layout-flow\">\n<h3 class=\"wp-block-heading\" style=\"line-height:1.5\">Unkomplizierte Content-Workflows<\/h3>\n\n\n\n<p>Ihre Markenreputation h\u00e4ngt von der Qualit\u00e4t Ihres Produkt-Contents ab &#8211; von der Entwicklung Ihres Produkts \u00fcber die Markteinf\u00fchrung bis hin zu jedem Ber\u00fchrungspunkt entlang des Customer Journeys. Aber durch schnellere Produktver\u00f6ffentlichungszyklen k\u00f6nnen die Arbeitsabl\u00e4ufe zur Erstellung von Content chaotisch werden.<\/p>\n\n\n\n<p>Deshalb l\u00e4sst sich Acrolinx dort integrieren, wo Entwicklungsteams arbeiten. Die Plattform reduziert den Zeitaufwand, der f\u00fcr die Suche nach dem richtigen Stil oder der richtigen Terminologie f\u00fcr verschiedene Produkte oder Content-Typen ben\u00f6tigt wird. Es hilft Innovator*innen dabei, flotten, benutzerfreundlichen Content ohne zus\u00e4tzlichen Stress oder Un\u00fcbersichtlichkeit zu schreiben.<\/p>\n<\/div>\n<\/div>\n<\/div>\n<\/div>\n\n\n\n<div class=\"wp-block-columns container mb-5 is-layout-flex wp-container-core-columns-is-layout-9d6595d7 wp-block-columns-is-layout-flex\">\n<div class=\"wp-block-column mx-lg-5 pr-lg-5 pr-0 mx-0 is-layout-flow wp-block-column-is-layout-flow\">\n<h3 class=\"wp-block-heading\">Sie sind kein*e Texter*in? Kein Problem!<\/h3>\n\n\n\n<p>Heutzutage kann nahezu jede*r in die Rolle der Content-Ersteller*in schl\u00fcpfen. Internationale Teams auf der ganzen Welt erstellen fremdsprachlichen Content. Das wird nur dann zum Problem, wenn unterschiedliche Stimmen und Schreibstile Ihre Markenstimme verw\u00e4ssern.&nbsp;<\/p>\n\n\n\n<p>Die Kosten f\u00fcr die \u00dcbersetzung und Lokalisierung von inkonsistentem Content sind hoch. Aber dank Acrolinx k\u00f6nnen Autoren jeden Kalibers ihre beste Arbeit abliefern &#8211; und durch ihren Content eine einheitliche Kundenerfahrung schaffen.<\/p>\n<\/div>\n\n\n\n<div class=\"wp-block-column mx-lg-5 pr-lg-5 pr-0 mx-0 justify-content-end is-layout-flow wp-block-column-is-layout-flow\">\n<div class=\"wp-block-image\"><figure class=\"aligncenter size-large is-resized\"><a href=\"https:\/\/acrolinxcomsta.wpenginepowered.com\/wp-content\/uploads\/2021\/03\/bg-zz2-tech.png\"><img loading=\"lazy\" decoding=\"async\" src=\"https:\/\/acrolinxcomsta.wpenginepowered.com\/wp-content\/uploads\/2021\/03\/bg-zz2-tech-500x490.png\" alt=\"\" class=\"wp-image-10623\" width=\"316\" height=\"310\" srcset=\"https:\/\/acrolinxcomsta.wpenginepowered.com\/wp-content\/uploads\/2021\/03\/bg-zz2-tech-500x490.png 500w, https:\/\/acrolinxcomsta.wpenginepowered.com\/wp-content\/uploads\/2021\/03\/bg-zz2-tech-300x294.png 300w, https:\/\/acrolinxcomsta.wpenginepowered.com\/wp-content\/uploads\/2021\/03\/bg-zz2-tech.png 768w\" sizes=\"auto, (max-width: 316px) 100vw, 316px\" \/><\/a><\/figure><\/div>\n\n\n\n<ul class=\"scene zz-scene\"> \n        <!-- need a first empty one--><li data-depth=\"0.2\" class=\"layer\"><div class=\"empty\"><\/div><\/li>\n        <li data-depth=\"0.4\" class=\"layer\"><div class=\"zz2 wow fadeIn\" data-wow-delay=\"0.2s\"><\/div><\/li>   \n    <\/ul>\n\n\n\n<p><\/p>\n<\/div>\n<\/div>\n\n\n\n<div class=\"wp-block-columns container is-layout-flex wp-container-core-columns-is-layout-9d6595d7 wp-block-columns-is-layout-flex\">\n<div class=\"wp-block-column mx-lg-5 pr-lg-5 pr-0 mx-0 order-last order-md-first is-layout-flow wp-block-column-is-layout-flow\">\n<figure class=\"wp-block-image size-large mx-5\"><img loading=\"lazy\" decoding=\"async\" width=\"500\" height=\"492\" src=\"https:\/\/acrolinxcomsta.wpenginepowered.com\/wp-content\/uploads\/2021\/03\/bg-zz3-tech-500x492.png\" alt=\"\" class=\"wp-image-10625\" srcset=\"https:\/\/acrolinxcomsta.wpenginepowered.com\/wp-content\/uploads\/2021\/03\/bg-zz3-tech-500x492.png 500w, https:\/\/acrolinxcomsta.wpenginepowered.com\/wp-content\/uploads\/2021\/03\/bg-zz3-tech-300x295.png 300w, https:\/\/acrolinxcomsta.wpenginepowered.com\/wp-content\/uploads\/2021\/03\/bg-zz3-tech-768x755.png 768w, https:\/\/acrolinxcomsta.wpenginepowered.com\/wp-content\/uploads\/2021\/03\/bg-zz3-tech.png 960w\" sizes=\"auto, (max-width: 500px) 100vw, 500px\" \/><\/figure>\n\n\n\n<ul class=\"scene zz-scene\"> \n        <!-- need a first empty one--><li data-depth=\"0.2\" class=\"layer\"><div class=\"empty\"><\/div><\/li>\n        <li data-depth=\"0.4\" class=\"layer\"><div class=\"zz3 wow fadeIn\" data-wow-delay=\"0.2s\"><\/div><\/li>   \n    <\/ul>\n<\/div>\n\n\n\n<div class=\"wp-block-column mx-lg-5 pr-lg-5 pr-0 mx-0 is-layout-flow wp-block-column-is-layout-flow\">\n<h3 class=\"wp-block-heading\">Flexibilit\u00e4t trifft auf absolute Sicherheit<\/h3>\n\n\n\n<p>Sich \u00e4ndernde regulatorische Anforderungen erfordern eine zentralisierte Steuerung Ihrer Content-Richtlinien. Mit einem fortschrittlichen Terminologie-Management und Sprachpr\u00fcfung f\u00fcr gendergerechte Sprache, sorgt Acrolinx daf\u00fcr, dass Ihr Content regelkonform und f\u00fcr ein vielf\u00e4ltiges Publikum ausgelegt ist.&nbsp;<\/p>\n\n\n\n<p>Und die Automatisierung kann mithilfe der Acrolinx-API routinem\u00e4\u00dfige Compliance-Pr\u00fcfungen f\u00fcr gro\u00dfe Content-Datens\u00e4tze durchf\u00fchren. Acrolinx erkennt auch fast jeden Dateityp. Das ist ein \u00e4u\u00dferst flexibler Weg, um Ihr Ziel von 100 % Compliance zu erreichen!<\/p>\n<\/div>\n<\/div>\n","protected":false},"excerpt":{"rendered":"<p>Unkomplizierte Content-Workflows Ihre Markenreputation h\u00e4ngt von der Qualit\u00e4t Ihres Produkt-Contents ab &#8211; von der Entwicklung Ihres Produkts \u00fcber die Markteinf\u00fchrung bis hin zu jedem Ber\u00fchrungspunkt entlang des Customer &hellip; <\/p>\n<p class=\"link-more\"><a href=\"https:\/\/acrolinxcomsta.wpenginepowered.com\/de\/tech-industrie\/\" class=\"more-link\">Continue reading<span class=\"screen-reader-text\"> &#8222;Branche \u2013 Tech-Industrie&#8220;<\/span><\/a><\/p>\n","protected":false},"author":17,"featured_media":0,"parent":0,"menu_order":0,"comment_status":"closed","ping_status":"closed","template":"industry.php","meta":{"_acf_changed":false,"footnotes":"","_links_to":"","_links_to_target":""},"coauthors":[72],"class_list":["post-11099","page","type-page","status-publish","hentry"],"acf":[],"yoast_head":"<!-- This site is optimized with the Yoast SEO plugin v23.2 - https:\/\/yoast.com\/wordpress\/plugins\/seo\/ -->\n<title>Branche \u2013 Tech-Industrie - Acrolinx<\/title>\n<meta name=\"description\" content=\"Content f\u00fcr die Tech-Industrie muss klar, sicher und effizient sein. Acrolinx sorgt f\u00fcr unkomplizierte Content-Workflows und lupenreine Dokumentation.\" \/>\n<meta name=\"robots\" content=\"noindex, follow, max-snippet:-1, max-image-preview:large, max-video-preview:-1\" \/>\n<meta property=\"og:locale\" content=\"de_DE\" \/>\n<meta property=\"og:type\" content=\"article\" \/>\n<meta property=\"og:title\" content=\"Branche \u2013 Tech-Industrie - Acrolinx\" \/>\n<meta property=\"og:description\" content=\"Content f\u00fcr die Tech-Industrie muss klar, sicher und effizient sein. Acrolinx sorgt f\u00fcr unkomplizierte Content-Workflows und lupenreine Dokumentation.\" \/>\n<meta property=\"og:url\" content=\"https:\/\/acrolinxcomsta.wpenginepowered.com\/de\/tech-industrie\/\" \/>\n<meta property=\"og:site_name\" content=\"Acrolinx\" \/>\n<meta property=\"article:publisher\" content=\"https:\/\/www.facebook.com\/Acrolinxcc\/\" \/>\n<meta property=\"article:modified_time\" content=\"2022-08-09T10:33:23+00:00\" \/>\n<meta property=\"og:image\" content=\"https:\/\/acrolinxcomsta.wpenginepowered.com\/wp-content\/uploads\/2021\/03\/bg-zz1-tech-500x458.png\" \/>\n<meta name=\"twitter:card\" content=\"summary_large_image\" \/>\n<meta name=\"twitter:site\" content=\"@Acrolinx\" \/>\n<meta name=\"twitter:label1\" content=\"Gesch\u00e4tzte Lesezeit\" \/>\n\t<meta name=\"twitter:data1\" content=\"2 Minuten\" \/>\n\t<meta name=\"twitter:label2\" content=\"Written by\" \/>\n\t<meta name=\"twitter:data2\" content=\"Alice Admin\" \/>\n<script type=\"application\/ld+json\" class=\"yoast-schema-graph\">{\"@context\":\"https:\/\/schema.org\",\"@graph\":[{\"@type\":\"WebPage\",\"@id\":\"https:\/\/acrolinxcomsta.wpenginepowered.com\/de\/tech-industrie\/\",\"url\":\"https:\/\/acrolinxcomsta.wpenginepowered.com\/de\/tech-industrie\/\",\"name\":\"Branche \u2013 Tech-Industrie - Acrolinx\",\"isPartOf\":{\"@id\":\"https:\/\/acrolinxcomsta.wpenginepowered.com\/#website\"},\"primaryImageOfPage\":{\"@id\":\"https:\/\/acrolinxcomsta.wpenginepowered.com\/de\/tech-industrie\/#primaryimage\"},\"image\":{\"@id\":\"https:\/\/acrolinxcomsta.wpenginepowered.com\/de\/tech-industrie\/#primaryimage\"},\"thumbnailUrl\":\"https:\/\/acrolinxcomsta.wpenginepowered.com\/wp-content\/uploads\/2021\/03\/bg-zz1-tech-500x458.png\",\"datePublished\":\"2021-04-15T10:39:28+00:00\",\"dateModified\":\"2022-08-09T10:33:23+00:00\",\"description\":\"Content f\u00fcr die Tech-Industrie muss klar, sicher und effizient sein. Acrolinx sorgt f\u00fcr unkomplizierte Content-Workflows und lupenreine Dokumentation.\",\"breadcrumb\":{\"@id\":\"https:\/\/acrolinxcomsta.wpenginepowered.com\/de\/tech-industrie\/#breadcrumb\"},\"inLanguage\":\"de-DE\",\"potentialAction\":[{\"@type\":\"ReadAction\",\"target\":[\"https:\/\/acrolinxcomsta.wpenginepowered.com\/de\/tech-industrie\/\"]}]},{\"@type\":\"ImageObject\",\"inLanguage\":\"de-DE\",\"@id\":\"https:\/\/acrolinxcomsta.wpenginepowered.com\/de\/tech-industrie\/#primaryimage\",\"url\":\"https:\/\/acrolinxcomsta.wpenginepowered.com\/wp-content\/uploads\/2021\/03\/bg-zz1-tech-500x458.png\",\"contentUrl\":\"https:\/\/acrolinxcomsta.wpenginepowered.com\/wp-content\/uploads\/2021\/03\/bg-zz1-tech-500x458.png\"},{\"@type\":\"BreadcrumbList\",\"@id\":\"https:\/\/acrolinxcomsta.wpenginepowered.com\/de\/tech-industrie\/#breadcrumb\",\"itemListElement\":[{\"@type\":\"ListItem\",\"position\":1,\"name\":\"Home\",\"item\":\"https:\/\/acrolinxcomsta.wpenginepowered.com\/de\/\"},{\"@type\":\"ListItem\",\"position\":2,\"name\":\"Branche \u2013 Tech-Industrie\"}]},{\"@type\":\"WebSite\",\"@id\":\"https:\/\/acrolinxcomsta.wpenginepowered.com\/#website\",\"url\":\"https:\/\/acrolinxcomsta.wpenginepowered.com\/\",\"name\":\"Acrolinx\",\"description\":\"\",\"publisher\":{\"@id\":\"https:\/\/acrolinxcomsta.wpenginepowered.com\/#organization\"},\"potentialAction\":[{\"@type\":\"SearchAction\",\"target\":{\"@type\":\"EntryPoint\",\"urlTemplate\":\"https:\/\/acrolinxcomsta.wpenginepowered.com\/?s={search_term_string}\"},\"query-input\":\"required name=search_term_string\"}],\"inLanguage\":\"de-DE\"},{\"@type\":\"Organization\",\"@id\":\"https:\/\/acrolinxcomsta.wpenginepowered.com\/#organization\",\"name\":\"Acrolinx\",\"url\":\"https:\/\/acrolinxcomsta.wpenginepowered.com\/\",\"logo\":{\"@type\":\"ImageObject\",\"inLanguage\":\"de-DE\",\"@id\":\"https:\/\/acrolinxcomsta.wpenginepowered.com\/#\/schema\/logo\/image\/\",\"url\":\"https:\/\/acrolinxcomsta.wpenginepowered.com\/wp-content\/uploads\/2019\/02\/logo_2x.png\",\"contentUrl\":\"https:\/\/acrolinxcomsta.wpenginepowered.com\/wp-content\/uploads\/2019\/02\/logo_2x.png\",\"width\":326,\"height\":56,\"caption\":\"Acrolinx\"},\"image\":{\"@id\":\"https:\/\/acrolinxcomsta.wpenginepowered.com\/#\/schema\/logo\/image\/\"},\"sameAs\":[\"https:\/\/www.facebook.com\/Acrolinxcc\/\",\"https:\/\/x.com\/Acrolinx\",\"https:\/\/www.linkedin.com\/company\/acrolinx\",\"https:\/\/www.youtube.com\/user\/acrolinxIQ\/\"]}]}<\/script>\n<!-- \/ Yoast SEO plugin. -->","yoast_head_json":{"title":"Branche \u2013 Tech-Industrie - Acrolinx","description":"Content f\u00fcr die Tech-Industrie muss klar, sicher und effizient sein. Acrolinx sorgt f\u00fcr unkomplizierte Content-Workflows und lupenreine Dokumentation.","robots":{"index":"noindex","follow":"follow","max-snippet":"max-snippet:-1","max-image-preview":"max-image-preview:large","max-video-preview":"max-video-preview:-1"},"og_locale":"de_DE","og_type":"article","og_title":"Branche \u2013 Tech-Industrie - Acrolinx","og_description":"Content f\u00fcr die Tech-Industrie muss klar, sicher und effizient sein. Acrolinx sorgt f\u00fcr unkomplizierte Content-Workflows und lupenreine Dokumentation.","og_url":"https:\/\/acrolinxcomsta.wpenginepowered.com\/de\/tech-industrie\/","og_site_name":"Acrolinx","article_publisher":"https:\/\/www.facebook.com\/Acrolinxcc\/","article_modified_time":"2022-08-09T10:33:23+00:00","og_image":[{"url":"https:\/\/acrolinxcomsta.wpenginepowered.com\/wp-content\/uploads\/2021\/03\/bg-zz1-tech-500x458.png"}],"twitter_card":"summary_large_image","twitter_site":"@Acrolinx","twitter_misc":{"Gesch\u00e4tzte Lesezeit":"2 Minuten","Written by":"Alice Admin"},"schema":{"@context":"https:\/\/schema.org","@graph":[{"@type":"WebPage","@id":"https:\/\/acrolinxcomsta.wpenginepowered.com\/de\/tech-industrie\/","url":"https:\/\/acrolinxcomsta.wpenginepowered.com\/de\/tech-industrie\/","name":"Branche \u2013 Tech-Industrie - Acrolinx","isPartOf":{"@id":"https:\/\/acrolinxcomsta.wpenginepowered.com\/#website"},"primaryImageOfPage":{"@id":"https:\/\/acrolinxcomsta.wpenginepowered.com\/de\/tech-industrie\/#primaryimage"},"image":{"@id":"https:\/\/acrolinxcomsta.wpenginepowered.com\/de\/tech-industrie\/#primaryimage"},"thumbnailUrl":"https:\/\/acrolinxcomsta.wpenginepowered.com\/wp-content\/uploads\/2021\/03\/bg-zz1-tech-500x458.png","datePublished":"2021-04-15T10:39:28+00:00","dateModified":"2022-08-09T10:33:23+00:00","description":"Content f\u00fcr die Tech-Industrie muss klar, sicher und effizient sein. Acrolinx sorgt f\u00fcr unkomplizierte Content-Workflows und lupenreine Dokumentation.","breadcrumb":{"@id":"https:\/\/acrolinxcomsta.wpenginepowered.com\/de\/tech-industrie\/#breadcrumb"},"inLanguage":"de-DE","potentialAction":[{"@type":"ReadAction","target":["https:\/\/acrolinxcomsta.wpenginepowered.com\/de\/tech-industrie\/"]}]},{"@type":"ImageObject","inLanguage":"de-DE","@id":"https:\/\/acrolinxcomsta.wpenginepowered.com\/de\/tech-industrie\/#primaryimage","url":"https:\/\/acrolinxcomsta.wpenginepowered.com\/wp-content\/uploads\/2021\/03\/bg-zz1-tech-500x458.png","contentUrl":"https:\/\/acrolinxcomsta.wpenginepowered.com\/wp-content\/uploads\/2021\/03\/bg-zz1-tech-500x458.png"},{"@type":"BreadcrumbList","@id":"https:\/\/acrolinxcomsta.wpenginepowered.com\/de\/tech-industrie\/#breadcrumb","itemListElement":[{"@type":"ListItem","position":1,"name":"Home","item":"https:\/\/acrolinxcomsta.wpenginepowered.com\/de\/"},{"@type":"ListItem","position":2,"name":"Branche \u2013 Tech-Industrie"}]},{"@type":"WebSite","@id":"https:\/\/acrolinxcomsta.wpenginepowered.com\/#website","url":"https:\/\/acrolinxcomsta.wpenginepowered.com\/","name":"Acrolinx","description":"","publisher":{"@id":"https:\/\/acrolinxcomsta.wpenginepowered.com\/#organization"},"potentialAction":[{"@type":"SearchAction","target":{"@type":"EntryPoint","urlTemplate":"https:\/\/acrolinxcomsta.wpenginepowered.com\/?s={search_term_string}"},"query-input":"required name=search_term_string"}],"inLanguage":"de-DE"},{"@type":"Organization","@id":"https:\/\/acrolinxcomsta.wpenginepowered.com\/#organization","name":"Acrolinx","url":"https:\/\/acrolinxcomsta.wpenginepowered.com\/","logo":{"@type":"ImageObject","inLanguage":"de-DE","@id":"https:\/\/acrolinxcomsta.wpenginepowered.com\/#\/schema\/logo\/image\/","url":"https:\/\/acrolinxcomsta.wpenginepowered.com\/wp-content\/uploads\/2019\/02\/logo_2x.png","contentUrl":"https:\/\/acrolinxcomsta.wpenginepowered.com\/wp-content\/uploads\/2019\/02\/logo_2x.png","width":326,"height":56,"caption":"Acrolinx"},"image":{"@id":"https:\/\/acrolinxcomsta.wpenginepowered.com\/#\/schema\/logo\/image\/"},"sameAs":["https:\/\/www.facebook.com\/Acrolinxcc\/","https:\/\/x.com\/Acrolinx","https:\/\/www.linkedin.com\/company\/acrolinx","https:\/\/www.youtube.com\/user\/acrolinxIQ\/"]}]}},"_links":{"self":[{"href":"https:\/\/acrolinxcomsta.wpenginepowered.com\/de\/wp-json\/wp\/v2\/pages\/11099","targetHints":{"allow":["GET"]}}],"collection":[{"href":"https:\/\/acrolinxcomsta.wpenginepowered.com\/de\/wp-json\/wp\/v2\/pages"}],"about":[{"href":"https:\/\/acrolinxcomsta.wpenginepowered.com\/de\/wp-json\/wp\/v2\/types\/page"}],"author":[{"embeddable":true,"href":"https:\/\/acrolinxcomsta.wpenginepowered.com\/de\/wp-json\/wp\/v2\/users\/17"}],"replies":[{"embeddable":true,"href":"https:\/\/acrolinxcomsta.wpenginepowered.com\/de\/wp-json\/wp\/v2\/comments?post=11099"}],"version-history":[{"count":0,"href":"https:\/\/acrolinxcomsta.wpenginepowered.com\/de\/wp-json\/wp\/v2\/pages\/11099\/revisions"}],"wp:attachment":[{"href":"https:\/\/acrolinxcomsta.wpenginepowered.com\/de\/wp-json\/wp\/v2\/media?parent=11099"}],"wp:term":[{"taxonomy":"author","embeddable":true,"href":"https:\/\/acrolinxcomsta.wpenginepowered.com\/de\/wp-json\/wp\/v2\/coauthors?post=11099"}],"curies":[{"name":"wp","href":"https:\/\/api.w.org\/{rel}","templated":true}]}}