{"id":11100,"date":"2021-04-15T11:48:42","date_gmt":"2021-04-15T10:48:42","guid":{"rendered":"https:\/\/acrolinxcomsta.wpenginepowered.com\/?page_id=11100"},"modified":"2022-06-24T18:06:54","modified_gmt":"2022-06-24T17:06:54","slug":"herstellende-gewerbe","status":"publish","type":"page","link":"https:\/\/acrolinxcomsta.wpenginepowered.com\/de\/herstellende-gewerbe\/","title":{"rendered":"Branche \u2013 Manufacturing"},"content":{"rendered":"<!-- Standard Hero -->\n<section class=\"container-fluid hero pb-2 bg-light-pink\">\n        <div class=\"row mb-lg-5 mb-3\">  \n\t\t\t    <div class=\"review-home\">\n\t\t\t\t\t\t\t\t\t\t\t\t\t<\/div>\n            <div class=\"inner-hero container d-flex py-3 px-lg-0 px-md-5 px-0\">\n            <!-- Text and button hero -->\n                        <ul id=\"scene\" class=\"scene wow fadeInRight\" data-wow-delay=\"0.6s\"> \n                <!-- need a first empty one for yet unknown reasons--><li data-depth=\"0.2\" class=\"layer\"><div class=\"empty\" \/><\/li>\n                <li data-depth=\"0.3\" class=\"layer\">\n                \n                    <div class=\"slice slice-one\" style=\"background-image: url(https:\/\/acrolinxcomsta.wpenginepowered.com\/wp-content\/uploads\/2021\/03\/hero-manufact-1.png)\"\/>\n                <\/li>\n                <li data-depth=\"0.4\" class=\"layer\"><div class=\"slice slice-two\" style=\"background-image: url(https:\/\/acrolinxcomsta.wpenginepowered.com\/wp-content\/uploads\/2021\/03\/hero-manufact-2.png)\"\/><\/li>\n                            <\/ul>\n                    \t<div class=\"wow fadeIn hero-text col-lg-6 col align-self-center order-lg-1 mt-lg-0 mt-4 mb-4\" data-wow-delay=\"0.1s\">\n                                <p class=\"wow fadeIn subheading-hero overheading-hero pt-2 pb-4 mb-1\" data-wow-delay=\"0.2s\"><strong>Acrolinx f\u00fcr das Herstellende Gewerbe<\/strong><\/p>\n                        \t\t<h1 class=\"pr-4\">Produzieren, ohne wie ein Roboter zu klingen        \t\t<\/h1>\n        \t\t<p class=\"wow fadeIn subheading-hero pt-2 pb-4 mb-1\" data-wow-delay=\"0.2s\">Produktdifferenzierung beginnt mit tollem Content<\/p>\n\t\t            \n\t\t                        \t\t        \t<a class=\"mb-3 wow fadeInUp btn-primary btn-lg btn cta-hero\" data-wow-delay=\"0.4s\" href=\"https:\/\/acrolinxcomsta.wpenginepowered.com\/product\/\/\" target=\"\">Entdecken Sie mehr<\/a>\n\t\t               \n        \t\t\t\t\t\t \n        \t<\/div> \n            <!-- video player custom test -->\n             \n                <\/div>\n                \n    <\/section>\n\n\n<div class=\"wp-block-columns container mt-5 mt-lg-5 mt-3 industry is-layout-flex wp-container-core-columns-is-layout-9d6595d7 wp-block-columns-is-layout-flex\">\n<div class=\"wp-block-column mx-lg-5 mx-0 order-last order-md-first is-layout-flow wp-block-column-is-layout-flow\">\n<ul class=\"scene zz-scene\"> \n        <!-- need a first empty one--><li data-depth=\"0.2\" class=\"layer\"><div class=\"empty\"><\/div><\/li>\n        <li data-depth=\"0.4\" class=\"layer\"><div class=\"zz1 wow fadeIn\" data-wow-delay=\"0.2s\"><\/div><\/li>   \n    <\/ul>\n\n\n\n<figure class=\"wp-block-image size-large is-resized img-fluid wp-image-10556\"><a href=\"https:\/\/acrolinxcomsta.wpenginepowered.com\/wp-content\/uploads\/2021\/03\/bg-zz1-manuf-1.png\"><img loading=\"lazy\" decoding=\"async\" src=\"https:\/\/acrolinxcomsta.wpenginepowered.com\/wp-content\/uploads\/2021\/03\/bg-zz1-manuf-1-408x500.png\" alt=\"\" class=\"wp-image-10638\" width=\"306\" height=\"375\" srcset=\"https:\/\/acrolinxcomsta.wpenginepowered.com\/wp-content\/uploads\/2021\/03\/bg-zz1-manuf-1-408x500.png 408w, https:\/\/acrolinxcomsta.wpenginepowered.com\/wp-content\/uploads\/2021\/03\/bg-zz1-manuf-1-245x300.png 245w, https:\/\/acrolinxcomsta.wpenginepowered.com\/wp-content\/uploads\/2021\/03\/bg-zz1-manuf-1.png 663w\" sizes=\"auto, (max-width: 306px) 100vw, 306px\" \/><\/a><\/figure>\n<\/div>\n\n\n\n<div class=\"wp-block-column mx-lg-5 mx-0 pr-lg-5 pr-0 is-layout-flow wp-block-column-is-layout-flow\">\n<h3 class=\"wp-block-heading\" style=\"line-height:1.5\">Auf die Zielgruppe abgestimmter Content<\/h3>\n\n\n\n<p>Egal, ob Sie mit Architektur-, Ingenieur-, Konstruktions- oder Vertriebsteams sprechen, Sie brauchen Content, der hochwertige technische Informationen an die richtigen Leute liefert.&nbsp;<\/p>\n\n\n\n<p>Mit Acrolinx ist es einfach, Content-Ziele f\u00fcr verschiedene Interessengruppen oder Content-Typen anzupassen. Sie k\u00f6nnen Acrolinx den Grad der Formalit\u00e4t, Verst\u00e4ndlichkeit und Komplexit\u00e4t w\u00e4hlen, der f\u00fcr Ihr Zielpublikum geeignet ist.<\/p>\n<\/div>\n<\/div>\n\n\n\n<div class=\"wp-block-columns container is-layout-flex wp-container-core-columns-is-layout-9d6595d7 wp-block-columns-is-layout-flex\">\n<div class=\"wp-block-column mx-lg-5 mx-0 pr-lg-5 pr-0 is-layout-flow wp-block-column-is-layout-flow\">\n<h3 class=\"wp-block-heading\">Schaffen Sie Sicherheit durch Klarheit<\/h3>\n\n\n\n<p>Komplexe Sprache f\u00fchrt zu Missverst\u00e4ndnissen, und wenn es um Ihre Sicherheitsdatenbl\u00e4tter oder Benutzerhandb\u00fccher geht, ist das eine riskante Angelegenheit.&nbsp;<\/p>\n\n\n\n<p>Es spielt keine Rolle, ob Sie mit Maschinen oder Chemikalien arbeiten, eine klare Kommunikation kann den Fehlgebrauch von Produkten oder sogar schwere Verletzungen verhindern.&nbsp;<\/p>\n\n\n\n<p>Die gute Nachricht ist, dass eine verst\u00e4ndliche, konsistente Produktterminologie auch Quellcontent liefert, der leicht wiederverwendet werden kann, und dass Ihr Content Sie kein Verm\u00f6gen f\u00fcr die \u00dcbersetzung und Lokalisierung kostet.<\/p>\n<\/div>\n\n\n\n<div class=\"wp-block-column mx-lg-5 mx-0 pr-lg-5 pr-0 justify-content-end is-layout-flow wp-block-column-is-layout-flow\">\n<div class=\"wp-block-image\"><figure class=\"alignright size-large is-resized\"><a href=\"https:\/\/acrolinxcomsta.wpenginepowered.com\/wp-content\/uploads\/2021\/03\/bg-zz2-manuf.png\"><img loading=\"lazy\" decoding=\"async\" src=\"https:\/\/acrolinxcomsta.wpenginepowered.com\/wp-content\/uploads\/2021\/03\/bg-zz2-manuf-418x500.png\" alt=\"\" class=\"wp-image-10633\" width=\"314\" height=\"375\" srcset=\"https:\/\/acrolinxcomsta.wpenginepowered.com\/wp-content\/uploads\/2021\/03\/bg-zz2-manuf-418x500.png 418w, https:\/\/acrolinxcomsta.wpenginepowered.com\/wp-content\/uploads\/2021\/03\/bg-zz2-manuf-251x300.png 251w, https:\/\/acrolinxcomsta.wpenginepowered.com\/wp-content\/uploads\/2021\/03\/bg-zz2-manuf.png 722w\" sizes=\"auto, (max-width: 314px) 100vw, 314px\" \/><\/a><\/figure><\/div>\n\n\n\n<ul class=\"scene zz-scene\"> \n        <!-- need a first empty one--><li data-depth=\"0.2\" class=\"layer\"><div class=\"empty\"><\/div><\/li>\n        <li data-depth=\"0.4\" class=\"layer\"><div class=\"zz2 wow fadeIn\" data-wow-delay=\"0.2s\"><\/div><\/li>   \n    <\/ul>\n<\/div>\n<\/div>\n\n\n\n<div class=\"wp-block-columns container is-layout-flex wp-container-core-columns-is-layout-9d6595d7 wp-block-columns-is-layout-flex\">\n<div class=\"wp-block-column mx-lg-5 mx-0 pr-lg-5 pr-0 order-last order-md-first is-layout-flow wp-block-column-is-layout-flow\">\n<figure class=\"wp-block-image size-large\"><img loading=\"lazy\" decoding=\"async\" width=\"500\" height=\"409\" src=\"https:\/\/acrolinxcomsta.wpenginepowered.com\/wp-content\/uploads\/2021\/03\/bg-zz3-manuf-500x409.png\" alt=\"\" class=\"wp-image-10634\" srcset=\"https:\/\/acrolinxcomsta.wpenginepowered.com\/wp-content\/uploads\/2021\/03\/bg-zz3-manuf-500x409.png 500w, https:\/\/acrolinxcomsta.wpenginepowered.com\/wp-content\/uploads\/2021\/03\/bg-zz3-manuf-300x245.png 300w, https:\/\/acrolinxcomsta.wpenginepowered.com\/wp-content\/uploads\/2021\/03\/bg-zz3-manuf-768x628.png 768w, https:\/\/acrolinxcomsta.wpenginepowered.com\/wp-content\/uploads\/2021\/03\/bg-zz3-manuf.png 960w\" sizes=\"auto, (max-width: 500px) 100vw, 500px\" \/><\/figure>\n\n\n\n<ul class=\"scene zz-scene\"> \n        <!-- need a first empty one--><li data-depth=\"0.2\" class=\"layer\"><div class=\"empty\"><\/div><\/li>\n        <li data-depth=\"0.4\" class=\"layer\"><div class=\"zz3 wow fadeIn\" data-wow-delay=\"0.2s\"><\/div><\/li>   \n    <\/ul>\n<\/div>\n\n\n\n<div class=\"wp-block-column mx-lg-5 mx-0 pr-lg-5 pr-0 is-layout-flow wp-block-column-is-layout-flow\">\n<h3 class=\"wp-block-heading\">Automatisieren Sie Compliance-Pr\u00fcfungen<\/h3>\n\n\n\n<p>Wenn Sie die Erstellung von Content an Agenturen und externe Partner \u00fcbertragen, werden Sie wahrscheinlich Inkonsistenzen in Stil, Ton und Terminologie feststellen. Inkonsistenz ruiniert nicht nur eine gro\u00dfartige Kund*innenerfahrung, sie ist auch ein Compliance-Risiko.&nbsp;<br><br>Mit Acrolinx ist es einfach, gro\u00dfe Mengen an Content von externen Erstellern automatisch zu \u00fcberpr\u00fcfen, um sicherzustellen, dass er Ihren Richtlinien entspricht. Die Automatisierung spart Ihnen nicht nur Zeit, sondern macht auch weitere Redakteur*innen \u00fcberfl\u00fcssig.<\/p>\n<\/div>\n<\/div>\n","protected":false},"excerpt":{"rendered":"<p>Auf die Zielgruppe abgestimmter Content Egal, ob Sie mit Architektur-, Ingenieur-, Konstruktions- oder Vertriebsteams sprechen, Sie brauchen Content, der hochwertige technische Informationen an die richtigen Leute liefert.&nbsp; Mit &hellip; <\/p>\n<p class=\"link-more\"><a href=\"https:\/\/acrolinxcomsta.wpenginepowered.com\/de\/herstellende-gewerbe\/\" class=\"more-link\">Continue reading<span class=\"screen-reader-text\"> &#8222;Branche \u2013 Manufacturing&#8220;<\/span><\/a><\/p>\n","protected":false},"author":17,"featured_media":0,"parent":0,"menu_order":0,"comment_status":"closed","ping_status":"closed","template":"industry.php","meta":{"_acf_changed":false,"footnotes":"","_links_to":"","_links_to_target":""},"coauthors":[72],"class_list":["post-11100","page","type-page","status-publish","hentry"],"acf":[],"yoast_head":"<!-- This site is optimized with the Yoast SEO plugin v23.2 - https:\/\/yoast.com\/wordpress\/plugins\/seo\/ -->\n<title>Branche \u2013 Manufacturing - Acrolinx<\/title>\n<meta name=\"description\" content=\"Erfahren Sie, wie Sie als produzierendes Unternehmen wirkungsvollen Content erstellen, ohne wie ein Roboter zu klingen.\" \/>\n<meta name=\"robots\" content=\"noindex, follow, max-snippet:-1, max-image-preview:large, max-video-preview:-1\" \/>\n<meta property=\"og:locale\" content=\"de_DE\" \/>\n<meta property=\"og:type\" content=\"article\" \/>\n<meta property=\"og:title\" content=\"Branche \u2013 Manufacturing - Acrolinx\" \/>\n<meta property=\"og:description\" content=\"Erfahren Sie, wie Sie als produzierendes Unternehmen wirkungsvollen Content erstellen, ohne wie ein Roboter zu klingen.\" \/>\n<meta property=\"og:url\" content=\"https:\/\/acrolinxcomsta.wpenginepowered.com\/de\/herstellende-gewerbe\/\" \/>\n<meta property=\"og:site_name\" content=\"Acrolinx\" \/>\n<meta property=\"article:publisher\" content=\"https:\/\/www.facebook.com\/Acrolinxcc\/\" \/>\n<meta property=\"article:modified_time\" content=\"2022-06-24T17:06:54+00:00\" \/>\n<meta property=\"og:image\" content=\"https:\/\/acrolinxcomsta.wpenginepowered.com\/wp-content\/uploads\/2021\/03\/bg-zz1-manuf-1-408x500.png\" \/>\n<meta name=\"twitter:card\" content=\"summary_large_image\" \/>\n<meta name=\"twitter:site\" content=\"@Acrolinx\" \/>\n<meta name=\"twitter:label1\" content=\"Gesch\u00e4tzte Lesezeit\" \/>\n\t<meta name=\"twitter:data1\" content=\"2 Minuten\" \/>\n\t<meta name=\"twitter:label2\" content=\"Written by\" \/>\n\t<meta name=\"twitter:data2\" content=\"Alice Admin\" \/>\n<script type=\"application\/ld+json\" class=\"yoast-schema-graph\">{\"@context\":\"https:\/\/schema.org\",\"@graph\":[{\"@type\":\"WebPage\",\"@id\":\"https:\/\/acrolinxcomsta.wpenginepowered.com\/de\/herstellende-gewerbe\/\",\"url\":\"https:\/\/acrolinxcomsta.wpenginepowered.com\/de\/herstellende-gewerbe\/\",\"name\":\"Branche \u2013 Manufacturing - Acrolinx\",\"isPartOf\":{\"@id\":\"https:\/\/acrolinxcomsta.wpenginepowered.com\/#website\"},\"primaryImageOfPage\":{\"@id\":\"https:\/\/acrolinxcomsta.wpenginepowered.com\/de\/herstellende-gewerbe\/#primaryimage\"},\"image\":{\"@id\":\"https:\/\/acrolinxcomsta.wpenginepowered.com\/de\/herstellende-gewerbe\/#primaryimage\"},\"thumbnailUrl\":\"https:\/\/acrolinxcomsta.wpenginepowered.com\/wp-content\/uploads\/2021\/03\/bg-zz1-manuf-1-408x500.png\",\"datePublished\":\"2021-04-15T10:48:42+00:00\",\"dateModified\":\"2022-06-24T17:06:54+00:00\",\"description\":\"Erfahren Sie, wie Sie als produzierendes Unternehmen wirkungsvollen Content erstellen, ohne wie ein Roboter zu klingen.\",\"breadcrumb\":{\"@id\":\"https:\/\/acrolinxcomsta.wpenginepowered.com\/de\/herstellende-gewerbe\/#breadcrumb\"},\"inLanguage\":\"de-DE\",\"potentialAction\":[{\"@type\":\"ReadAction\",\"target\":[\"https:\/\/acrolinxcomsta.wpenginepowered.com\/de\/herstellende-gewerbe\/\"]}]},{\"@type\":\"ImageObject\",\"inLanguage\":\"de-DE\",\"@id\":\"https:\/\/acrolinxcomsta.wpenginepowered.com\/de\/herstellende-gewerbe\/#primaryimage\",\"url\":\"https:\/\/acrolinxcomsta.wpenginepowered.com\/wp-content\/uploads\/2021\/03\/bg-zz1-manuf-1-408x500.png\",\"contentUrl\":\"https:\/\/acrolinxcomsta.wpenginepowered.com\/wp-content\/uploads\/2021\/03\/bg-zz1-manuf-1-408x500.png\"},{\"@type\":\"BreadcrumbList\",\"@id\":\"https:\/\/acrolinxcomsta.wpenginepowered.com\/de\/herstellende-gewerbe\/#breadcrumb\",\"itemListElement\":[{\"@type\":\"ListItem\",\"position\":1,\"name\":\"Home\",\"item\":\"https:\/\/acrolinxcomsta.wpenginepowered.com\/de\/\"},{\"@type\":\"ListItem\",\"position\":2,\"name\":\"Branche \u2013 Manufacturing\"}]},{\"@type\":\"WebSite\",\"@id\":\"https:\/\/acrolinxcomsta.wpenginepowered.com\/#website\",\"url\":\"https:\/\/acrolinxcomsta.wpenginepowered.com\/\",\"name\":\"Acrolinx\",\"description\":\"\",\"publisher\":{\"@id\":\"https:\/\/acrolinxcomsta.wpenginepowered.com\/#organization\"},\"potentialAction\":[{\"@type\":\"SearchAction\",\"target\":{\"@type\":\"EntryPoint\",\"urlTemplate\":\"https:\/\/acrolinxcomsta.wpenginepowered.com\/?s={search_term_string}\"},\"query-input\":\"required name=search_term_string\"}],\"inLanguage\":\"de-DE\"},{\"@type\":\"Organization\",\"@id\":\"https:\/\/acrolinxcomsta.wpenginepowered.com\/#organization\",\"name\":\"Acrolinx\",\"url\":\"https:\/\/acrolinxcomsta.wpenginepowered.com\/\",\"logo\":{\"@type\":\"ImageObject\",\"inLanguage\":\"de-DE\",\"@id\":\"https:\/\/acrolinxcomsta.wpenginepowered.com\/#\/schema\/logo\/image\/\",\"url\":\"https:\/\/acrolinxcomsta.wpenginepowered.com\/wp-content\/uploads\/2019\/02\/logo_2x.png\",\"contentUrl\":\"https:\/\/acrolinxcomsta.wpenginepowered.com\/wp-content\/uploads\/2019\/02\/logo_2x.png\",\"width\":326,\"height\":56,\"caption\":\"Acrolinx\"},\"image\":{\"@id\":\"https:\/\/acrolinxcomsta.wpenginepowered.com\/#\/schema\/logo\/image\/\"},\"sameAs\":[\"https:\/\/www.facebook.com\/Acrolinxcc\/\",\"https:\/\/x.com\/Acrolinx\",\"https:\/\/www.linkedin.com\/company\/acrolinx\",\"https:\/\/www.youtube.com\/user\/acrolinxIQ\/\"]}]}<\/script>\n<!-- \/ Yoast SEO plugin. -->","yoast_head_json":{"title":"Branche \u2013 Manufacturing - Acrolinx","description":"Erfahren Sie, wie Sie als produzierendes Unternehmen wirkungsvollen Content erstellen, ohne wie ein Roboter zu klingen.","robots":{"index":"noindex","follow":"follow","max-snippet":"max-snippet:-1","max-image-preview":"max-image-preview:large","max-video-preview":"max-video-preview:-1"},"og_locale":"de_DE","og_type":"article","og_title":"Branche \u2013 Manufacturing - Acrolinx","og_description":"Erfahren Sie, wie Sie als produzierendes Unternehmen wirkungsvollen Content erstellen, ohne wie ein Roboter zu klingen.","og_url":"https:\/\/acrolinxcomsta.wpenginepowered.com\/de\/herstellende-gewerbe\/","og_site_name":"Acrolinx","article_publisher":"https:\/\/www.facebook.com\/Acrolinxcc\/","article_modified_time":"2022-06-24T17:06:54+00:00","og_image":[{"url":"https:\/\/acrolinxcomsta.wpenginepowered.com\/wp-content\/uploads\/2021\/03\/bg-zz1-manuf-1-408x500.png"}],"twitter_card":"summary_large_image","twitter_site":"@Acrolinx","twitter_misc":{"Gesch\u00e4tzte Lesezeit":"2 Minuten","Written by":"Alice Admin"},"schema":{"@context":"https:\/\/schema.org","@graph":[{"@type":"WebPage","@id":"https:\/\/acrolinxcomsta.wpenginepowered.com\/de\/herstellende-gewerbe\/","url":"https:\/\/acrolinxcomsta.wpenginepowered.com\/de\/herstellende-gewerbe\/","name":"Branche \u2013 Manufacturing - Acrolinx","isPartOf":{"@id":"https:\/\/acrolinxcomsta.wpenginepowered.com\/#website"},"primaryImageOfPage":{"@id":"https:\/\/acrolinxcomsta.wpenginepowered.com\/de\/herstellende-gewerbe\/#primaryimage"},"image":{"@id":"https:\/\/acrolinxcomsta.wpenginepowered.com\/de\/herstellende-gewerbe\/#primaryimage"},"thumbnailUrl":"https:\/\/acrolinxcomsta.wpenginepowered.com\/wp-content\/uploads\/2021\/03\/bg-zz1-manuf-1-408x500.png","datePublished":"2021-04-15T10:48:42+00:00","dateModified":"2022-06-24T17:06:54+00:00","description":"Erfahren Sie, wie Sie als produzierendes Unternehmen wirkungsvollen Content erstellen, ohne wie ein Roboter zu klingen.","breadcrumb":{"@id":"https:\/\/acrolinxcomsta.wpenginepowered.com\/de\/herstellende-gewerbe\/#breadcrumb"},"inLanguage":"de-DE","potentialAction":[{"@type":"ReadAction","target":["https:\/\/acrolinxcomsta.wpenginepowered.com\/de\/herstellende-gewerbe\/"]}]},{"@type":"ImageObject","inLanguage":"de-DE","@id":"https:\/\/acrolinxcomsta.wpenginepowered.com\/de\/herstellende-gewerbe\/#primaryimage","url":"https:\/\/acrolinxcomsta.wpenginepowered.com\/wp-content\/uploads\/2021\/03\/bg-zz1-manuf-1-408x500.png","contentUrl":"https:\/\/acrolinxcomsta.wpenginepowered.com\/wp-content\/uploads\/2021\/03\/bg-zz1-manuf-1-408x500.png"},{"@type":"BreadcrumbList","@id":"https:\/\/acrolinxcomsta.wpenginepowered.com\/de\/herstellende-gewerbe\/#breadcrumb","itemListElement":[{"@type":"ListItem","position":1,"name":"Home","item":"https:\/\/acrolinxcomsta.wpenginepowered.com\/de\/"},{"@type":"ListItem","position":2,"name":"Branche \u2013 Manufacturing"}]},{"@type":"WebSite","@id":"https:\/\/acrolinxcomsta.wpenginepowered.com\/#website","url":"https:\/\/acrolinxcomsta.wpenginepowered.com\/","name":"Acrolinx","description":"","publisher":{"@id":"https:\/\/acrolinxcomsta.wpenginepowered.com\/#organization"},"potentialAction":[{"@type":"SearchAction","target":{"@type":"EntryPoint","urlTemplate":"https:\/\/acrolinxcomsta.wpenginepowered.com\/?s={search_term_string}"},"query-input":"required name=search_term_string"}],"inLanguage":"de-DE"},{"@type":"Organization","@id":"https:\/\/acrolinxcomsta.wpenginepowered.com\/#organization","name":"Acrolinx","url":"https:\/\/acrolinxcomsta.wpenginepowered.com\/","logo":{"@type":"ImageObject","inLanguage":"de-DE","@id":"https:\/\/acrolinxcomsta.wpenginepowered.com\/#\/schema\/logo\/image\/","url":"https:\/\/acrolinxcomsta.wpenginepowered.com\/wp-content\/uploads\/2019\/02\/logo_2x.png","contentUrl":"https:\/\/acrolinxcomsta.wpenginepowered.com\/wp-content\/uploads\/2019\/02\/logo_2x.png","width":326,"height":56,"caption":"Acrolinx"},"image":{"@id":"https:\/\/acrolinxcomsta.wpenginepowered.com\/#\/schema\/logo\/image\/"},"sameAs":["https:\/\/www.facebook.com\/Acrolinxcc\/","https:\/\/x.com\/Acrolinx","https:\/\/www.linkedin.com\/company\/acrolinx","https:\/\/www.youtube.com\/user\/acrolinxIQ\/"]}]}},"_links":{"self":[{"href":"https:\/\/acrolinxcomsta.wpenginepowered.com\/de\/wp-json\/wp\/v2\/pages\/11100","targetHints":{"allow":["GET"]}}],"collection":[{"href":"https:\/\/acrolinxcomsta.wpenginepowered.com\/de\/wp-json\/wp\/v2\/pages"}],"about":[{"href":"https:\/\/acrolinxcomsta.wpenginepowered.com\/de\/wp-json\/wp\/v2\/types\/page"}],"author":[{"embeddable":true,"href":"https:\/\/acrolinxcomsta.wpenginepowered.com\/de\/wp-json\/wp\/v2\/users\/17"}],"replies":[{"embeddable":true,"href":"https:\/\/acrolinxcomsta.wpenginepowered.com\/de\/wp-json\/wp\/v2\/comments?post=11100"}],"version-history":[{"count":0,"href":"https:\/\/acrolinxcomsta.wpenginepowered.com\/de\/wp-json\/wp\/v2\/pages\/11100\/revisions"}],"wp:attachment":[{"href":"https:\/\/acrolinxcomsta.wpenginepowered.com\/de\/wp-json\/wp\/v2\/media?parent=11100"}],"wp:term":[{"taxonomy":"author","embeddable":true,"href":"https:\/\/acrolinxcomsta.wpenginepowered.com\/de\/wp-json\/wp\/v2\/coauthors?post=11100"}],"curies":[{"name":"wp","href":"https:\/\/api.w.org\/{rel}","templated":true}]}}