{"id":16167,"date":"2023-12-12T13:25:26","date_gmt":"2023-12-12T12:25:26","guid":{"rendered":"https:\/\/acrolinxcomsta.wpenginepowered.com\/?page_id=16167"},"modified":"2023-12-13T09:13:38","modified_gmt":"2023-12-13T08:13:38","slug":"unterstuetzung-fuer-content-teams","status":"publish","type":"page","link":"https:\/\/acrolinxcomsta.wpenginepowered.com\/de\/unterstuetzung-fuer-content-teams\/","title":{"rendered":"Ganz einfach Content erstellen und \u00fcberpr\u00fcfen"},"content":{"rendered":"<!-- Standard Hero -->\n<section class=\"container-fluid hero pb-2 bg-light-yellow\">\n        <div class=\"row mb-lg-5 mb-3\">  \n\t\t\t    <div class=\"review-home\">\n\t\t\t\t\t\t\t\t\t\t\t\t\t<\/div>\n            <div class=\"inner-hero container d-flex py-3 px-lg-0 px-md-5 px-0\">\n            <!-- Text and button hero -->\n                           &nbsp;\n                        \t<div class=\"wow fadeIn hero-text col-lg-6 col align-self-center order-lg-1 mt-lg-0 mt-4 mb-4\" data-wow-delay=\"0.1s\">\n                        \t\t<h1 class=\"pr-4\">Ganz einfach Content erstellen und \u00fcberpr\u00fcfen        \t\t<\/h1>\n        \t\t<p class=\"wow fadeIn subheading-hero pt-2 pb-4 mb-1\" data-wow-delay=\"0.2s\">Unterst\u00fctzen Sie alle, die in Ihrem Unternehmen Content produzieren. Und zwar direkt dort, wo der Content entsteht.<\/p>\n\t\t            \n\t\t                        \t\t        \t<a class=\"mb-3 wow fadeInUp btn-primary btn-lg btn cta-hero\" data-wow-delay=\"0.4s\" href=\"#scale\" target=\"\">Mehr erfahren<\/a>\n\t\t               \n        \t\t\t\t\t\t \n        \t<\/div> \n            <!-- video player custom test -->\n                            <div class=\"wow fadeIn hero-text col-lg-6 col align-self-center order-1 order-lg-2\" data-wow-delay=\"0.1s\">\n                <div class=\"embed-container\">\n                <iframe loading=\"lazy\" title=\"How Acrolinx Improves Content Efficiency, Compliance, and Scale with Governance and Generative AI\" src=\"https:\/\/player.vimeo.com\/video\/817280663?dnt=1&amp;app_id=122963&#038;showinfo=0&#038;rel=0&#038;autoplay=1&#038;muted=1&#038;controls=1\" width=\"640\" height=\"360\" frameborder=\"0\" allow=\"autoplay; fullscreen; picture-in-picture; clipboard-write; encrypted-media; web-share\" referrerpolicy=\"strict-origin-when-cross-origin\" frameborder=\"0\", allow=\"autoplay\"><\/iframe>                    <\/div>\n                    <style>\n                        .embed-container { \n                            position: relative; \n                            padding-bottom: 56.25%;\n                            overflow: hidden;\n                            max-width: 100%;\n                            height: auto;\n                        } \n\n                        .embed-container iframe,\n                        .embed-container object,\n                        .embed-container embed { \n                            position: absolute;\n                            top: 0;\n                            left: 0;\n                            width: 100%;\n                            height: 100%;\n                        }\n                    <\/style>\n                    <\/div>\n                    <\/div>\n                     \n                <\/div>\n                \n    <\/section>\n\n\n<div class=\"wp-block-columns container my-lg-5 mt-5 mb-0 is-layout-flex wp-container-core-columns-is-layout-9d6595d7 wp-block-columns-is-layout-flex\">\n<div class=\"wp-block-column is-layout-flow wp-block-column-is-layout-flow\" id=\"scale\">\n<h2 class=\"wp-block-heading has-text-align-center my-lg-5 my-3 section-head\">Content in gro\u00dfem Umfang erstellen und \u00fcberarbeiten<\/h2>\n\n\n\n<div class=\"wp-block-columns is-layout-flex wp-container-core-columns-is-layout-9d6595d7 wp-block-columns-is-layout-flex\">\n<div class=\"wp-block-column is-vertically-aligned-top mx-lg-5 mx-2 wow fadeIn is-layout-flow wp-block-column-is-layout-flow\">\n<p class=\"has-text-align-center\">Geben Sie allen Content-Beteiligten die Unterst\u00fctzung, die sie brauchen. So entsteht markengerechter, rechtskonformer und respektvoller Content, dem Sie vertrauen k\u00f6nnen.<\/p>\n<\/div>\n<\/div>\n<\/div>\n<\/div>\n\n\n\n<div class=\"wp-block-columns container mt-0 is-layout-flex wp-container-core-columns-is-layout-9d6595d7 wp-block-columns-is-layout-flex\">\n<div class=\"wp-block-column wow fadeInUp is-layout-flow wp-block-column-is-layout-flow\">\n<div class=\"wp-block-columns is-layout-flex wp-container-core-columns-is-layout-9d6595d7 wp-block-columns-is-layout-flex\">\n<div class=\"wp-block-column is-vertically-aligned-top mx-lg-5 mx-0 wow fadeIn is-layout-flow wp-block-column-is-layout-flow\" style=\"flex-basis:33%\">\n<h2 class=\"wp-block-heading has-text-align-left mt-0\">Unterst\u00fctzung f\u00fcr jedes Team<\/h2>\n\n\n\n<p>Mit Acrolinx pr\u00fcfen Content-Teams, ob ihre Texte verst\u00e4ndlich, konsistent, inklusiv und rechtskonform sind. Falls es noch Optimierungspotenzial gibt, l\u00e4sst sich der Content durch einfach anwendbare Schreibtipps direkt anpassen.<\/p>\n\n\n\n<p>Acrolinx setzt auf KI-generierte Vorschl\u00e4ge und Schreibtipps, die mit Ihrem Styleguide abgestimmt sind. Das sorgt nicht nur f\u00fcr qualitativ hochwertigen Content, sondern f\u00fcr ein Plus an Effizienz.<\/p>\n<\/div>\n\n\n\n<div class=\"wp-block-column is-vertically-aligned-top is-layout-flow wp-block-column-is-layout-flow\" style=\"flex-basis:66%\">\n<figure class=\"wp-block-image size-full\"><img decoding=\"async\" src=\"https:\/\/acrolinxdev.wpengine.com\/wp-content\/uploads\/2023\/10\/To-create-great-content-just-ask-2.png\" alt=\"\" class=\"wp-image-15404\" style=\"object-fit:cover\"\/><\/figure>\n<\/div>\n<\/div>\n\n\n\n<div class=\"wp-block-columns is-layout-flex wp-container-core-columns-is-layout-9d6595d7 wp-block-columns-is-layout-flex\">\n<div class=\"wp-block-column is-layout-flow wp-block-column-is-layout-flow\" style=\"flex-basis:50%\">\n<figure class=\"wp-block-image size-full is-resized\"><img decoding=\"async\" src=\"https:\/\/acrolinxdev.wpengine.com\/wp-content\/uploads\/2023\/10\/Govern-generative\u2028AI-content-with-a-click.png\" alt=\"\" class=\"wp-image-15406\" style=\"object-fit:cover;width:405px;height:517px\"\/><\/figure>\n<\/div>\n\n\n\n<div class=\"wp-block-column mx-lg-5 mx-0 wow fadeIn is-layout-flow wp-block-column-is-layout-flow\" style=\"flex-basis:50%\">\n<h2 class=\"wp-block-heading has-text-align-left\">Content direkt in den eigenen Anwendungen pr\u00fcfen<\/h2>\n\n\n\n<p>Zwischen zwei Anwendungen hin- und herspringen, um Content zu pr\u00fcfen? Mit Acrolinx geh\u00f6rt das der Vergangenheit an. Verabschieden Sie sich von unn\u00f6tigen Unterbrechungen, die Sie den roten Faden verlieren lassen. Greifen Sie stattdessen auf Dutzende von Integrationen f\u00fcr alle Content-Teams und Anwendungsf\u00e4lle zur\u00fcck:<\/p>\n\n\n\n<ul class=\"wp-block-list\">\n<li>Adobe AEM und Creative Cloud<\/li>\n\n\n\n<li>Arbortext<\/li>\n\n\n\n<li>Confluence<\/li>\n\n\n\n<li>Figma<\/li>\n\n\n\n<li>Google Workspace<\/li>\n\n\n\n<li>MS Office und M365 Office Online<\/li>\n\n\n\n<li>MadCap Flare<\/li>\n\n\n\n<li>Oxygen<\/li>\n\n\n\n<li>VS-Code<\/li>\n\n\n\n<li>XMetaL<\/li>\n\n\n\n<li>Und mehr!&nbsp;  <br><a href=\"https:\/\/acrolinxcomsta.wpenginepowered.com\/integrations\/\">Alle Acrolinx-Integrationen anzeigen<\/a><\/li>\n<\/ul>\n<\/div>\n<\/div>\n\n\n\n<div class=\"wp-block-columns is-layout-flex wp-container-core-columns-is-layout-9d6595d7 wp-block-columns-is-layout-flex\">\n<div class=\"wp-block-column is-vertically-aligned-top is-layout-flow wp-block-column-is-layout-flow\">\n<h2 class=\"wp-block-heading has-text-align-left mt-0\">Verfeinern Sie Ihr eigenes privates LLM<\/h2>\n\n\n\n<p>Ihr Content entspricht Ihrer Markenstrategie und kommt gut bei der Zielgruppe an?&nbsp;<\/p>\n\n\n\n<p>Dann ist es Zeit f\u00fcr den n\u00e4chsten Schritt. Nutzen Sie Ihre besten Inhalte, um Ihr privates LLM (Large Language Model) auf Ihre Sprache anzupassen.<\/p>\n\n\n\n<p>Acrolinx identifiziert Ihren besten Content, um die Merkmale zu ermitteln, die Ihren Content einzigartig und erfolgreich machen. Diese Merkmale nutzt Acrolinx, wenn Sie zuk\u00fcnftig KI-basiert Content generieren. Au\u00dferdem greift Acrolinx auf Ihre Content-Merkmale zu, um die Schreibtipps f\u00fcr Content-Ersteller*innen perfekt auf Ihre Unternehmenssprache und Ihr Unternehmenswissen abzustimmen.<\/p>\n<\/div>\n\n\n\n<div class=\"wp-block-column is-vertically-aligned-top is-layout-flow wp-block-column-is-layout-flow\">\n<figure class=\"wp-block-image size-full\"><img decoding=\"async\" src=\"https:\/\/acrolinxdev.wpengine.com\/wp-content\/uploads\/2023\/10\/Tune-your-own-private-generative-AI-model.png\" alt=\"\" class=\"wp-image-15407\" style=\"object-fit:cover\"\/><\/figure>\n<\/div>\n<\/div>\n<\/div>\n<\/div>\n\n\n\n<div class=\"wp-block-columns container-fluid bottom-cta-lets-talk demo bg-medium-grey mt-0 mb-0 is-layout-flex wp-container-core-columns-is-layout-9d6595d7 wp-block-columns-is-layout-flex\">\n<div class=\"wp-block-column is-layout-flow wp-block-column-is-layout-flow\">\n<ul id=\"lets-talk-scene\" class=\"scene lets-talk-scene\"> \n            <!-- need a first empty one--><li data-depth=\"0.2\" class=\"layer\"><div class=\"empty\"><\/div><\/li>\n            <li data-depth=\"0.4\" class=\"layer\"><div class=\"lets-talk wow fadeIn\" data-wow-delay=\"0.2s\"><\/div><\/li>   \n         <\/ul>\n\n\n<!-- bottom CTA -->\n       <div class=\"container mt-5 py-5\">\n           <div class=\"row d-flex align-items-center pt-3 pb-5\">\n             \n               <div class=\"col-md-6 col-12 mb-md-0 mb-5 text-center\">\n         \n                    <img decoding=\"async\" class=\"img-fluid pl-md-3 pl-0 mx-lg-0 mx-auto\" src=\"https:\/\/acrolinxcomsta.wpenginepowered.com\/wp-content\/uploads\/2021\/04\/hero-image-lev-2-fin-ok.png\" \/>\n               <\/div>\t\t      \n               <div class=\"col-md-6 col-12\">\n                    <h2 class=\"dark-blue mb-4\">Vereinbaren Sie eine Demo<\/h2>\n                                                   <a class=\"btn btn-primary mt-3 wow fadeIn\" data-wow-delay=\"0.8s\" href=\"https:\/\/acrolinxcomsta.wpenginepowered.com\/de\/jetzt-kontakt-aufnehmen\/\/\" target=\"_self\">Jetzt Kontakt aufnehmen<\/a>\n             \n                <\/div>\n            <\/div>\n        <\/div>\n  <\/div>\n<\/div>\n\n\n\n<p><\/p>\n","protected":false},"excerpt":{"rendered":"<p>Content in gro\u00dfem Umfang erstellen und \u00fcberarbeiten Geben Sie allen Content-Beteiligten die Unterst\u00fctzung, die sie brauchen. So entsteht markengerechter, rechtskonformer und respektvoller Content, dem Sie vertrauen k\u00f6nnen. Unterst\u00fctzung &hellip; <\/p>\n<p class=\"link-more\"><a href=\"https:\/\/acrolinxcomsta.wpenginepowered.com\/de\/unterstuetzung-fuer-content-teams\/\" class=\"more-link\">Continue reading<span class=\"screen-reader-text\"> &#8222;Ganz einfach Content erstellen und \u00fcberpr\u00fcfen&#8220;<\/span><\/a><\/p>\n","protected":false},"author":17,"featured_media":0,"parent":0,"menu_order":0,"comment_status":"closed","ping_status":"closed","template":"hero-page.php","meta":{"_acf_changed":false,"footnotes":"","_links_to":"","_links_to_target":""},"coauthors":[72],"class_list":["post-16167","page","type-page","status-publish","hentry"],"acf":[],"yoast_head":"<!-- This site is optimized with the Yoast SEO plugin v23.2 - https:\/\/yoast.com\/wordpress\/plugins\/seo\/ -->\n<title>Ganz einfach Content erstellen und \u00fcberpr\u00fcfen - Acrolinx<\/title>\n<meta name=\"description\" content=\"Effizient Content erstellen und optimieren! Acrolinx unterst\u00fctzt mit KI-basierten Schreibtipps direkt in Ihren Anwendungen.\" \/>\n<meta name=\"robots\" content=\"noindex, follow, max-snippet:-1, max-image-preview:large, max-video-preview:-1\" \/>\n<meta property=\"og:locale\" content=\"de_DE\" \/>\n<meta property=\"og:type\" content=\"article\" \/>\n<meta property=\"og:title\" content=\"Ganz einfach Content erstellen und \u00fcberpr\u00fcfen - Acrolinx\" \/>\n<meta property=\"og:description\" content=\"Effizient Content erstellen und optimieren! Acrolinx unterst\u00fctzt mit KI-basierten Schreibtipps direkt in Ihren Anwendungen.\" \/>\n<meta property=\"og:url\" content=\"https:\/\/acrolinxcomsta.wpenginepowered.com\/de\/unterstuetzung-fuer-content-teams\/\" \/>\n<meta property=\"og:site_name\" content=\"Acrolinx\" \/>\n<meta property=\"article:publisher\" content=\"https:\/\/www.facebook.com\/Acrolinxcc\/\" \/>\n<meta property=\"article:modified_time\" content=\"2023-12-13T08:13:38+00:00\" \/>\n<meta property=\"og:image\" content=\"https:\/\/acrolinxdev.wpengine.com\/wp-content\/uploads\/2023\/10\/To-create-great-content-just-ask-2.png\" \/>\n<meta name=\"twitter:card\" content=\"summary_large_image\" \/>\n<meta name=\"twitter:site\" content=\"@Acrolinx\" \/>\n<meta name=\"twitter:label1\" content=\"Gesch\u00e4tzte Lesezeit\" \/>\n\t<meta name=\"twitter:data1\" content=\"1 Minute\" \/>\n\t<meta name=\"twitter:label2\" content=\"Written by\" \/>\n\t<meta name=\"twitter:data2\" content=\"Alice Admin\" \/>\n<script type=\"application\/ld+json\" class=\"yoast-schema-graph\">{\"@context\":\"https:\/\/schema.org\",\"@graph\":[{\"@type\":\"WebPage\",\"@id\":\"https:\/\/acrolinxcomsta.wpenginepowered.com\/de\/unterstuetzung-fuer-content-teams\/\",\"url\":\"https:\/\/acrolinxcomsta.wpenginepowered.com\/de\/unterstuetzung-fuer-content-teams\/\",\"name\":\"Ganz einfach Content erstellen und \u00fcberpr\u00fcfen - Acrolinx\",\"isPartOf\":{\"@id\":\"https:\/\/acrolinxcomsta.wpenginepowered.com\/#website\"},\"primaryImageOfPage\":{\"@id\":\"https:\/\/acrolinxcomsta.wpenginepowered.com\/de\/unterstuetzung-fuer-content-teams\/#primaryimage\"},\"image\":{\"@id\":\"https:\/\/acrolinxcomsta.wpenginepowered.com\/de\/unterstuetzung-fuer-content-teams\/#primaryimage\"},\"thumbnailUrl\":\"https:\/\/acrolinxdev.wpengine.com\/wp-content\/uploads\/2023\/10\/To-create-great-content-just-ask-2.png\",\"datePublished\":\"2023-12-12T12:25:26+00:00\",\"dateModified\":\"2023-12-13T08:13:38+00:00\",\"description\":\"Effizient Content erstellen und optimieren! Acrolinx unterst\u00fctzt mit KI-basierten Schreibtipps direkt in Ihren Anwendungen.\",\"breadcrumb\":{\"@id\":\"https:\/\/acrolinxcomsta.wpenginepowered.com\/de\/unterstuetzung-fuer-content-teams\/#breadcrumb\"},\"inLanguage\":\"de-DE\",\"potentialAction\":[{\"@type\":\"ReadAction\",\"target\":[\"https:\/\/acrolinxcomsta.wpenginepowered.com\/de\/unterstuetzung-fuer-content-teams\/\"]}]},{\"@type\":\"ImageObject\",\"inLanguage\":\"de-DE\",\"@id\":\"https:\/\/acrolinxcomsta.wpenginepowered.com\/de\/unterstuetzung-fuer-content-teams\/#primaryimage\",\"url\":\"https:\/\/acrolinxdev.wpengine.com\/wp-content\/uploads\/2023\/10\/To-create-great-content-just-ask-2.png\",\"contentUrl\":\"https:\/\/acrolinxdev.wpengine.com\/wp-content\/uploads\/2023\/10\/To-create-great-content-just-ask-2.png\"},{\"@type\":\"BreadcrumbList\",\"@id\":\"https:\/\/acrolinxcomsta.wpenginepowered.com\/de\/unterstuetzung-fuer-content-teams\/#breadcrumb\",\"itemListElement\":[{\"@type\":\"ListItem\",\"position\":1,\"name\":\"Home\",\"item\":\"https:\/\/acrolinxcomsta.wpenginepowered.com\/de\/\"},{\"@type\":\"ListItem\",\"position\":2,\"name\":\"Ganz einfach Content erstellen und \u00fcberpr\u00fcfen\"}]},{\"@type\":\"WebSite\",\"@id\":\"https:\/\/acrolinxcomsta.wpenginepowered.com\/#website\",\"url\":\"https:\/\/acrolinxcomsta.wpenginepowered.com\/\",\"name\":\"Acrolinx\",\"description\":\"\",\"publisher\":{\"@id\":\"https:\/\/acrolinxcomsta.wpenginepowered.com\/#organization\"},\"potentialAction\":[{\"@type\":\"SearchAction\",\"target\":{\"@type\":\"EntryPoint\",\"urlTemplate\":\"https:\/\/acrolinxcomsta.wpenginepowered.com\/?s={search_term_string}\"},\"query-input\":\"required name=search_term_string\"}],\"inLanguage\":\"de-DE\"},{\"@type\":\"Organization\",\"@id\":\"https:\/\/acrolinxcomsta.wpenginepowered.com\/#organization\",\"name\":\"Acrolinx\",\"url\":\"https:\/\/acrolinxcomsta.wpenginepowered.com\/\",\"logo\":{\"@type\":\"ImageObject\",\"inLanguage\":\"de-DE\",\"@id\":\"https:\/\/acrolinxcomsta.wpenginepowered.com\/#\/schema\/logo\/image\/\",\"url\":\"https:\/\/acrolinxcomsta.wpenginepowered.com\/wp-content\/uploads\/2019\/02\/logo_2x.png\",\"contentUrl\":\"https:\/\/acrolinxcomsta.wpenginepowered.com\/wp-content\/uploads\/2019\/02\/logo_2x.png\",\"width\":326,\"height\":56,\"caption\":\"Acrolinx\"},\"image\":{\"@id\":\"https:\/\/acrolinxcomsta.wpenginepowered.com\/#\/schema\/logo\/image\/\"},\"sameAs\":[\"https:\/\/www.facebook.com\/Acrolinxcc\/\",\"https:\/\/x.com\/Acrolinx\",\"https:\/\/www.linkedin.com\/company\/acrolinx\",\"https:\/\/www.youtube.com\/user\/acrolinxIQ\/\"]}]}<\/script>\n<!-- \/ Yoast SEO plugin. -->","yoast_head_json":{"title":"Ganz einfach Content erstellen und \u00fcberpr\u00fcfen - Acrolinx","description":"Effizient Content erstellen und optimieren! Acrolinx unterst\u00fctzt mit KI-basierten Schreibtipps direkt in Ihren Anwendungen.","robots":{"index":"noindex","follow":"follow","max-snippet":"max-snippet:-1","max-image-preview":"max-image-preview:large","max-video-preview":"max-video-preview:-1"},"og_locale":"de_DE","og_type":"article","og_title":"Ganz einfach Content erstellen und \u00fcberpr\u00fcfen - Acrolinx","og_description":"Effizient Content erstellen und optimieren! Acrolinx unterst\u00fctzt mit KI-basierten Schreibtipps direkt in Ihren Anwendungen.","og_url":"https:\/\/acrolinxcomsta.wpenginepowered.com\/de\/unterstuetzung-fuer-content-teams\/","og_site_name":"Acrolinx","article_publisher":"https:\/\/www.facebook.com\/Acrolinxcc\/","article_modified_time":"2023-12-13T08:13:38+00:00","og_image":[{"url":"https:\/\/acrolinxdev.wpengine.com\/wp-content\/uploads\/2023\/10\/To-create-great-content-just-ask-2.png"}],"twitter_card":"summary_large_image","twitter_site":"@Acrolinx","twitter_misc":{"Gesch\u00e4tzte Lesezeit":"1 Minute","Written by":"Alice Admin"},"schema":{"@context":"https:\/\/schema.org","@graph":[{"@type":"WebPage","@id":"https:\/\/acrolinxcomsta.wpenginepowered.com\/de\/unterstuetzung-fuer-content-teams\/","url":"https:\/\/acrolinxcomsta.wpenginepowered.com\/de\/unterstuetzung-fuer-content-teams\/","name":"Ganz einfach Content erstellen und \u00fcberpr\u00fcfen - Acrolinx","isPartOf":{"@id":"https:\/\/acrolinxcomsta.wpenginepowered.com\/#website"},"primaryImageOfPage":{"@id":"https:\/\/acrolinxcomsta.wpenginepowered.com\/de\/unterstuetzung-fuer-content-teams\/#primaryimage"},"image":{"@id":"https:\/\/acrolinxcomsta.wpenginepowered.com\/de\/unterstuetzung-fuer-content-teams\/#primaryimage"},"thumbnailUrl":"https:\/\/acrolinxdev.wpengine.com\/wp-content\/uploads\/2023\/10\/To-create-great-content-just-ask-2.png","datePublished":"2023-12-12T12:25:26+00:00","dateModified":"2023-12-13T08:13:38+00:00","description":"Effizient Content erstellen und optimieren! Acrolinx unterst\u00fctzt mit KI-basierten Schreibtipps direkt in Ihren Anwendungen.","breadcrumb":{"@id":"https:\/\/acrolinxcomsta.wpenginepowered.com\/de\/unterstuetzung-fuer-content-teams\/#breadcrumb"},"inLanguage":"de-DE","potentialAction":[{"@type":"ReadAction","target":["https:\/\/acrolinxcomsta.wpenginepowered.com\/de\/unterstuetzung-fuer-content-teams\/"]}]},{"@type":"ImageObject","inLanguage":"de-DE","@id":"https:\/\/acrolinxcomsta.wpenginepowered.com\/de\/unterstuetzung-fuer-content-teams\/#primaryimage","url":"https:\/\/acrolinxdev.wpengine.com\/wp-content\/uploads\/2023\/10\/To-create-great-content-just-ask-2.png","contentUrl":"https:\/\/acrolinxdev.wpengine.com\/wp-content\/uploads\/2023\/10\/To-create-great-content-just-ask-2.png"},{"@type":"BreadcrumbList","@id":"https:\/\/acrolinxcomsta.wpenginepowered.com\/de\/unterstuetzung-fuer-content-teams\/#breadcrumb","itemListElement":[{"@type":"ListItem","position":1,"name":"Home","item":"https:\/\/acrolinxcomsta.wpenginepowered.com\/de\/"},{"@type":"ListItem","position":2,"name":"Ganz einfach Content erstellen und \u00fcberpr\u00fcfen"}]},{"@type":"WebSite","@id":"https:\/\/acrolinxcomsta.wpenginepowered.com\/#website","url":"https:\/\/acrolinxcomsta.wpenginepowered.com\/","name":"Acrolinx","description":"","publisher":{"@id":"https:\/\/acrolinxcomsta.wpenginepowered.com\/#organization"},"potentialAction":[{"@type":"SearchAction","target":{"@type":"EntryPoint","urlTemplate":"https:\/\/acrolinxcomsta.wpenginepowered.com\/?s={search_term_string}"},"query-input":"required name=search_term_string"}],"inLanguage":"de-DE"},{"@type":"Organization","@id":"https:\/\/acrolinxcomsta.wpenginepowered.com\/#organization","name":"Acrolinx","url":"https:\/\/acrolinxcomsta.wpenginepowered.com\/","logo":{"@type":"ImageObject","inLanguage":"de-DE","@id":"https:\/\/acrolinxcomsta.wpenginepowered.com\/#\/schema\/logo\/image\/","url":"https:\/\/acrolinxcomsta.wpenginepowered.com\/wp-content\/uploads\/2019\/02\/logo_2x.png","contentUrl":"https:\/\/acrolinxcomsta.wpenginepowered.com\/wp-content\/uploads\/2019\/02\/logo_2x.png","width":326,"height":56,"caption":"Acrolinx"},"image":{"@id":"https:\/\/acrolinxcomsta.wpenginepowered.com\/#\/schema\/logo\/image\/"},"sameAs":["https:\/\/www.facebook.com\/Acrolinxcc\/","https:\/\/x.com\/Acrolinx","https:\/\/www.linkedin.com\/company\/acrolinx","https:\/\/www.youtube.com\/user\/acrolinxIQ\/"]}]}},"_links":{"self":[{"href":"https:\/\/acrolinxcomsta.wpenginepowered.com\/de\/wp-json\/wp\/v2\/pages\/16167","targetHints":{"allow":["GET"]}}],"collection":[{"href":"https:\/\/acrolinxcomsta.wpenginepowered.com\/de\/wp-json\/wp\/v2\/pages"}],"about":[{"href":"https:\/\/acrolinxcomsta.wpenginepowered.com\/de\/wp-json\/wp\/v2\/types\/page"}],"author":[{"embeddable":true,"href":"https:\/\/acrolinxcomsta.wpenginepowered.com\/de\/wp-json\/wp\/v2\/users\/17"}],"replies":[{"embeddable":true,"href":"https:\/\/acrolinxcomsta.wpenginepowered.com\/de\/wp-json\/wp\/v2\/comments?post=16167"}],"version-history":[{"count":0,"href":"https:\/\/acrolinxcomsta.wpenginepowered.com\/de\/wp-json\/wp\/v2\/pages\/16167\/revisions"}],"wp:attachment":[{"href":"https:\/\/acrolinxcomsta.wpenginepowered.com\/de\/wp-json\/wp\/v2\/media?parent=16167"}],"wp:term":[{"taxonomy":"author","embeddable":true,"href":"https:\/\/acrolinxcomsta.wpenginepowered.com\/de\/wp-json\/wp\/v2\/coauthors?post=16167"}],"curies":[{"name":"wp","href":"https:\/\/api.w.org\/{rel}","templated":true}]}}