{"id":16502,"date":"2024-02-20T08:19:51","date_gmt":"2024-02-20T07:19:51","guid":{"rendered":"https:\/\/acrolinxcomsta.wpenginepowered.com\/?page_id=16502"},"modified":"2024-02-20T08:19:51","modified_gmt":"2024-02-20T07:19:51","slug":"pressemeldungen","status":"publish","type":"page","link":"https:\/\/acrolinxcomsta.wpenginepowered.com\/de\/pressemeldungen\/","title":{"rendered":"Pressemeldungen"},"content":{"rendered":"\n<div class=\"wp-block-query news-container is-layout-flow wp-block-query-is-layout-flow\"><ul id=\"6\" class=\"columns-2 news-loop wp-block-post-template is-layout-grid wp-container-core-post-template-is-layout-17361a50 wp-block-post-template-is-layout-grid\"><li class=\"wp-block-post post-16946 news type-news status-publish hentry class-news-releases\">\n<div class=\"bold wp-block-post-date\"><time datetime=\"2024-06-18T14:00:00+01:00\">Juni 18, 2024<\/time><\/div>\n\n<h2 class=\"mt-3 mb-3 wp-block-post-title\"><a href=\"https:\/\/www.businesswire.com\/news\/home\/20240618480157\/en\/Acrolinx-Launches-New-AI-Capabilities-To-Unlock-Enterprise-Content-Potential\" target=\"_self\" >Acrolinx Launches New AI Capabilities To Unlock Enterprise Content Potential<\/a><\/h2>\n\n<div class=\"wp-block-post-excerpt\"><p class=\"wp-block-post-excerpt__excerpt\">Acrolinx, a global leader in SaaS enterprise content governance, launched new generative AI capabilities designed to maximize productivity benefits while mitigating the risks that AI poses. After a successful Beta program with over 20 enterprise customers, Get Suggestions, AI Assistant, and AI Guardrails are publicly available to empower all organizations to use AI confidently and&hellip;<\/p><p class=\"wp-block-post-excerpt__more-text\"><a class=\"wp-block-post-excerpt__more-link\" href=\"https:\/\/www.businesswire.com\/news\/home\/20240618480157\/en\/Acrolinx-Launches-New-AI-Capabilities-To-Unlock-Enterprise-Content-Potential\">Read more<\/a><\/p><\/div>\n<\/li><li class=\"wp-block-post post-16511 news type-news status-publish hentry class-news-releases\">\n<div class=\"bold wp-block-post-date\"><time datetime=\"2024-02-20T14:01:00+01:00\">Februar 20, 2024<\/time><\/div>\n\n<h2 class=\"mt-3 mb-3 wp-block-post-title\"><a href=\"https:\/\/www.businesswire.com\/news\/home\/20240220502621\/en\/Britta-M%C3%BChlenberg-Expands-Role-To-Chief-Operating-Officer-as-Acrolinx-Prepares-for-Major-Product-Launch\" target=\"_self\" >Britta M\u00fchlenberg Expands Role To Chief Operating Officer as Acrolinx Prepares for Major Product Launch<\/a><\/h2>\n\n<div class=\"wp-block-post-excerpt\"><p class=\"wp-block-post-excerpt__excerpt\">Britta\u2019s elevation to COO comes as the AI content innovator prioritizes organizational alignment to fuel even better customer experience as it prepares for its latest generative AI offering. Acrolinx, a global leader in SaaS enterprise editorial management and content quality improvement, proudly announces Britta M\u00fchlenberg as its Chief Operating Officer. Britta will continue to lead&hellip;<\/p><p class=\"wp-block-post-excerpt__more-text\"><a class=\"wp-block-post-excerpt__more-link\" href=\"https:\/\/www.businesswire.com\/news\/home\/20240220502621\/en\/Britta-M%C3%BChlenberg-Expands-Role-To-Chief-Operating-Officer-as-Acrolinx-Prepares-for-Major-Product-Launch\">Read more<\/a><\/p><\/div>\n<\/li><li class=\"wp-block-post post-16509 news type-news status-publish hentry class-news-releases\">\n<div class=\"bold wp-block-post-date\"><time datetime=\"2024-02-20T14:00:00+01:00\">Februar 20, 2024<\/time><\/div>\n\n<h2 class=\"mt-3 mb-3 wp-block-post-title\"><a href=\"https:\/\/acrolinxcomsta.wpenginepowered.com\/de\/news\/britta-muehlenberg-tritt-erweiterte-rolle-als-chief-operating-officer-an\/\" target=\"_self\" >Britta M\u00fchlenberg tritt erweiterte Rolle als Chief Operating Officer an<\/a><\/h2>\n\n<div class=\"wp-block-post-excerpt\"><p class=\"wp-block-post-excerpt__excerpt\">Gegenw\u00e4rtig bereitet der KI-Content-Innovator Acrolinx die Einf\u00fchrung seiner neuen Generative-AI-L\u00f6sung vor. Bei der Produkteinf\u00fchrung steht die organisatorische Ausrichtung auf eine noch bessere Kund*innenerfahrung im Vordergrund.<\/p><p class=\"wp-block-post-excerpt__more-text\"><a class=\"wp-block-post-excerpt__more-link\" href=\"https:\/\/acrolinxcomsta.wpenginepowered.com\/de\/news\/britta-muehlenberg-tritt-erweiterte-rolle-als-chief-operating-officer-an\/\">Read more<\/a><\/p><\/div>\n<\/li><li class=\"wp-block-post post-15006 news type-news status-publish hentry class-news-releases\">\n<div class=\"bold wp-block-post-date\"><time datetime=\"2023-04-19T16:00:00+01:00\">April 19, 2023<\/time><\/div>\n\n<h2 class=\"mt-3 mb-3 wp-block-post-title\"><a href=\"https:\/\/www.businesswire.com\/news\/home\/20230419005246\/en\/AI-Enrich-for-Acrolinx-Gives-Enterprises-Generative-AI-Benefits-Without-the-Risks\" target=\"_self\" >AI Enrich for Acrolinx\u00a0Gives Enterprises Generative AI Benefits Without the Risks<\/a><\/h2>\n\n<div class=\"wp-block-post-excerpt\"><p class=\"wp-block-post-excerpt__excerpt\">For enterprises seeking the productivity benefits of generative AI (GAI) without the massive financial, legal or compliance risks, content governance leader Acrolinx has introduced AI Enrich for Acrolinx, a new GAI module, and a first-of-its-kind enterprise-grade solution.<\/p><p class=\"wp-block-post-excerpt__more-text\"><a class=\"wp-block-post-excerpt__more-link\" href=\"https:\/\/www.businesswire.com\/news\/home\/20230419005246\/en\/AI-Enrich-for-Acrolinx-Gives-Enterprises-Generative-AI-Benefits-Without-the-Risks\">Read more<\/a><\/p><\/div>\n<\/li><li class=\"wp-block-post post-14668 news type-news status-publish hentry class-news-releases\">\n<div class=\"bold wp-block-post-date\"><time datetime=\"2023-02-15T09:00:46+01:00\">Februar 15, 2023<\/time><\/div>\n\n<h2 class=\"mt-3 mb-3 wp-block-post-title\"><a href=\"https:\/\/www.corporatevision-news.com\/corporate-vision-magazine-announces-the-winners-of-the-media-innovator-awards-2022\/\" target=\"_self\" >Corporate Vision Magazine Announces the Winners of the Media Innovator Awards 2022<\/a><\/h2>\n\n<div class=\"wp-block-post-excerpt\"><p class=\"wp-block-post-excerpt__excerpt\">Corporate Vision magazine shares the 2022 winners of the Media Innovator Awards. This includes Acrolinx who won the Best Content Marketing Software Company award at Corporate Vision&#8217;s Media Innovator Awards. Learn more about these distinguished winners, and to find out the secrets behind their success.<\/p><p class=\"wp-block-post-excerpt__more-text\"><a class=\"wp-block-post-excerpt__more-link\" href=\"https:\/\/www.corporatevision-news.com\/corporate-vision-magazine-announces-the-winners-of-the-media-innovator-awards-2022\/\">Read more<\/a><\/p><\/div>\n<\/li><li class=\"wp-block-post post-14586 news type-news status-publish hentry class-news-releases\">\n<div class=\"bold wp-block-post-date\"><time datetime=\"2023-02-14T09:00:52+01:00\">Februar 14, 2023<\/time><\/div>\n\n<h2 class=\"mt-3 mb-3 wp-block-post-title\"><a href=\"https:\/\/www.hitachi-solutions.co.jp\/company\/press\/news\/2023\/0214.html\" target=\"_self\" >AI\u306b\u3088\u308b\u6587\u7ae0\u89e3\u6790\u3067\u591a\u8a00\u8a9e\u30c9\u30ad\u30e5\u30e1\u30f3\u30c8\u306e\u4f5c\u6210\u3092\u52b9\u7387\u5316\u3059\u308b\u300cAcrolinx\u300d\u306e\u63d0\u4f9b\u958b\u59cb<\/a><\/h2>\n\n<div class=\"wp-block-post-excerpt\"><p class=\"wp-block-post-excerpt__excerpt\">\u8aac\u660e\u66f8\u3084\u624b\u9806\u66f8\u306e\u7528\u8a9e\u3084\u6587\u4f53\u3092\u81ea\u52d5\u89e3\u6790\u3057\u3001\u7ffb\u8a33\u3057\u3084\u3059\u3044\u65e5\u672c\u8a9e\u3092\u4f5c\u6210\u3059\u308b\u3053\u3068\u3067\u591a\u8a00\u8a9e\u7ffb\u8a33\u3092\u652f\u63f4<\/p><p class=\"wp-block-post-excerpt__more-text\"><a class=\"wp-block-post-excerpt__more-link\" href=\"https:\/\/www.hitachi-solutions.co.jp\/company\/press\/news\/2023\/0214.html\">Read more<\/a><\/p><\/div>\n<\/li><\/ul>\n\n\n<div data-loadingtext=\"loading...\" data-autotrigger=\"false\" data-pagekey=\"\/de\/wp-json\/wp\/v2\/pages\/16502?query-13-page\"  data-totalpages=\"18\" class=\"ghub-query-load-more justify-content-center mt-5 bold strong is-content-justification-center is-layout-flex wp-container-ghub-query-load-more-is-layout-16018d1d wp-block-ghub-query-load-more-is-layout-flex\"><a class=\"ghub_query_load_more_link wp-element-button  undefined\">Load More<\/a><\/div>\n<\/div>\n","protected":false},"excerpt":{"rendered":"","protected":false},"author":17,"featured_media":0,"parent":0,"menu_order":0,"comment_status":"closed","ping_status":"closed","template":"","meta":{"_acf_changed":false,"footnotes":"","_links_to":"","_links_to_target":""},"coauthors":[72],"class_list":["post-16502","page","type-page","status-publish","hentry"],"acf":[],"yoast_head":"<!-- This site is optimized with the Yoast SEO plugin v23.2 - https:\/\/yoast.com\/wordpress\/plugins\/seo\/ -->\n<title>Pressemeldungen - Acrolinx<\/title>\n<meta name=\"description\" content=\"Entdecken Sie unsere Pressemeldungen. Erfahren Sie mehr \u00fcber unser AI-gest\u00fctztes Enterprise Editorial Management-System.\" \/>\n<meta name=\"robots\" content=\"noindex, follow, max-snippet:-1, max-image-preview:large, max-video-preview:-1\" \/>\n<meta property=\"og:locale\" content=\"de_DE\" \/>\n<meta property=\"og:type\" content=\"article\" \/>\n<meta property=\"og:title\" content=\"Pressemeldungen - Acrolinx\" \/>\n<meta property=\"og:description\" content=\"Entdecken Sie unsere Pressemeldungen. Erfahren Sie mehr \u00fcber unser AI-gest\u00fctztes Enterprise Editorial Management-System.\" \/>\n<meta property=\"og:url\" content=\"https:\/\/acrolinxcomsta.wpenginepowered.com\/de\/pressemeldungen\/\" \/>\n<meta property=\"og:site_name\" content=\"Acrolinx\" \/>\n<meta property=\"article:publisher\" content=\"https:\/\/www.facebook.com\/Acrolinxcc\/\" \/>\n<meta name=\"twitter:card\" content=\"summary_large_image\" \/>\n<meta name=\"twitter:site\" content=\"@Acrolinx\" \/>\n<meta name=\"twitter:label1\" content=\"Written by\" \/>\n\t<meta name=\"twitter:data1\" content=\"Alice Admin\" \/>\n<script type=\"application\/ld+json\" class=\"yoast-schema-graph\">{\"@context\":\"https:\/\/schema.org\",\"@graph\":[{\"@type\":\"WebPage\",\"@id\":\"https:\/\/acrolinxcomsta.wpenginepowered.com\/de\/pressemeldungen\/\",\"url\":\"https:\/\/acrolinxcomsta.wpenginepowered.com\/de\/pressemeldungen\/\",\"name\":\"Pressemeldungen - Acrolinx\",\"isPartOf\":{\"@id\":\"https:\/\/acrolinxcomsta.wpenginepowered.com\/#website\"},\"datePublished\":\"2024-02-20T07:19:51+00:00\",\"dateModified\":\"2024-02-20T07:19:51+00:00\",\"description\":\"Entdecken Sie unsere Pressemeldungen. Erfahren Sie mehr \u00fcber unser AI-gest\u00fctztes Enterprise Editorial Management-System.\",\"breadcrumb\":{\"@id\":\"https:\/\/acrolinxcomsta.wpenginepowered.com\/de\/pressemeldungen\/#breadcrumb\"},\"inLanguage\":\"de-DE\",\"potentialAction\":[{\"@type\":\"ReadAction\",\"target\":[\"https:\/\/acrolinxcomsta.wpenginepowered.com\/de\/pressemeldungen\/\"]}]},{\"@type\":\"BreadcrumbList\",\"@id\":\"https:\/\/acrolinxcomsta.wpenginepowered.com\/de\/pressemeldungen\/#breadcrumb\",\"itemListElement\":[{\"@type\":\"ListItem\",\"position\":1,\"name\":\"Home\",\"item\":\"https:\/\/acrolinxcomsta.wpenginepowered.com\/de\/\"},{\"@type\":\"ListItem\",\"position\":2,\"name\":\"Pressemeldungen\"}]},{\"@type\":\"WebSite\",\"@id\":\"https:\/\/acrolinxcomsta.wpenginepowered.com\/#website\",\"url\":\"https:\/\/acrolinxcomsta.wpenginepowered.com\/\",\"name\":\"Acrolinx\",\"description\":\"\",\"publisher\":{\"@id\":\"https:\/\/acrolinxcomsta.wpenginepowered.com\/#organization\"},\"potentialAction\":[{\"@type\":\"SearchAction\",\"target\":{\"@type\":\"EntryPoint\",\"urlTemplate\":\"https:\/\/acrolinxcomsta.wpenginepowered.com\/?s={search_term_string}\"},\"query-input\":\"required name=search_term_string\"}],\"inLanguage\":\"de-DE\"},{\"@type\":\"Organization\",\"@id\":\"https:\/\/acrolinxcomsta.wpenginepowered.com\/#organization\",\"name\":\"Acrolinx\",\"url\":\"https:\/\/acrolinxcomsta.wpenginepowered.com\/\",\"logo\":{\"@type\":\"ImageObject\",\"inLanguage\":\"de-DE\",\"@id\":\"https:\/\/acrolinxcomsta.wpenginepowered.com\/#\/schema\/logo\/image\/\",\"url\":\"https:\/\/acrolinxcomsta.wpenginepowered.com\/wp-content\/uploads\/2019\/02\/logo_2x.png\",\"contentUrl\":\"https:\/\/acrolinxcomsta.wpenginepowered.com\/wp-content\/uploads\/2019\/02\/logo_2x.png\",\"width\":326,\"height\":56,\"caption\":\"Acrolinx\"},\"image\":{\"@id\":\"https:\/\/acrolinxcomsta.wpenginepowered.com\/#\/schema\/logo\/image\/\"},\"sameAs\":[\"https:\/\/www.facebook.com\/Acrolinxcc\/\",\"https:\/\/x.com\/Acrolinx\",\"https:\/\/www.linkedin.com\/company\/acrolinx\",\"https:\/\/www.youtube.com\/user\/acrolinxIQ\/\"]}]}<\/script>\n<!-- \/ Yoast SEO plugin. -->","yoast_head_json":{"title":"Pressemeldungen - Acrolinx","description":"Entdecken Sie unsere Pressemeldungen. Erfahren Sie mehr \u00fcber unser AI-gest\u00fctztes Enterprise Editorial Management-System.","robots":{"index":"noindex","follow":"follow","max-snippet":"max-snippet:-1","max-image-preview":"max-image-preview:large","max-video-preview":"max-video-preview:-1"},"og_locale":"de_DE","og_type":"article","og_title":"Pressemeldungen - Acrolinx","og_description":"Entdecken Sie unsere Pressemeldungen. Erfahren Sie mehr \u00fcber unser AI-gest\u00fctztes Enterprise Editorial Management-System.","og_url":"https:\/\/acrolinxcomsta.wpenginepowered.com\/de\/pressemeldungen\/","og_site_name":"Acrolinx","article_publisher":"https:\/\/www.facebook.com\/Acrolinxcc\/","twitter_card":"summary_large_image","twitter_site":"@Acrolinx","twitter_misc":{"Written by":"Alice Admin"},"schema":{"@context":"https:\/\/schema.org","@graph":[{"@type":"WebPage","@id":"https:\/\/acrolinxcomsta.wpenginepowered.com\/de\/pressemeldungen\/","url":"https:\/\/acrolinxcomsta.wpenginepowered.com\/de\/pressemeldungen\/","name":"Pressemeldungen - Acrolinx","isPartOf":{"@id":"https:\/\/acrolinxcomsta.wpenginepowered.com\/#website"},"datePublished":"2024-02-20T07:19:51+00:00","dateModified":"2024-02-20T07:19:51+00:00","description":"Entdecken Sie unsere Pressemeldungen. Erfahren Sie mehr \u00fcber unser AI-gest\u00fctztes Enterprise Editorial Management-System.","breadcrumb":{"@id":"https:\/\/acrolinxcomsta.wpenginepowered.com\/de\/pressemeldungen\/#breadcrumb"},"inLanguage":"de-DE","potentialAction":[{"@type":"ReadAction","target":["https:\/\/acrolinxcomsta.wpenginepowered.com\/de\/pressemeldungen\/"]}]},{"@type":"BreadcrumbList","@id":"https:\/\/acrolinxcomsta.wpenginepowered.com\/de\/pressemeldungen\/#breadcrumb","itemListElement":[{"@type":"ListItem","position":1,"name":"Home","item":"https:\/\/acrolinxcomsta.wpenginepowered.com\/de\/"},{"@type":"ListItem","position":2,"name":"Pressemeldungen"}]},{"@type":"WebSite","@id":"https:\/\/acrolinxcomsta.wpenginepowered.com\/#website","url":"https:\/\/acrolinxcomsta.wpenginepowered.com\/","name":"Acrolinx","description":"","publisher":{"@id":"https:\/\/acrolinxcomsta.wpenginepowered.com\/#organization"},"potentialAction":[{"@type":"SearchAction","target":{"@type":"EntryPoint","urlTemplate":"https:\/\/acrolinxcomsta.wpenginepowered.com\/?s={search_term_string}"},"query-input":"required name=search_term_string"}],"inLanguage":"de-DE"},{"@type":"Organization","@id":"https:\/\/acrolinxcomsta.wpenginepowered.com\/#organization","name":"Acrolinx","url":"https:\/\/acrolinxcomsta.wpenginepowered.com\/","logo":{"@type":"ImageObject","inLanguage":"de-DE","@id":"https:\/\/acrolinxcomsta.wpenginepowered.com\/#\/schema\/logo\/image\/","url":"https:\/\/acrolinxcomsta.wpenginepowered.com\/wp-content\/uploads\/2019\/02\/logo_2x.png","contentUrl":"https:\/\/acrolinxcomsta.wpenginepowered.com\/wp-content\/uploads\/2019\/02\/logo_2x.png","width":326,"height":56,"caption":"Acrolinx"},"image":{"@id":"https:\/\/acrolinxcomsta.wpenginepowered.com\/#\/schema\/logo\/image\/"},"sameAs":["https:\/\/www.facebook.com\/Acrolinxcc\/","https:\/\/x.com\/Acrolinx","https:\/\/www.linkedin.com\/company\/acrolinx","https:\/\/www.youtube.com\/user\/acrolinxIQ\/"]}]}},"_links":{"self":[{"href":"https:\/\/acrolinxcomsta.wpenginepowered.com\/de\/wp-json\/wp\/v2\/pages\/16502","targetHints":{"allow":["GET"]}}],"collection":[{"href":"https:\/\/acrolinxcomsta.wpenginepowered.com\/de\/wp-json\/wp\/v2\/pages"}],"about":[{"href":"https:\/\/acrolinxcomsta.wpenginepowered.com\/de\/wp-json\/wp\/v2\/types\/page"}],"author":[{"embeddable":true,"href":"https:\/\/acrolinxcomsta.wpenginepowered.com\/de\/wp-json\/wp\/v2\/users\/17"}],"replies":[{"embeddable":true,"href":"https:\/\/acrolinxcomsta.wpenginepowered.com\/de\/wp-json\/wp\/v2\/comments?post=16502"}],"version-history":[{"count":0,"href":"https:\/\/acrolinxcomsta.wpenginepowered.com\/de\/wp-json\/wp\/v2\/pages\/16502\/revisions"}],"wp:attachment":[{"href":"https:\/\/acrolinxcomsta.wpenginepowered.com\/de\/wp-json\/wp\/v2\/media?parent=16502"}],"wp:term":[{"taxonomy":"author","embeddable":true,"href":"https:\/\/acrolinxcomsta.wpenginepowered.com\/de\/wp-json\/wp\/v2\/coauthors?post=16502"}],"curies":[{"name":"wp","href":"https:\/\/api.w.org\/{rel}","templated":true}]}}