{"id":8172,"date":"2018-10-18T13:51:13","date_gmt":"2018-10-18T12:51:13","guid":{"rendered":"https:\/\/acrolinxcomsta.wpenginepowered.com\/?page_id=8172"},"modified":"2023-12-22T14:43:32","modified_gmt":"2023-12-22T13:43:32","slug":"produkt","status":"publish","type":"page","link":"https:\/\/acrolinxcomsta.wpenginepowered.com\/de\/produkt\/","title":{"rendered":"Effizient Content produzieren \u2013 bei kontrolliertem Risiko"},"content":{"rendered":"<!-- Standard Hero -->\n<section class=\"container-fluid hero pb-2 bg-light-grey\">\n        <div class=\"row mb-lg-5 mb-3\">  \n\t\t\t    <div class=\"review-home\">\n\t\t\t\t\t\t\t\t\t\t\t\t\t<\/div>\n            <div class=\"inner-hero container d-flex py-3 px-lg-0 px-md-5 px-0\">\n            <!-- Text and button hero -->\n                        <ul id=\"scene\" class=\"scene wow fadeInRight\" data-wow-delay=\"0.6s\"> \n                <!-- need a first empty one for yet unknown reasons--><li data-depth=\"0.2\" class=\"layer\"><div class=\"empty\" \/><\/li>\n                <li data-depth=\"0.3\" class=\"layer\">\n                \n                    <div class=\"slice slice-one\" style=\"background-image: url(https:\/\/acrolinxcomsta.wpenginepowered.com\/wp-content\/uploads\/2021\/02\/Level-1.png)\"\/>\n                <\/li>\n                <li data-depth=\"0.4\" class=\"layer\"><div class=\"slice slice-two\" style=\"background-image: url(https:\/\/acrolinxcomsta.wpenginepowered.com\/wp-content\/uploads\/2021\/02\/Level-2.png)\"\/><\/li>\n                                <li data-depth=\"0.6\" class=\"layer\"><div class=\"slice slice-three\" style=\"background-image: url(https:\/\/acrolinxcomsta.wpenginepowered.com\/wp-content\/uploads\/2021\/04\/Level-3-new.png)\"\/><\/li> \n                            <\/ul>\n                    \t<div class=\"wow fadeIn hero-text col-lg-6 col align-self-center order-lg-1 mt-lg-0 mt-4 mb-4\" data-wow-delay=\"0.1s\">\n                        \t\t<h1 class=\"pr-4\">Effizient Content produzieren \u2013 bei kontrolliertem Risiko        \t\t<\/h1>\n        \t\t<p class=\"wow fadeIn subheading-hero pt-2 pb-4 mb-1\" data-wow-delay=\"0.2s\">Das Editorial Management-System, mit dem auch Ihr Unternehmen gro\u00dfartigen Content auf den Markt bringt. <\/p>\n\t\t            \n\t\t                        \t\t        \t<a class=\"mb-3 wow fadeInUp btn-primary btn-lg btn cta-hero\" data-wow-delay=\"0.4s\" href=\"#em\" target=\"\">Mehr erfahren<\/a>\n\t\t               \n        \t\t\t\t\t\t \n        \t<\/div> \n            <!-- video player custom test -->\n             \n                <\/div>\n                \n    <\/section>\n\n\n<div class=\"wp-block-columns container mx-auto is-layout-flex wp-container-core-columns-is-layout-9d6595d7 wp-block-columns-is-layout-flex\">\n<div class=\"wp-block-column row is-layout-flow wp-block-column-is-layout-flow\" id=\"em\">\n<h2 class=\"wp-block-heading has-text-align-center section-head dark-blue mt-lg-5 mx-auto mb-lg-5 my-4\">Editorial Management f\u00fcr Unternehmen<\/h2>\n\n\n\n<div class=\"wp-block-columns is-layout-flex wp-container-core-columns-is-layout-9d6595d7 wp-block-columns-is-layout-flex\">\n<div class=\"wp-block-column is-layout-flow wp-block-column-is-layout-flow\">\n<p class=\"has-text-align-center\">Unternehmen haben M\u00fche, effizient hochwertigen Content zu erstellen. Um den Bedarf an Content zu decken, m\u00fcssen Ihre Content-Teams die Texte immer schneller produzieren. Das bedeutet viel Druck f\u00fcr alle, die Texte schreiben und \u00fcberpr\u00fcfen.&nbsp;<\/p>\n\n\n\n<p class=\"has-text-align-center\">Um Zeit zu sparen, wird Content mitunter ohne Qualit\u00e4tspr\u00fcfung ver\u00f6ffentlicht. Die Folge: Schlechter, risikobehafteter Content, der nicht zu Ihrer Marke und Ihrem Stil passt.&nbsp;Um dieses Szenario zu vermeiden, unterst\u00fctzt das Editorial Management-System Acrolinx die Content-Produktion in Ihrem Unternehmen. <\/p>\n\n\n\n<p class=\"has-text-align-center\">Von unternehmensweiten Content-Standards \u00fcber Unterst\u00fctzung f\u00fcr alle, die Content schreiben und pr\u00fcfen, automatisierte Content-Governance bis hin zu Content-Analytics.<\/p>\n<\/div>\n<\/div>\n\n\n\n<div class=\"wp-block-columns container is-layout-flex wp-container-core-columns-is-layout-9d6595d7 wp-block-columns-is-layout-flex\">\n<div class=\"wp-block-column is-vertically-aligned-top is-layout-flow wp-block-column-is-layout-flow\">\n<h3 class=\"wp-block-heading has-text-align-center pink d-block pb-2\">Produkt<\/h3>\n\n\n<div class=\"wp-block-image essb-block-image\">\n<figure class=\"aligncenter size-large is-resized\" data-essb-pin-description=\"Gear icon representing product teams.\"><img loading=\"lazy\" decoding=\"async\" width=\"1140\" height=\"1140\" src=\"https:\/\/acrolinxcomsta.wpenginepowered.com\/wp-content\/uploads\/2023\/12\/Product@20x-1140x1140.png\" alt=\"\" class=\"wp-image-16156\" style=\"object-fit:contain;width:75px;height:75px\" srcset=\"https:\/\/acrolinxcomsta.wpenginepowered.com\/wp-content\/uploads\/2023\/12\/Product@20x-1140x1140.png 1140w, https:\/\/acrolinxcomsta.wpenginepowered.com\/wp-content\/uploads\/2023\/12\/Product@20x-300x300.png 300w, https:\/\/acrolinxcomsta.wpenginepowered.com\/wp-content\/uploads\/2023\/12\/Product@20x-768x768.png 768w, https:\/\/acrolinxcomsta.wpenginepowered.com\/wp-content\/uploads\/2023\/12\/Product@20x-150x150.png 150w, https:\/\/acrolinxcomsta.wpenginepowered.com\/wp-content\/uploads\/2023\/12\/Product@20x-100x100.png 100w, https:\/\/acrolinxcomsta.wpenginepowered.com\/wp-content\/uploads\/2023\/12\/Product@20x-120x120.png 120w, https:\/\/acrolinxcomsta.wpenginepowered.com\/wp-content\/uploads\/2023\/12\/Product@20x.png 1274w\" sizes=\"auto, (max-width: 706px) 89vw, (max-width: 767px) 82vw, 740px\" \/><\/figure>\n<\/div>\n\n\n<p class=\"has-text-align-center\">Technische Kommunikation<br>Microcopy<br>Skripte und Code<\/p>\n<\/div>\n\n\n\n<div class=\"wp-block-column is-vertically-aligned-top is-layout-flow wp-block-column-is-layout-flow\">\n<h3 class=\"wp-block-heading has-text-align-center pink d-block pb-2\">Support<\/h3>\n\n\n<div class=\"wp-block-image\">\n<figure class=\"aligncenter size-large is-resized\"><img loading=\"lazy\" decoding=\"async\" width=\"1140\" height=\"1210\" src=\"https:\/\/acrolinxcomsta.wpenginepowered.com\/wp-content\/uploads\/2023\/12\/Support@20x-1140x1210.png\" alt=\"\" class=\"wp-image-16158\" style=\"aspect-ratio:1;object-fit:contain;height:75px\" srcset=\"https:\/\/acrolinxcomsta.wpenginepowered.com\/wp-content\/uploads\/2023\/12\/Support@20x-1140x1210.png 1140w, https:\/\/acrolinxcomsta.wpenginepowered.com\/wp-content\/uploads\/2023\/12\/Support@20x-283x300.png 283w, https:\/\/acrolinxcomsta.wpenginepowered.com\/wp-content\/uploads\/2023\/12\/Support@20x-768x815.png 768w, https:\/\/acrolinxcomsta.wpenginepowered.com\/wp-content\/uploads\/2023\/12\/Support@20x.png 1196w\" sizes=\"auto, (max-width: 706px) 89vw, (max-width: 767px) 82vw, 740px\" \/><\/figure>\n<\/div>\n\n\n<p class=\"has-text-align-center\">Tickets<br>Support-Chats<br>Wissensbasis-Artikel<\/p>\n\n\n\n<p class=\"has-text-align-center\"><br><\/p>\n<\/div>\n\n\n\n<div class=\"wp-block-column is-vertically-aligned-top is-layout-flow wp-block-column-is-layout-flow\">\n<h3 class=\"wp-block-heading has-text-align-center pink d-block pb-2\">Marketing<\/h3>\n\n\n<div class=\"wp-block-image\">\n<figure class=\"aligncenter size-large is-resized\"><img loading=\"lazy\" decoding=\"async\" width=\"1140\" height=\"1153\" src=\"https:\/\/acrolinxcomsta.wpenginepowered.com\/wp-content\/uploads\/2023\/12\/Marketing@20x-1140x1153.png\" alt=\"\" class=\"wp-image-16159\" style=\"object-fit:contain;width:75px;height:75px\" srcset=\"https:\/\/acrolinxcomsta.wpenginepowered.com\/wp-content\/uploads\/2023\/12\/Marketing@20x-1140x1153.png 1140w, https:\/\/acrolinxcomsta.wpenginepowered.com\/wp-content\/uploads\/2023\/12\/Marketing@20x-297x300.png 297w, https:\/\/acrolinxcomsta.wpenginepowered.com\/wp-content\/uploads\/2023\/12\/Marketing@20x-768x777.png 768w, https:\/\/acrolinxcomsta.wpenginepowered.com\/wp-content\/uploads\/2023\/12\/Marketing@20x-100x100.png 100w, https:\/\/acrolinxcomsta.wpenginepowered.com\/wp-content\/uploads\/2023\/12\/Marketing@20x-120x120.png 120w, https:\/\/acrolinxcomsta.wpenginepowered.com\/wp-content\/uploads\/2023\/12\/Marketing@20x.png 1145w\" sizes=\"auto, (max-width: 706px) 89vw, (max-width: 767px) 82vw, 740px\" \/><\/figure>\n<\/div>\n\n\n<p class=\"has-text-align-center\">Webseiten<br>Content-Marketing<br>Blogbeitr\u00e4ge und soziale Medien<\/p>\n<\/div>\n<\/div>\n\n\n\n<div class=\"wp-block-columns container is-layout-flex wp-container-core-columns-is-layout-9d6595d7 wp-block-columns-is-layout-flex\">\n<div class=\"wp-block-column is-vertically-aligned-top is-layout-flow wp-block-column-is-layout-flow\">\n<h3 class=\"wp-block-heading has-text-align-center pink d-block pb-2\">Sales<\/h3>\n\n\n<div class=\"wp-block-image\">\n<figure class=\"aligncenter size-large is-resized\"><img loading=\"lazy\" decoding=\"async\" width=\"1140\" height=\"1140\" src=\"https:\/\/acrolinxcomsta.wpenginepowered.com\/wp-content\/uploads\/2023\/12\/Sales-icon@20x-1140x1140.png\" alt=\"\" class=\"wp-image-16160\" style=\"aspect-ratio:1;object-fit:contain;width:60px;height:auto\" srcset=\"https:\/\/acrolinxcomsta.wpenginepowered.com\/wp-content\/uploads\/2023\/12\/Sales-icon@20x-1140x1140.png 1140w, https:\/\/acrolinxcomsta.wpenginepowered.com\/wp-content\/uploads\/2023\/12\/Sales-icon@20x-300x300.png 300w, https:\/\/acrolinxcomsta.wpenginepowered.com\/wp-content\/uploads\/2023\/12\/Sales-icon@20x-768x768.png 768w, https:\/\/acrolinxcomsta.wpenginepowered.com\/wp-content\/uploads\/2023\/12\/Sales-icon@20x-150x150.png 150w, https:\/\/acrolinxcomsta.wpenginepowered.com\/wp-content\/uploads\/2023\/12\/Sales-icon@20x-100x100.png 100w, https:\/\/acrolinxcomsta.wpenginepowered.com\/wp-content\/uploads\/2023\/12\/Sales-icon@20x-120x120.png 120w, https:\/\/acrolinxcomsta.wpenginepowered.com\/wp-content\/uploads\/2023\/12\/Sales-icon@20x.png 1272w\" sizes=\"auto, (max-width: 706px) 89vw, (max-width: 767px) 82vw, 740px\" \/><\/figure>\n<\/div>\n\n\n<p class=\"has-text-align-center\">Pr\u00e4sentationen<br>E-Mails<\/p>\n<\/div>\n\n\n\n<div class=\"wp-block-column is-vertically-aligned-top is-layout-flow wp-block-column-is-layout-flow\">\n<h3 class=\"wp-block-heading has-text-align-center pink d-block pb-2\">IT<\/h3>\n\n\n<div class=\"wp-block-image essb-block-image\">\n<figure class=\"aligncenter size-large is-resized\" data-essb-pin-description=\"Icon of a cloud to represent IT and Operations.\"><img loading=\"lazy\" decoding=\"async\" width=\"1140\" height=\"742\" src=\"https:\/\/acrolinxcomsta.wpenginepowered.com\/wp-content\/uploads\/2023\/12\/IT-Ops@20x-1140x742.png\" alt=\"\" class=\"wp-image-16161\" style=\"aspect-ratio:1;object-fit:contain;height:60px\" srcset=\"https:\/\/acrolinxcomsta.wpenginepowered.com\/wp-content\/uploads\/2023\/12\/IT-Ops@20x-1140x742.png 1140w, https:\/\/acrolinxcomsta.wpenginepowered.com\/wp-content\/uploads\/2023\/12\/IT-Ops@20x-300x195.png 300w, https:\/\/acrolinxcomsta.wpenginepowered.com\/wp-content\/uploads\/2023\/12\/IT-Ops@20x-768x500.png 768w, https:\/\/acrolinxcomsta.wpenginepowered.com\/wp-content\/uploads\/2023\/12\/IT-Ops@20x.png 1269w\" sizes=\"auto, (max-width: 706px) 89vw, (max-width: 767px) 82vw, 740px\" \/><\/figure>\n<\/div>\n\n\n<p class=\"has-text-align-center\">Prozessdokumente<br>Onboarding-Material<br>Sicherheitsrichtlinien<\/p>\n<\/div>\n\n\n\n<div class=\"wp-block-column is-vertically-aligned-top is-layout-flow wp-block-column-is-layout-flow\">\n<h3 class=\"wp-block-heading has-text-align-center pink d-block pb-2\">Recht und Personal<\/h3>\n\n\n<div class=\"wp-block-image essb-block-image\">\n<figure class=\"aligncenter size-large is-resized\" data-essb-pin-description=\"Icon of a heart to represent HR and Legal teams.\"><img loading=\"lazy\" decoding=\"async\" width=\"1140\" height=\"919\" src=\"https:\/\/acrolinxcomsta.wpenginepowered.com\/wp-content\/uploads\/2023\/12\/Legal-HR-3@20x-1140x919.png\" alt=\"\" class=\"wp-image-16162\" style=\"aspect-ratio:1;object-fit:contain;height:60px\" srcset=\"https:\/\/acrolinxcomsta.wpenginepowered.com\/wp-content\/uploads\/2023\/12\/Legal-HR-3@20x-1140x919.png 1140w, https:\/\/acrolinxcomsta.wpenginepowered.com\/wp-content\/uploads\/2023\/12\/Legal-HR-3@20x-300x242.png 300w, https:\/\/acrolinxcomsta.wpenginepowered.com\/wp-content\/uploads\/2023\/12\/Legal-HR-3@20x-768x619.png 768w, https:\/\/acrolinxcomsta.wpenginepowered.com\/wp-content\/uploads\/2023\/12\/Legal-HR-3@20x.png 1277w\" sizes=\"auto, (max-width: 706px) 89vw, (max-width: 767px) 82vw, 740px\" \/><\/figure>\n<\/div>\n\n\n<p class=\"has-text-align-center\">Compliance<br>Stellenangebote<br>Dokumentation<\/p>\n<\/div>\n<\/div>\n<\/div>\n<\/div>\n","protected":false},"excerpt":{"rendered":"<p>Editorial Management f\u00fcr Unternehmen Unternehmen haben M\u00fche, effizient hochwertigen Content zu erstellen. Um den Bedarf an Content zu decken, m\u00fcssen Ihre Content-Teams die Texte immer schneller produzieren. Das &hellip; <\/p>\n<p class=\"link-more\"><a href=\"https:\/\/acrolinxcomsta.wpenginepowered.com\/de\/produkt\/\" class=\"more-link\">Continue reading<span class=\"screen-reader-text\"> &#8222;Effizient Content produzieren \u2013 bei kontrolliertem Risiko&#8220;<\/span><\/a><\/p>\n","protected":false},"author":17,"featured_media":0,"parent":0,"menu_order":0,"comment_status":"closed","ping_status":"closed","template":"product.php","meta":{"_acf_changed":false,"footnotes":"","_links_to":"","_links_to_target":""},"coauthors":[72],"class_list":["post-8172","page","type-page","status-publish","hentry"],"acf":[],"yoast_head":"<!-- This site is optimized with the Yoast SEO plugin v23.2 - https:\/\/yoast.com\/wordpress\/plugins\/seo\/ -->\n<title>Effizient Content produzieren \u2013 bei kontrolliertem Risiko - Acrolinx<\/title>\n<meta name=\"description\" content=\"Effizient Content produzieren und Risiken kontrollieren mit Acrolinx. Unser Editorial Management-System optimiert die Content-Produktion im Unternehmen.\" \/>\n<meta name=\"robots\" content=\"noindex, follow, max-snippet:-1, max-image-preview:large, max-video-preview:-1\" \/>\n<meta property=\"og:locale\" content=\"de_DE\" \/>\n<meta property=\"og:type\" content=\"article\" \/>\n<meta property=\"og:title\" content=\"Effizient Content produzieren \u2013 bei kontrolliertem Risiko - Acrolinx\" \/>\n<meta property=\"og:description\" content=\"Effizient Content produzieren und Risiken kontrollieren mit Acrolinx. Unser Editorial Management-System optimiert die Content-Produktion im Unternehmen.\" \/>\n<meta property=\"og:url\" content=\"https:\/\/acrolinxcomsta.wpenginepowered.com\/de\/produkt\/\" \/>\n<meta property=\"og:site_name\" content=\"Acrolinx\" \/>\n<meta property=\"article:publisher\" content=\"https:\/\/www.facebook.com\/Acrolinxcc\/\" \/>\n<meta property=\"article:modified_time\" content=\"2023-12-22T13:43:32+00:00\" \/>\n<meta property=\"og:image\" content=\"https:\/\/acrolinxcomsta.wpenginepowered.com\/wp-content\/uploads\/2023\/12\/Product@20x-1140x1140.png\" \/>\n<meta name=\"twitter:card\" content=\"summary_large_image\" \/>\n<meta name=\"twitter:site\" content=\"@Acrolinx\" \/>\n<meta name=\"twitter:label1\" content=\"Written by\" \/>\n\t<meta name=\"twitter:data1\" content=\"Alice Admin\" \/>\n<script type=\"application\/ld+json\" class=\"yoast-schema-graph\">{\"@context\":\"https:\/\/schema.org\",\"@graph\":[{\"@type\":\"WebPage\",\"@id\":\"https:\/\/acrolinxcomsta.wpenginepowered.com\/de\/produkt\/\",\"url\":\"https:\/\/acrolinxcomsta.wpenginepowered.com\/de\/produkt\/\",\"name\":\"Effizient Content produzieren \u2013 bei kontrolliertem Risiko - Acrolinx\",\"isPartOf\":{\"@id\":\"https:\/\/acrolinxcomsta.wpenginepowered.com\/#website\"},\"primaryImageOfPage\":{\"@id\":\"https:\/\/acrolinxcomsta.wpenginepowered.com\/de\/produkt\/#primaryimage\"},\"image\":{\"@id\":\"https:\/\/acrolinxcomsta.wpenginepowered.com\/de\/produkt\/#primaryimage\"},\"thumbnailUrl\":\"https:\/\/acrolinxcomsta.wpenginepowered.com\/wp-content\/uploads\/2023\/12\/Product@20x-1140x1140.png\",\"datePublished\":\"2018-10-18T12:51:13+00:00\",\"dateModified\":\"2023-12-22T13:43:32+00:00\",\"description\":\"Effizient Content produzieren und Risiken kontrollieren mit Acrolinx. Unser Editorial Management-System optimiert die Content-Produktion im Unternehmen.\",\"breadcrumb\":{\"@id\":\"https:\/\/acrolinxcomsta.wpenginepowered.com\/de\/produkt\/#breadcrumb\"},\"inLanguage\":\"de-DE\",\"potentialAction\":[{\"@type\":\"ReadAction\",\"target\":[\"https:\/\/acrolinxcomsta.wpenginepowered.com\/de\/produkt\/\"]}]},{\"@type\":\"ImageObject\",\"inLanguage\":\"de-DE\",\"@id\":\"https:\/\/acrolinxcomsta.wpenginepowered.com\/de\/produkt\/#primaryimage\",\"url\":\"https:\/\/acrolinxcomsta.wpenginepowered.com\/wp-content\/uploads\/2023\/12\/Product@20x-1140x1140.png\",\"contentUrl\":\"https:\/\/acrolinxcomsta.wpenginepowered.com\/wp-content\/uploads\/2023\/12\/Product@20x-1140x1140.png\"},{\"@type\":\"BreadcrumbList\",\"@id\":\"https:\/\/acrolinxcomsta.wpenginepowered.com\/de\/produkt\/#breadcrumb\",\"itemListElement\":[{\"@type\":\"ListItem\",\"position\":1,\"name\":\"Home\",\"item\":\"https:\/\/acrolinxcomsta.wpenginepowered.com\/de\/\"},{\"@type\":\"ListItem\",\"position\":2,\"name\":\"Effizient Content produzieren \u2013 bei kontrolliertem Risiko\"}]},{\"@type\":\"WebSite\",\"@id\":\"https:\/\/acrolinxcomsta.wpenginepowered.com\/#website\",\"url\":\"https:\/\/acrolinxcomsta.wpenginepowered.com\/\",\"name\":\"Acrolinx\",\"description\":\"\",\"publisher\":{\"@id\":\"https:\/\/acrolinxcomsta.wpenginepowered.com\/#organization\"},\"potentialAction\":[{\"@type\":\"SearchAction\",\"target\":{\"@type\":\"EntryPoint\",\"urlTemplate\":\"https:\/\/acrolinxcomsta.wpenginepowered.com\/?s={search_term_string}\"},\"query-input\":\"required name=search_term_string\"}],\"inLanguage\":\"de-DE\"},{\"@type\":\"Organization\",\"@id\":\"https:\/\/acrolinxcomsta.wpenginepowered.com\/#organization\",\"name\":\"Acrolinx\",\"url\":\"https:\/\/acrolinxcomsta.wpenginepowered.com\/\",\"logo\":{\"@type\":\"ImageObject\",\"inLanguage\":\"de-DE\",\"@id\":\"https:\/\/acrolinxcomsta.wpenginepowered.com\/#\/schema\/logo\/image\/\",\"url\":\"https:\/\/acrolinxcomsta.wpenginepowered.com\/wp-content\/uploads\/2019\/02\/logo_2x.png\",\"contentUrl\":\"https:\/\/acrolinxcomsta.wpenginepowered.com\/wp-content\/uploads\/2019\/02\/logo_2x.png\",\"width\":326,\"height\":56,\"caption\":\"Acrolinx\"},\"image\":{\"@id\":\"https:\/\/acrolinxcomsta.wpenginepowered.com\/#\/schema\/logo\/image\/\"},\"sameAs\":[\"https:\/\/www.facebook.com\/Acrolinxcc\/\",\"https:\/\/x.com\/Acrolinx\",\"https:\/\/www.linkedin.com\/company\/acrolinx\",\"https:\/\/www.youtube.com\/user\/acrolinxIQ\/\"]}]}<\/script>\n<!-- \/ Yoast SEO plugin. -->","yoast_head_json":{"title":"Effizient Content produzieren \u2013 bei kontrolliertem Risiko - Acrolinx","description":"Effizient Content produzieren und Risiken kontrollieren mit Acrolinx. Unser Editorial Management-System optimiert die Content-Produktion im Unternehmen.","robots":{"index":"noindex","follow":"follow","max-snippet":"max-snippet:-1","max-image-preview":"max-image-preview:large","max-video-preview":"max-video-preview:-1"},"og_locale":"de_DE","og_type":"article","og_title":"Effizient Content produzieren \u2013 bei kontrolliertem Risiko - Acrolinx","og_description":"Effizient Content produzieren und Risiken kontrollieren mit Acrolinx. Unser Editorial Management-System optimiert die Content-Produktion im Unternehmen.","og_url":"https:\/\/acrolinxcomsta.wpenginepowered.com\/de\/produkt\/","og_site_name":"Acrolinx","article_publisher":"https:\/\/www.facebook.com\/Acrolinxcc\/","article_modified_time":"2023-12-22T13:43:32+00:00","og_image":[{"url":"https:\/\/acrolinxcomsta.wpenginepowered.com\/wp-content\/uploads\/2023\/12\/Product@20x-1140x1140.png"}],"twitter_card":"summary_large_image","twitter_site":"@Acrolinx","twitter_misc":{"Written by":"Alice Admin"},"schema":{"@context":"https:\/\/schema.org","@graph":[{"@type":"WebPage","@id":"https:\/\/acrolinxcomsta.wpenginepowered.com\/de\/produkt\/","url":"https:\/\/acrolinxcomsta.wpenginepowered.com\/de\/produkt\/","name":"Effizient Content produzieren \u2013 bei kontrolliertem Risiko - Acrolinx","isPartOf":{"@id":"https:\/\/acrolinxcomsta.wpenginepowered.com\/#website"},"primaryImageOfPage":{"@id":"https:\/\/acrolinxcomsta.wpenginepowered.com\/de\/produkt\/#primaryimage"},"image":{"@id":"https:\/\/acrolinxcomsta.wpenginepowered.com\/de\/produkt\/#primaryimage"},"thumbnailUrl":"https:\/\/acrolinxcomsta.wpenginepowered.com\/wp-content\/uploads\/2023\/12\/Product@20x-1140x1140.png","datePublished":"2018-10-18T12:51:13+00:00","dateModified":"2023-12-22T13:43:32+00:00","description":"Effizient Content produzieren und Risiken kontrollieren mit Acrolinx. Unser Editorial Management-System optimiert die Content-Produktion im Unternehmen.","breadcrumb":{"@id":"https:\/\/acrolinxcomsta.wpenginepowered.com\/de\/produkt\/#breadcrumb"},"inLanguage":"de-DE","potentialAction":[{"@type":"ReadAction","target":["https:\/\/acrolinxcomsta.wpenginepowered.com\/de\/produkt\/"]}]},{"@type":"ImageObject","inLanguage":"de-DE","@id":"https:\/\/acrolinxcomsta.wpenginepowered.com\/de\/produkt\/#primaryimage","url":"https:\/\/acrolinxcomsta.wpenginepowered.com\/wp-content\/uploads\/2023\/12\/Product@20x-1140x1140.png","contentUrl":"https:\/\/acrolinxcomsta.wpenginepowered.com\/wp-content\/uploads\/2023\/12\/Product@20x-1140x1140.png"},{"@type":"BreadcrumbList","@id":"https:\/\/acrolinxcomsta.wpenginepowered.com\/de\/produkt\/#breadcrumb","itemListElement":[{"@type":"ListItem","position":1,"name":"Home","item":"https:\/\/acrolinxcomsta.wpenginepowered.com\/de\/"},{"@type":"ListItem","position":2,"name":"Effizient Content produzieren \u2013 bei kontrolliertem Risiko"}]},{"@type":"WebSite","@id":"https:\/\/acrolinxcomsta.wpenginepowered.com\/#website","url":"https:\/\/acrolinxcomsta.wpenginepowered.com\/","name":"Acrolinx","description":"","publisher":{"@id":"https:\/\/acrolinxcomsta.wpenginepowered.com\/#organization"},"potentialAction":[{"@type":"SearchAction","target":{"@type":"EntryPoint","urlTemplate":"https:\/\/acrolinxcomsta.wpenginepowered.com\/?s={search_term_string}"},"query-input":"required name=search_term_string"}],"inLanguage":"de-DE"},{"@type":"Organization","@id":"https:\/\/acrolinxcomsta.wpenginepowered.com\/#organization","name":"Acrolinx","url":"https:\/\/acrolinxcomsta.wpenginepowered.com\/","logo":{"@type":"ImageObject","inLanguage":"de-DE","@id":"https:\/\/acrolinxcomsta.wpenginepowered.com\/#\/schema\/logo\/image\/","url":"https:\/\/acrolinxcomsta.wpenginepowered.com\/wp-content\/uploads\/2019\/02\/logo_2x.png","contentUrl":"https:\/\/acrolinxcomsta.wpenginepowered.com\/wp-content\/uploads\/2019\/02\/logo_2x.png","width":326,"height":56,"caption":"Acrolinx"},"image":{"@id":"https:\/\/acrolinxcomsta.wpenginepowered.com\/#\/schema\/logo\/image\/"},"sameAs":["https:\/\/www.facebook.com\/Acrolinxcc\/","https:\/\/x.com\/Acrolinx","https:\/\/www.linkedin.com\/company\/acrolinx","https:\/\/www.youtube.com\/user\/acrolinxIQ\/"]}]}},"_links":{"self":[{"href":"https:\/\/acrolinxcomsta.wpenginepowered.com\/de\/wp-json\/wp\/v2\/pages\/8172","targetHints":{"allow":["GET"]}}],"collection":[{"href":"https:\/\/acrolinxcomsta.wpenginepowered.com\/de\/wp-json\/wp\/v2\/pages"}],"about":[{"href":"https:\/\/acrolinxcomsta.wpenginepowered.com\/de\/wp-json\/wp\/v2\/types\/page"}],"author":[{"embeddable":true,"href":"https:\/\/acrolinxcomsta.wpenginepowered.com\/de\/wp-json\/wp\/v2\/users\/17"}],"replies":[{"embeddable":true,"href":"https:\/\/acrolinxcomsta.wpenginepowered.com\/de\/wp-json\/wp\/v2\/comments?post=8172"}],"version-history":[{"count":0,"href":"https:\/\/acrolinxcomsta.wpenginepowered.com\/de\/wp-json\/wp\/v2\/pages\/8172\/revisions"}],"wp:attachment":[{"href":"https:\/\/acrolinxcomsta.wpenginepowered.com\/de\/wp-json\/wp\/v2\/media?parent=8172"}],"wp:term":[{"taxonomy":"author","embeddable":true,"href":"https:\/\/acrolinxcomsta.wpenginepowered.com\/de\/wp-json\/wp\/v2\/coauthors?post=8172"}],"curies":[{"name":"wp","href":"https:\/\/api.w.org\/{rel}","templated":true}]}}