{"id":8384,"date":"2019-08-02T08:01:35","date_gmt":"2019-08-02T07:01:35","guid":{"rendered":"https:\/\/acrolinxcomsta.wpenginepowered.com\/?page_id=8384"},"modified":"2024-06-10T12:15:16","modified_gmt":"2024-06-10T11:15:16","slug":"datenschutz","status":"publish","type":"page","link":"https:\/\/acrolinxcomsta.wpenginepowered.com\/de\/datenschutz\/","title":{"rendered":"Datenschutzerkl\u00e4rung"},"content":{"rendered":"<p>Grundlage eines effektiven Datenschutzes ist die umfassende Information \u00fcber die Erhebung, Verarbeitung und Nutzung Ihrer Daten (\u201eDatenverarbeitung\u201c). Daher m\u00f6chten wir Sie informieren,<\/p>\n<ul>\n<li>\u00a0 \u00a0 wann bzw. bei welchen Aktionen wir Daten verarbeiten<\/li>\n<li>\u00a0 \u00a0 welche Daten wir aus welchen Gr\u00fcnden verarbeiten<\/li>\n<li>\u00a0 \u00a0 wer Daten erh\u00e4lt<\/li>\n<li>\u00a0 \u00a0 welche Rechte Sie wegen der Datenverarbeitung durch uns haben.<\/li>\n<\/ul>\n<p>Diese Datenschutzerkl\u00e4rung regelt nur die Nutzung personenbezogener Daten, auf unserer Website <a href=\"https:\/\/acrolinxcomsta.wpenginepowered.com\/de\/\">https:\/\/acrolinxcomsta.wpenginepowered.com\/<\/a> inklusive der Unterseiten. Wenn Sie unsere Website \u00fcber einen Link verlassen oder unsere Pr\u00e4senz auf einer Social-Media-Plattform besuchen, verlassen Sie auch den Anwendungsbereich dieser Datenschutzerkl\u00e4rung.<\/p>\n<p>Diese Datenschutzerkl\u00e4rung k\u00f6nnen Sie dauerhaft und jederzeit unter der Adresse <a href=\"https:\/\/acrolinxcomsta.wpenginepowered.com\/de\/datenschutz\/\">https:\/\/acrolinxcomsta.wpenginepowered.com\/de\/datenschutz\/<\/a> abrufen, ausdrucken oder herunterladen.<\/p>\n<ol>\n<li><b> Kontaktinformationen<\/b><\/li>\n<\/ol>\n<p>Verantwortlicher f\u00fcr die Datenverarbeitung im Rahmen dieser Website im Sinne der Datenschutz-Grundverordnung (DSGVO) ist:<\/p>\n<p>Acrolinx North America Inc.<br \/>\n2352 Main Street, Suite 303<br \/>\nConcord, MA 01742<br \/>\nUnited States<\/p>\n<p>Internet: <a href=\"https:\/\/acrolinxcomsta.wpenginepowered.com\/\">acrolinxcomsta.wpenginepowered.com<\/a><\/p>\n<p>Das Datenschutzteam von Acrolinx erreichen Sie unter:\u00a0<a href=\"mailto:dataprotection@acrolinx.com\" target=\"_blank\" rel=\"noopener\">dataprotection@acrolinx.com<\/a>.<\/p>\n<ol>\n<li><b> Allgemeines zur Datenverarbeitung<\/b><\/li>\n<li><b> Umfang der Verarbeitung personenbezogener Daten<\/b><\/li>\n<\/ol>\n<p>Die Bereitstellung der Website macht die Verarbeitung verschiedener Informationen erforderlich. Dar\u00fcber hinaus richtet sich der Umfang der Datenverarbeitung nach Ihrer Nutzung der Funktionalit\u00e4ten der Website, beispielsweise wenn Sie \u00fcber das Kontaktformular mit uns kommunizieren oder in die Verarbeitung von Daten einwilligen.<\/p>\n<p>Sie sind nicht verpflichtet, uns personenbezogene Daten zu bereitzustellen. Soweit die Bereitstellung dieser Daten aber technisch zwingend mit dem Aufruf unserer Seite verbunden ist, f\u00fchrt eine Weigerung dazu, dass Sie unsere Website nicht betreten und nutzen k\u00f6nnen.<\/p>\n<p>Als Besucher unserer Website unterliegen Sie keiner automatisierten Entscheidungsfindung im Sinne von Art. 22 DSGVO.<\/p>\n<ol start=\"2\">\n<li><b> Rechtsgrundlage f\u00fcr die Verarbeitung personenbezogener Daten<\/b><\/li>\n<\/ol>\n<p>Die Rechtsgrundlagen f\u00fcr die Verarbeitung personenbezogener Daten werden nachfolgend dargestellt.<\/p>\n<table>\n<tbody>\n<tr>\n<td><b>Verarbeitungsgrund<\/b><\/td>\n<td><b>Rechtsgrundlage in der DSGVO<\/b><\/td>\n<td><b>Erl\u00e4uterung<\/b><\/td>\n<\/tr>\n<tr>\n<td>Vertragserf\u00fcllung oder Durchf\u00fchrung vorvertraglicher Ma\u00dfnahmen<\/td>\n<td>Art. 6 Abs. 1 b)<\/td>\n<td>Eine Verarbeitung erfolgt nur in dem Umfang, der f\u00fcr die Wahrnehmung und Erf\u00fcllung der Rechte und Pflichten aus dem Vertrag erforderlich ist. Soweit nicht ausdr\u00fccklich anders dargestellt, erfolgt die Datenverarbeitung durch uns nur in diesem Umfang.<\/td>\n<\/tr>\n<tr>\n<td>Berechtigtes Interesse<\/td>\n<td>Art. 6 Abs. 1 f)<\/td>\n<td>Eine Verarbeitung erfolgt, soweit wir ein berechtigtes Interesse haben und keine entgegenstehenden \u00fcberwiegenden Interessen des Betroffenen ersichtlich sind. Das konkrete Interesse wird in dieser Datenschutzerkl\u00e4rung im Rahmen der Verarbeitungsdarstellung erl\u00e4utert.<\/td>\n<\/tr>\n<tr>\n<td>Einwilligung<\/td>\n<td>Art. 6 Abs. 1 a)<\/td>\n<td>Eine Verarbeitung erfolgt, soweit Sie hierzu ausdr\u00fccklich der Art und dem Umfang der Datenverarbeitung zugestimmt haben. Ihre Einwilligung k\u00f6nnen Sie jederzeit mit Wirkung f\u00fcr die Zukunft widerrufen. Die bis zu diesem Zeitpunkt erfolgte Verarbeitung wird davon aber nicht betroffen.<\/td>\n<\/tr>\n<tr>\n<td>Rechtliche Pflicht<\/td>\n<td>Art. 6 Abs. 1 c)<\/td>\n<td>Eine Verarbeitung erfolgt, soweit dies zur Erf\u00fcllung deutscher oder europ\u00e4ischer gesetzlicher Pflichten erforderlich ist.<\/td>\n<\/tr>\n<\/tbody>\n<\/table>\n<ol start=\"3\">\n<li><b> Datenl\u00f6schung und Speicherdauer<\/b><\/li>\n<\/ol>\n<p>Wir l\u00f6schen Ihre personenbezogenen Daten, sobald die Rechtsgrundlage f\u00fcr deren Verarbeitung entf\u00e4llt. Teilweise k\u00f6nnen Rechtsgrundlagen aber auch parallel bestehen bzw. kann mit Wegfall einer Rechtsgrundlage eine neue eingreifen, wie bspw. die Pflicht bestimmte Daten zur Erf\u00fcllung einer gesetzlichen Aufbewahrungspflicht zu speichern.<\/p>\n<p><b>III. Datenverarbeitung f\u00fcr Bereitstellung der Website<\/b><\/p>\n<p>Damit wir Ihnen die Website anzeigen k\u00f6nnen, ist es erforderlich, bestimmte Informationen zu verarbeiten. Dies erfolgt bereits, wenn Sie unsere Website aufrufen. Zudem bieten wir auf unserer Website verschiedene Funktionalit\u00e4ten an, die eine weitergehende Datenverarbeitung erforderlich machen.<\/p>\n<p><b style=\"font-size: 1rem;\">1. Log Files<\/b><\/p>\n<p>Beim Aufruf unserer Website sendet Ihr Browser verschiedene Informationen an unsere Server. Diese ben\u00f6tigen wir zum Aufbau und Erhalt der Verbindung. Unter den Daten ist auch Ihre IP-Adresse, die wir als personenbezogenes Datum behandeln. Daneben werden die folgenden Daten erhoben:<\/p>\n<ul>\n<li>\u00a0 \u00a0 Datum und Uhrzeit zum Zeitpunkt des Zugriffes<\/li>\n<li>\u00a0 \u00a0 Quelle\/Verweis, von welchem Sie auf die Seite gelangten<\/li>\n<li>\u00a0 \u00a0 Verwendeter Browser<\/li>\n<li>\u00a0 \u00a0 Verwendetes Betriebssystem<\/li>\n<li>\u00a0 \u00a0 Referrer (vorherige Seite)<\/li>\n<li>\u00a0 \u00a0 Anschlussseite (n\u00e4chste Seite)<\/li>\n<li>\u00a0 \u00a0 IP-Adresse<\/li>\n<\/ul>\n<p>Wir speichern diese Daten in sog. Server-Protokolldateien (Log Files). Eine Zusammenf\u00fchrung dieser Daten mit weiteren Daten \u00fcber Sie erfolgt nicht. Die Speicherung der Log Files inklusive Ihrer IP-Adresse dient dem berechtigten Interesse der Bereitstellung unserer Website und der Verhinderung derer missbr\u00e4uchlicher Nutzung. Gespeicherte Logfiles werden sp\u00e4testens nach Ablauf von 30 Tagen gel\u00f6scht, es sei denn eine l\u00e4ngere Speicherung ist erforderlich, um beispielsweise einen Angriff auf unserer Website abzuwehren oder aufzukl\u00e4ren.<\/p>\n<p><b>2. Kontaktformular<\/b><\/p>\n<p>\u00dcber das Kontaktformular unserer Website k\u00f6nnen Sie uns jederzeit eine Anfrage senden. Dabei werden folgende Informationen abgefragt:<\/p>\n<ul>\n<li>\u00a0 \u00a0 Vorname<\/li>\n<li>\u00a0 \u00a0 Name<\/li>\n<li>\u00a0 \u00a0 Firma<\/li>\n<li>\u00a0 \u00a0 E-Mail-Adresse<\/li>\n<li>\u00a0 \u00a0 Land<\/li>\n<\/ul>\n<p>Die Angaben sind als Pflichtfelder gekennzeichnet. Alle weiteren Daten, die Sie uns im Rahmen der Anfrage \u00fcbermitteln, auch \u00fcber das Freitextfeld, erfolgen freiwillig.<\/p>\n<p>Wir verwenden diese Daten ausschlie\u00dflich f\u00fcr die Beantwortung Ihrer Anfrage und die damit verbundene Kommunikation. Die Rechtsgrundlage dieser Verarbeitung Ihrer Daten h\u00e4ngt vom Inhalt Ihrer Anfrage ab. Grunds\u00e4tzlich gilt hier unser berechtigtes Interesse an der Bereitstellung der Kontaktfunktionalit\u00e4t und der Beantwortung Ihrer dar\u00fcber \u00fcbermittelten Anfrage. Wenn Ihre Anfrage auf den Abschluss eines Vertrages mit uns gerichtet ist, erfolgt die Verarbeitung im Rahmen dieses vorvertraglichen Schuldverh\u00e4ltnisses.<\/p>\n<p><b style=\"font-size: 1rem;\">3. Newsletter<\/b><\/p>\n<p>Sofern Sie die M\u00f6glichkeit nutzen, unseren Newsletter zu abonnieren, werden die folgenden, von Ihnen in der Anmeldemaske eingetragenen sowie die f\u00fcr die Anmeldung technisch notwendigen Daten an uns \u00fcbermittelt:<\/p>\n<ul>\n<li>\u00a0 \u00a0 E-Mail-Adresse<\/li>\n<li>\u00a0 \u00a0 IP-Adresse des aufrufenden Rechners<\/li>\n<li>\u00a0 \u00a0 Datum und Uhrzeit der Anmeldung<\/li>\n<\/ul>\n<p>F\u00fcr die Newsletter-Anmeldung verwenden wir das sogenannte Double-Opt-in-Verfahren. Dabei wird nach Ihrer Anmeldung eine E-Mail an die angegebene E-Mail-Adresse versendet, die einen Best\u00e4tigungslink zum Erhalt des Newsletters enth\u00e4lt.<\/p>\n<p>Rechtsgrundlage f\u00fcr die Verarbeitung Ihrer Daten zum Versand des Newsletters ist das Vorliegen einer Einwilligung gem\u00e4\u00df Art. 6 Abs. 1 a) DSGVO.<\/p>\n<p>Wir informieren mit unserem Newsletter Interessenten in regelm\u00e4\u00dfigen Abst\u00e4nden \u00fcber aktuelle Angebote und Einsichten f\u00fcr Content Professionals sowie Neuigkeiten, Tipps und Tricks zur Acrolinx-Plattform. Die zu diesem Zwecke von Ihnen angegebenen Daten werden ausschlie\u00dflich zur Zustellung des Newsletters an Sie verarbeitet. Die f\u00fcr die Anmeldung erforderlichen weiteren Daten erheben wir lediglich, um einen Missbrauch des Newsletter-Angebotes und insbesondere Ihrer E-Mail-Adresse zu verhindern.<\/p>\n<p>Die f\u00fcr den Versand des Newsletters erforderlichen Daten werden solange gespeichert, wie das Abonnement des Newsletters genutzt wird. Sie k\u00f6nnen Ihre Einwilligung zum Erhalt des Newsletters jederzeit widerrufen. Der Widerruf kann durch den in jedem Newsletter vorhandenen Link oder durch eine Nachricht an Responses@acrolinx.com erfolgen.<\/p>\n<p><strong>IV. Cookies<\/strong><br \/>\nEin Cookie ist eine kleine Textdatei mit Informationen, die von Ihrem Browser \u00fcbertragen und auf Ihrem Computer gespeichert wird. Informationen \u00fcber die von uns verwendeten Cookies finden Sie in unserer <a href=\"https:\/\/acrolinxcomsta.wpenginepowered.com\/cookie-policy\/\">Cookie-Richtlinie<\/a>.<\/p>\n<p><strong>V. Sonstige Erfassung von personenbezogenen Daten<\/strong><br \/>\nGelegentlich erhalten wir personenbezogene Daten von Anbietern von Inhaltssyndikaten, die diese Daten auf der Grundlage einer Einwilligung mit doppeltem Opt-in und\/oder berechtigtem Interesse sammeln und weitergeben. Die mit Acrolinx geteilten personenbezogenen Daten k\u00f6nnen Folgendes umfassen:<br \/>\n&#8211; Vorname<br \/>\n&#8211; Nachname<br \/>\n&#8211; Firma<br \/>\n&#8211; Titel<br \/>\n&#8211; E-Mail Adresse<br \/>\n&#8211; Telefon<br \/>\n&#8211; Land<\/p>\n<p><b style=\"font-size: 1rem;\">VI. Widerspruchs- und Beseitigungsm\u00f6glichkeit<br \/>\n<\/b><span style=\"font-size: revert;\">Soweit die Datenverarbeitung auf Ihrer Einwilligung oder unserem berechtigten Interesse basiert, haben Sie jederzeit das Recht, der Verarbeitung zu widersprechen oder Ihre erteilte Einwilligung zu widerrufen. Ihr Widerspruch bzw. Widerruf hat lediglich Wirkung f\u00fcr die Zukunft. Sofern die eingesetzten Analyse-Cookies eigene technische M\u00f6glichkeiten zum Deaktivieren bieten, ist dies dort jeweils dargestellt. Sie k\u00f6nnen sich jederzeit zur Aus\u00fcbung Ihres Widerspruchs- oder Widerrufsrechts an dataprotection@acrolinx.comwenden. Wenn Sie einer Verarbeitung aufgrund unseres berechtigten Interesses widersprechen, d\u00fcrfen wir die Verarbeitung dennoch fortf\u00fchren, wenn wir zwingende schutzw\u00fcrdige Gr\u00fcnde f\u00fcr die Verarbeitung nachweisen k\u00f6nnen, die Ihre Interessen, Rechte und Freiheiten \u00fcberwiegen.<\/p>\n<p><\/span><b style=\"font-size: 1rem;\">VII. Betroffenenrechte<br \/>\n<\/b>Werden auf Ihre Person bezogenen Daten verarbeitet, sind Sie Betroffener im Sinne von Art. 4 Abs. 1 DSGVO. Als Betroffenem stehen Ihnen in Bezug auf Ihre personenbezogenen Daten die nachfolgenden Rechte zu. Zur Aus\u00fcbung dieser Rechte k\u00f6nnen Sie sich unter den oben angegebenen Kontaktdaten an uns wenden.<\/p>\n<p><b>Recht auf Auskunft nach Art. 15 DSGVO<\/b><\/p>\n<p>Sie haben ein Recht auf Auskunft \u00fcber Ihre von uns verarbeiteten personenbezogenen Daten. Dies umfasst die in Art. 15 DSGVO dargestellten Pflichtinformationen.<\/p>\n<p><b>Recht auf Berichtigung nach Art. 16 DSGVO<\/b><\/p>\n<p>Sie haben das Recht auf die unverz\u00fcgliche Berichtigung falscher sowie die Vervollst\u00e4ndigung unrichtiger personenbezogener Daten.<\/p>\n<p><b>Recht auf L\u00f6schung nach Art. 17 DSGVO<\/b><\/p>\n<p>Sie haben das Recht, die L\u00f6schung Ihrer personenbezogenen Daten zu verlangen, wenn einer der in Art. 17 DSGVO genannten Gr\u00fcnde eingreift, insbesondere, wenn keine Rechtsgrundlage mehr f\u00fcr die Verarbeitung vorliegt.<\/p>\n<p><b>Recht auf Einschr\u00e4nkung der Verarbeitung nach Art. 18 DSGVO<\/b><\/p>\n<p>Sie haben das Recht die Einschr\u00e4nkung der Verarbeitung Ihrer personenbezogenen Daten zu verlangen, wenn einer der in Art. 18 DSGVO genannten Gr\u00fcnde eingreift, insbesondere auf Ihren Wunsch hin statt einer L\u00f6schung der Daten.<\/p>\n<p><b>Recht auf Daten\u00fcbertragbarkeit nach Art. 20 DSGVO<\/b><\/p>\n<p>Sie haben das Recht, alle bei uns \u00fcber Sie gespeicherten personenbezogenen Daten in einem strukturierten, g\u00e4ngigen und maschinenlesbaren Format herauszuverlangen und diese Daten einem anderen Verantwortlichen ohne Behinderung durch den Verantwortlichen, dem die personenbezogenen Daten bereitgestellt wurden, zu \u00fcbermitteln.<\/p>\n<p><b>Recht auf Beschwerde bei der zust\u00e4ndigen Aufsichtsbeh\u00f6rde, Art. 77 DSGVO<\/b><\/p>\n<p>Sie haben gem\u00e4\u00df Art. 77 DSGVO das Recht, eine Beschwerde bei der f\u00fcr Sie zust\u00e4ndigen Aufsichtsbeh\u00f6rde einzureichen.<\/p>\n<p><b>VII. Empf\u00e4nger von Daten<\/b><\/p>\n<p>Die Verarbeitung Ihrer personenbezogenen Daten im Rahmen der Website, erfolgt zum Teil auch durch Auftragsverarbeiter, insbesondere das Hosting der Website und der Einsatz von Analyse-Tools. Diese werden ausschlie\u00dflich auf der Grundlage einer Vereinbarung zu Auftragsvereinbarung nach Ma\u00dfgabe von Art. 28 Abs. 3 DSGVO einbezogen.<\/p>\n<p><b>VIII. Daten\u00fcbermittlung in Drittl\u00e4nder<\/b><\/p>\n<p>Die personenbezogenen Daten, die wir von Ihnen im Rahmen der Website erheben, werden auch in gewissem Umfang in Drittl\u00e4nder au\u00dferhalb des Europ\u00e4ischen Wirtschaftsraumes \u00fcbermittelt.<\/p>\n<p>Beim Einsatz von Google Analytics kann es in den oben geschilderten Ausnahmef\u00e4llen dazu kommen, dass Ihre IP-Adresse ungek\u00fcrzt an Google LLC \u00fcbermittelt und dort erst gek\u00fcrzt wird.<\/p>\n<p>Beim Einsatz des Analyse-Tools Pardot von Salesforce werden Ihre IP-Adresse und andere Informationen \u00fcbermittelt.<\/p>\n<p>Google und Salesforce sind jeweils in den USA und damit nach Art. 44 DSGVO in einem sog. \u201eDrittland\u201d ans\u00e4ssig. Die genannten Unternehmen sind unter dem Datenschutz\u00fcbereinkommen \u201eEU-US Privacy Shield\u201c zertifiziert, womit die Einhaltung eines europ\u00e4ischen Datenschutzniveaus als gew\u00e4hrleistet gilt. F\u00fcr diese F\u00e4lle haben wir die Standardvertragsklauseln mit den jeweiligen Datenimporteuren abgeschlossen.<\/p>\n<p><i>Stand: <em>Juni 2024<\/em><\/i><\/p>\n","protected":false},"excerpt":{"rendered":"<p>Grundlage eines effektiven Datenschutzes ist die umfassende Information \u00fcber die Erhebung, Verarbeitung und Nutzung Ihrer Daten (\u201eDatenverarbeitung\u201c). Daher m\u00f6chten wir Sie informieren, \u00a0 \u00a0 wann bzw. bei welchen &hellip; <\/p>\n<p class=\"link-more\"><a href=\"https:\/\/acrolinxcomsta.wpenginepowered.com\/de\/datenschutz\/\" class=\"more-link\">Continue reading<span class=\"screen-reader-text\"> &#8222;Datenschutzerkl\u00e4rung&#8220;<\/span><\/a><\/p>\n","protected":false},"author":17,"featured_media":0,"parent":0,"menu_order":0,"comment_status":"closed","ping_status":"closed","template":"","meta":{"_acf_changed":false,"footnotes":"","_links_to":"","_links_to_target":""},"coauthors":[72],"class_list":["post-8384","page","type-page","status-publish","hentry"],"acf":[],"yoast_head":"<!-- This site is optimized with the Yoast SEO plugin v23.2 - https:\/\/yoast.com\/wordpress\/plugins\/seo\/ -->\n<title>Datenschutzerkl\u00e4rung - Acrolinx<\/title>\n<meta name=\"description\" content=\"Diese Datenschutzerkl\u00e4rung regelt nur die Nutzung personenbezogener Daten auf unserer Website https:\/\/acrolinxcomsta.wpenginepowered.com\/ inklusive der Unterseiten.\" \/>\n<meta name=\"robots\" content=\"noindex, follow, max-snippet:-1, max-image-preview:large, max-video-preview:-1\" \/>\n<meta property=\"og:locale\" content=\"de_DE\" \/>\n<meta property=\"og:type\" content=\"article\" \/>\n<meta property=\"og:title\" content=\"Datenschutzerkl\u00e4rung - Acrolinx\" \/>\n<meta property=\"og:description\" content=\"Diese Datenschutzerkl\u00e4rung regelt nur die Nutzung personenbezogener Daten auf unserer Website https:\/\/acrolinxcomsta.wpenginepowered.com\/ inklusive der Unterseiten.\" \/>\n<meta property=\"og:url\" content=\"https:\/\/acrolinxcomsta.wpenginepowered.com\/de\/datenschutz\/\" \/>\n<meta property=\"og:site_name\" content=\"Acrolinx\" \/>\n<meta property=\"article:publisher\" content=\"https:\/\/www.facebook.com\/Acrolinxcc\/\" \/>\n<meta property=\"article:modified_time\" content=\"2024-06-10T11:15:16+00:00\" \/>\n<meta name=\"twitter:card\" content=\"summary_large_image\" \/>\n<meta name=\"twitter:site\" content=\"@Acrolinx\" \/>\n<meta name=\"twitter:label1\" content=\"Gesch\u00e4tzte Lesezeit\" \/>\n\t<meta name=\"twitter:data1\" content=\"13 Minuten\" \/>\n\t<meta name=\"twitter:label2\" content=\"Written by\" \/>\n\t<meta name=\"twitter:data2\" content=\"Alice Admin\" \/>\n<script type=\"application\/ld+json\" class=\"yoast-schema-graph\">{\"@context\":\"https:\/\/schema.org\",\"@graph\":[{\"@type\":\"WebPage\",\"@id\":\"https:\/\/acrolinxcomsta.wpenginepowered.com\/de\/datenschutz\/\",\"url\":\"https:\/\/acrolinxcomsta.wpenginepowered.com\/de\/datenschutz\/\",\"name\":\"Datenschutzerkl\u00e4rung - Acrolinx\",\"isPartOf\":{\"@id\":\"https:\/\/acrolinxcomsta.wpenginepowered.com\/#website\"},\"datePublished\":\"2019-08-02T07:01:35+00:00\",\"dateModified\":\"2024-06-10T11:15:16+00:00\",\"description\":\"Diese Datenschutzerkl\u00e4rung regelt nur die Nutzung personenbezogener Daten auf unserer Website https:\/\/acrolinxcomsta.wpenginepowered.com\/ inklusive der Unterseiten.\",\"breadcrumb\":{\"@id\":\"https:\/\/acrolinxcomsta.wpenginepowered.com\/de\/datenschutz\/#breadcrumb\"},\"inLanguage\":\"de-DE\",\"potentialAction\":[{\"@type\":\"ReadAction\",\"target\":[\"https:\/\/acrolinxcomsta.wpenginepowered.com\/de\/datenschutz\/\"]}]},{\"@type\":\"BreadcrumbList\",\"@id\":\"https:\/\/acrolinxcomsta.wpenginepowered.com\/de\/datenschutz\/#breadcrumb\",\"itemListElement\":[{\"@type\":\"ListItem\",\"position\":1,\"name\":\"Home\",\"item\":\"https:\/\/acrolinxcomsta.wpenginepowered.com\/de\/\"},{\"@type\":\"ListItem\",\"position\":2,\"name\":\"Datenschutzerkl\u00e4rung\"}]},{\"@type\":\"WebSite\",\"@id\":\"https:\/\/acrolinxcomsta.wpenginepowered.com\/#website\",\"url\":\"https:\/\/acrolinxcomsta.wpenginepowered.com\/\",\"name\":\"Acrolinx\",\"description\":\"\",\"publisher\":{\"@id\":\"https:\/\/acrolinxcomsta.wpenginepowered.com\/#organization\"},\"potentialAction\":[{\"@type\":\"SearchAction\",\"target\":{\"@type\":\"EntryPoint\",\"urlTemplate\":\"https:\/\/acrolinxcomsta.wpenginepowered.com\/?s={search_term_string}\"},\"query-input\":\"required name=search_term_string\"}],\"inLanguage\":\"de-DE\"},{\"@type\":\"Organization\",\"@id\":\"https:\/\/acrolinxcomsta.wpenginepowered.com\/#organization\",\"name\":\"Acrolinx\",\"url\":\"https:\/\/acrolinxcomsta.wpenginepowered.com\/\",\"logo\":{\"@type\":\"ImageObject\",\"inLanguage\":\"de-DE\",\"@id\":\"https:\/\/acrolinxcomsta.wpenginepowered.com\/#\/schema\/logo\/image\/\",\"url\":\"https:\/\/acrolinxcomsta.wpenginepowered.com\/wp-content\/uploads\/2019\/02\/logo_2x.png\",\"contentUrl\":\"https:\/\/acrolinxcomsta.wpenginepowered.com\/wp-content\/uploads\/2019\/02\/logo_2x.png\",\"width\":326,\"height\":56,\"caption\":\"Acrolinx\"},\"image\":{\"@id\":\"https:\/\/acrolinxcomsta.wpenginepowered.com\/#\/schema\/logo\/image\/\"},\"sameAs\":[\"https:\/\/www.facebook.com\/Acrolinxcc\/\",\"https:\/\/x.com\/Acrolinx\",\"https:\/\/www.linkedin.com\/company\/acrolinx\",\"https:\/\/www.youtube.com\/user\/acrolinxIQ\/\"]}]}<\/script>\n<!-- \/ Yoast SEO plugin. -->","yoast_head_json":{"title":"Datenschutzerkl\u00e4rung - Acrolinx","description":"Diese Datenschutzerkl\u00e4rung regelt nur die Nutzung personenbezogener Daten auf unserer Website https:\/\/acrolinxcomsta.wpenginepowered.com\/ inklusive der Unterseiten.","robots":{"index":"noindex","follow":"follow","max-snippet":"max-snippet:-1","max-image-preview":"max-image-preview:large","max-video-preview":"max-video-preview:-1"},"og_locale":"de_DE","og_type":"article","og_title":"Datenschutzerkl\u00e4rung - Acrolinx","og_description":"Diese Datenschutzerkl\u00e4rung regelt nur die Nutzung personenbezogener Daten auf unserer Website https:\/\/acrolinxcomsta.wpenginepowered.com\/ inklusive der Unterseiten.","og_url":"https:\/\/acrolinxcomsta.wpenginepowered.com\/de\/datenschutz\/","og_site_name":"Acrolinx","article_publisher":"https:\/\/www.facebook.com\/Acrolinxcc\/","article_modified_time":"2024-06-10T11:15:16+00:00","twitter_card":"summary_large_image","twitter_site":"@Acrolinx","twitter_misc":{"Gesch\u00e4tzte Lesezeit":"13 Minuten","Written by":"Alice Admin"},"schema":{"@context":"https:\/\/schema.org","@graph":[{"@type":"WebPage","@id":"https:\/\/acrolinxcomsta.wpenginepowered.com\/de\/datenschutz\/","url":"https:\/\/acrolinxcomsta.wpenginepowered.com\/de\/datenschutz\/","name":"Datenschutzerkl\u00e4rung - Acrolinx","isPartOf":{"@id":"https:\/\/acrolinxcomsta.wpenginepowered.com\/#website"},"datePublished":"2019-08-02T07:01:35+00:00","dateModified":"2024-06-10T11:15:16+00:00","description":"Diese Datenschutzerkl\u00e4rung regelt nur die Nutzung personenbezogener Daten auf unserer Website https:\/\/acrolinxcomsta.wpenginepowered.com\/ inklusive der Unterseiten.","breadcrumb":{"@id":"https:\/\/acrolinxcomsta.wpenginepowered.com\/de\/datenschutz\/#breadcrumb"},"inLanguage":"de-DE","potentialAction":[{"@type":"ReadAction","target":["https:\/\/acrolinxcomsta.wpenginepowered.com\/de\/datenschutz\/"]}]},{"@type":"BreadcrumbList","@id":"https:\/\/acrolinxcomsta.wpenginepowered.com\/de\/datenschutz\/#breadcrumb","itemListElement":[{"@type":"ListItem","position":1,"name":"Home","item":"https:\/\/acrolinxcomsta.wpenginepowered.com\/de\/"},{"@type":"ListItem","position":2,"name":"Datenschutzerkl\u00e4rung"}]},{"@type":"WebSite","@id":"https:\/\/acrolinxcomsta.wpenginepowered.com\/#website","url":"https:\/\/acrolinxcomsta.wpenginepowered.com\/","name":"Acrolinx","description":"","publisher":{"@id":"https:\/\/acrolinxcomsta.wpenginepowered.com\/#organization"},"potentialAction":[{"@type":"SearchAction","target":{"@type":"EntryPoint","urlTemplate":"https:\/\/acrolinxcomsta.wpenginepowered.com\/?s={search_term_string}"},"query-input":"required name=search_term_string"}],"inLanguage":"de-DE"},{"@type":"Organization","@id":"https:\/\/acrolinxcomsta.wpenginepowered.com\/#organization","name":"Acrolinx","url":"https:\/\/acrolinxcomsta.wpenginepowered.com\/","logo":{"@type":"ImageObject","inLanguage":"de-DE","@id":"https:\/\/acrolinxcomsta.wpenginepowered.com\/#\/schema\/logo\/image\/","url":"https:\/\/acrolinxcomsta.wpenginepowered.com\/wp-content\/uploads\/2019\/02\/logo_2x.png","contentUrl":"https:\/\/acrolinxcomsta.wpenginepowered.com\/wp-content\/uploads\/2019\/02\/logo_2x.png","width":326,"height":56,"caption":"Acrolinx"},"image":{"@id":"https:\/\/acrolinxcomsta.wpenginepowered.com\/#\/schema\/logo\/image\/"},"sameAs":["https:\/\/www.facebook.com\/Acrolinxcc\/","https:\/\/x.com\/Acrolinx","https:\/\/www.linkedin.com\/company\/acrolinx","https:\/\/www.youtube.com\/user\/acrolinxIQ\/"]}]}},"_links":{"self":[{"href":"https:\/\/acrolinxcomsta.wpenginepowered.com\/de\/wp-json\/wp\/v2\/pages\/8384","targetHints":{"allow":["GET"]}}],"collection":[{"href":"https:\/\/acrolinxcomsta.wpenginepowered.com\/de\/wp-json\/wp\/v2\/pages"}],"about":[{"href":"https:\/\/acrolinxcomsta.wpenginepowered.com\/de\/wp-json\/wp\/v2\/types\/page"}],"author":[{"embeddable":true,"href":"https:\/\/acrolinxcomsta.wpenginepowered.com\/de\/wp-json\/wp\/v2\/users\/17"}],"replies":[{"embeddable":true,"href":"https:\/\/acrolinxcomsta.wpenginepowered.com\/de\/wp-json\/wp\/v2\/comments?post=8384"}],"version-history":[{"count":0,"href":"https:\/\/acrolinxcomsta.wpenginepowered.com\/de\/wp-json\/wp\/v2\/pages\/8384\/revisions"}],"wp:attachment":[{"href":"https:\/\/acrolinxcomsta.wpenginepowered.com\/de\/wp-json\/wp\/v2\/media?parent=8384"}],"wp:term":[{"taxonomy":"author","embeddable":true,"href":"https:\/\/acrolinxcomsta.wpenginepowered.com\/de\/wp-json\/wp\/v2\/coauthors?post=8384"}],"curies":[{"name":"wp","href":"https:\/\/api.w.org\/{rel}","templated":true}]}}