{"id":8494,"date":"2019-08-27T16:14:38","date_gmt":"2019-08-27T15:14:38","guid":{"rendered":"https:\/\/acrolinxcomsta.wpenginepowered.com\/?page_id=8494"},"modified":"2024-06-21T12:26:04","modified_gmt":"2024-06-21T11:26:04","slug":"impressum","status":"publish","type":"page","link":"https:\/\/acrolinxcomsta.wpenginepowered.com\/de\/impressum\/","title":{"rendered":"Impressum"},"content":{"rendered":"<p><b>Haftungsausschluss<\/b><\/p>\n<p>Wir versuchen, diese Website stets korrekt und aktuell zu halten, k\u00f6nnen aber nicht garantieren, dass sie fehlerfrei ist. Wir \u00fcbernehmen daher keine Haftung f\u00fcr Verluste oder Sch\u00e4den jeder Art, die direkt oder indirekt durch die Nutzung dieser Website entstehen.<\/p>\n<p>Acrolinx \u00fcbernimmt keine Haftung f\u00fcr die hier verlinkten Websites. F\u00fcr die Inhalte Dritter sind ausschlie\u00dflich deren Anbieter zust\u00e4ndig.<\/p>\n<p><b>Copyright und Markenzeichen<\/b><\/p>\n<p>S\u00e4mtliche Texte, Bilder, Grafiken, Animationen, Videos, Sounds und sonstige Inhalte dieser Website sowie deren Anordnung sind durch das Urheberrecht und andere Schutzrechte gesch\u00fctzt. Sofern nicht anders angegeben, d\u00fcrfen Sie unsere Inhalte oder Designs ohne vorherige Zustimmung der Acrolinx GmbH nicht in anderen elektronischen oder gedruckten Publikationen vervielf\u00e4ltigen, ver\u00e4ndern oder verwenden.<\/p>\n<p>In den meisten F\u00e4llen geben wir Ihnen gerne die Erlaubnis, unsere Inhalte wiederzuverwenden. <a href=\"https:\/\/acrolinxcomsta.wpenginepowered.com\/de\/kontakt\/\">Kontaktieren Sie uns also gerne<\/a>. Wir werden Ihre Anfrage schnell beantworten.<\/p>\n<p>Alle Markenzeichen sind, soweit nicht anders angegeben, markenrechtlich gesch\u00fctzt, insbesondere Marken, Logos, Embleme und Typenschilder von Acrolinx. Die auf dieser Website pr\u00e4sentierten Marken sind geistiges Eigentum der Acrolinx GmbH.<\/p>\n<p><b>Datenschutzhinweis<\/b><\/p>\n<p>Acrolinx misst der Sicherheit und dem Schutz Ihrer personenbezogenen Daten einen hohen Stellenwert bei. Die Beachtung und Einhaltung der gesetzlichen Bestimmungen \u00fcber den Datenschutz und die Datensicherheit sind f\u00fcr uns selbstverst\u00e4ndlich.<\/p>\n<p>Ihre personenbezogenen Daten werden von uns nur mit Ihrem Wissen und Ihrer Einwilligung erhoben, gespeichert und genutzt. Sie k\u00f6nnen Ihre Einwilligung jederzeit widerrufen, indem <a href=\"https:\/\/acrolinxcomsta.wpenginepowered.com\/de\/kontakt\/\">Sie uns kontaktieren<\/a>.<\/p>\n<p>Wir erfassen Ihre personenbezogenen Daten (z.\u00a0B. Ihren Namen und Ihre E-Mail-Adresse), um Ihnen Zugang zu Informationen zu geben und mit Ihnen zu kommunizieren. Ihre personenbezogenen Daten werden streng vertraulich behandelt.<\/p>\n<p>Wenn Sie auf unsere Websites zugreifen, erfassen wir automatisch nicht-personenbezogene Daten wie z. B. die Art des verwendeten Webbrowsers und Betriebssystems, die Anzahl der Besuche, die durchschnittliche Verweildauer auf der Website und die besuchten Seiten. Wir verwenden diese Informationen, um unsere Inhalte, unsere Dienstleistungen und unser Verst\u00e4ndnis f\u00fcr unsere Kunden zu verbessern.<\/p>\n<p><strong>Anbieter der Website:<\/strong><\/p>\n<p>Acrolinx North America Inc<br \/>\n2352 Main Street, Suite 303<br \/>\nConcord, MA 01742<br \/>\nUnited States<br \/>\n+1 866 749 3700<\/p>\n<p>Gesellschaftssekret\u00e4r: Volker Smid<br \/>\nVerantwortlich f\u00fcr den Inhalt: Volker Smid<\/p>\n<p><strong>Die Muttergesellschaft der Acrolinx North America Inc.:<\/strong><\/p>\n<p>Acrolinx GmbH<br \/>\nInvalidenstr. 73<br \/>\n10557 Berlin<br \/>\nGermany<br \/>\n+49 30 288 848 330<\/p>\n<p>Gesch\u00e4ftsf\u00fchrer: Volker Smid<br \/>\nHandelsregister: Amtsgericht Charlottenburg<br \/>\nHandelsregisternummer: HRB 84183 B<br \/>\nUSt-ID: DE 221 166 874<\/p>\n","protected":false},"excerpt":{"rendered":"<p>Haftungsausschluss Wir versuchen, diese Website stets korrekt und aktuell zu halten, k\u00f6nnen aber nicht garantieren, dass sie fehlerfrei ist. Wir \u00fcbernehmen daher keine Haftung f\u00fcr Verluste oder Sch\u00e4den &hellip; <\/p>\n<p class=\"link-more\"><a href=\"https:\/\/acrolinxcomsta.wpenginepowered.com\/de\/impressum\/\" class=\"more-link\">Continue reading<span class=\"screen-reader-text\"> &#8222;Impressum&#8220;<\/span><\/a><\/p>\n","protected":false},"author":17,"featured_media":0,"parent":0,"menu_order":0,"comment_status":"closed","ping_status":"closed","template":"","meta":{"_acf_changed":false,"footnotes":"","_links_to":"","_links_to_target":""},"coauthors":[72],"class_list":["post-8494","page","type-page","status-publish","hentry"],"acf":[],"yoast_head":"<!-- This site is optimized with the Yoast SEO plugin v23.2 - https:\/\/yoast.com\/wordpress\/plugins\/seo\/ -->\n<title>Impressum - Acrolinx<\/title>\n<meta name=\"description\" content=\"Impressum mit Informationen zu Haftungsausschluss, Copyright und Markenzeichen sowie Datenschutz bei Acrolinx. Haben Sie Fragen? Kontaktieren Sie uns!\" \/>\n<meta name=\"robots\" content=\"noindex, follow, max-snippet:-1, max-image-preview:large, max-video-preview:-1\" \/>\n<meta property=\"og:locale\" content=\"de_DE\" \/>\n<meta property=\"og:type\" content=\"article\" \/>\n<meta property=\"og:title\" content=\"Impressum - Acrolinx\" \/>\n<meta property=\"og:description\" content=\"Impressum mit Informationen zu Haftungsausschluss, Copyright und Markenzeichen sowie Datenschutz bei Acrolinx. Haben Sie Fragen? Kontaktieren Sie uns!\" \/>\n<meta property=\"og:url\" content=\"https:\/\/acrolinxcomsta.wpenginepowered.com\/de\/impressum\/\" \/>\n<meta property=\"og:site_name\" content=\"Acrolinx\" \/>\n<meta property=\"article:publisher\" content=\"https:\/\/www.facebook.com\/Acrolinxcc\/\" \/>\n<meta property=\"article:modified_time\" content=\"2024-06-21T11:26:04+00:00\" \/>\n<meta name=\"twitter:card\" content=\"summary_large_image\" \/>\n<meta name=\"twitter:site\" content=\"@Acrolinx\" \/>\n<meta name=\"twitter:label1\" content=\"Gesch\u00e4tzte Lesezeit\" \/>\n\t<meta name=\"twitter:data1\" content=\"2 Minuten\" \/>\n\t<meta name=\"twitter:label2\" content=\"Written by\" \/>\n\t<meta name=\"twitter:data2\" content=\"Alice Admin\" \/>\n<script type=\"application\/ld+json\" class=\"yoast-schema-graph\">{\"@context\":\"https:\/\/schema.org\",\"@graph\":[{\"@type\":\"WebPage\",\"@id\":\"https:\/\/acrolinxcomsta.wpenginepowered.com\/de\/impressum\/\",\"url\":\"https:\/\/acrolinxcomsta.wpenginepowered.com\/de\/impressum\/\",\"name\":\"Impressum - Acrolinx\",\"isPartOf\":{\"@id\":\"https:\/\/acrolinxcomsta.wpenginepowered.com\/#website\"},\"datePublished\":\"2019-08-27T15:14:38+00:00\",\"dateModified\":\"2024-06-21T11:26:04+00:00\",\"description\":\"Impressum mit Informationen zu Haftungsausschluss, Copyright und Markenzeichen sowie Datenschutz bei Acrolinx. Haben Sie Fragen? Kontaktieren Sie uns!\",\"breadcrumb\":{\"@id\":\"https:\/\/acrolinxcomsta.wpenginepowered.com\/de\/impressum\/#breadcrumb\"},\"inLanguage\":\"de-DE\",\"potentialAction\":[{\"@type\":\"ReadAction\",\"target\":[\"https:\/\/acrolinxcomsta.wpenginepowered.com\/de\/impressum\/\"]}]},{\"@type\":\"BreadcrumbList\",\"@id\":\"https:\/\/acrolinxcomsta.wpenginepowered.com\/de\/impressum\/#breadcrumb\",\"itemListElement\":[{\"@type\":\"ListItem\",\"position\":1,\"name\":\"Home\",\"item\":\"https:\/\/acrolinxcomsta.wpenginepowered.com\/de\/\"},{\"@type\":\"ListItem\",\"position\":2,\"name\":\"Impressum\"}]},{\"@type\":\"WebSite\",\"@id\":\"https:\/\/acrolinxcomsta.wpenginepowered.com\/#website\",\"url\":\"https:\/\/acrolinxcomsta.wpenginepowered.com\/\",\"name\":\"Acrolinx\",\"description\":\"\",\"publisher\":{\"@id\":\"https:\/\/acrolinxcomsta.wpenginepowered.com\/#organization\"},\"potentialAction\":[{\"@type\":\"SearchAction\",\"target\":{\"@type\":\"EntryPoint\",\"urlTemplate\":\"https:\/\/acrolinxcomsta.wpenginepowered.com\/?s={search_term_string}\"},\"query-input\":\"required name=search_term_string\"}],\"inLanguage\":\"de-DE\"},{\"@type\":\"Organization\",\"@id\":\"https:\/\/acrolinxcomsta.wpenginepowered.com\/#organization\",\"name\":\"Acrolinx\",\"url\":\"https:\/\/acrolinxcomsta.wpenginepowered.com\/\",\"logo\":{\"@type\":\"ImageObject\",\"inLanguage\":\"de-DE\",\"@id\":\"https:\/\/acrolinxcomsta.wpenginepowered.com\/#\/schema\/logo\/image\/\",\"url\":\"https:\/\/acrolinxcomsta.wpenginepowered.com\/wp-content\/uploads\/2019\/02\/logo_2x.png\",\"contentUrl\":\"https:\/\/acrolinxcomsta.wpenginepowered.com\/wp-content\/uploads\/2019\/02\/logo_2x.png\",\"width\":326,\"height\":56,\"caption\":\"Acrolinx\"},\"image\":{\"@id\":\"https:\/\/acrolinxcomsta.wpenginepowered.com\/#\/schema\/logo\/image\/\"},\"sameAs\":[\"https:\/\/www.facebook.com\/Acrolinxcc\/\",\"https:\/\/x.com\/Acrolinx\",\"https:\/\/www.linkedin.com\/company\/acrolinx\",\"https:\/\/www.youtube.com\/user\/acrolinxIQ\/\"]}]}<\/script>\n<!-- \/ Yoast SEO plugin. -->","yoast_head_json":{"title":"Impressum - Acrolinx","description":"Impressum mit Informationen zu Haftungsausschluss, Copyright und Markenzeichen sowie Datenschutz bei Acrolinx. Haben Sie Fragen? Kontaktieren Sie uns!","robots":{"index":"noindex","follow":"follow","max-snippet":"max-snippet:-1","max-image-preview":"max-image-preview:large","max-video-preview":"max-video-preview:-1"},"og_locale":"de_DE","og_type":"article","og_title":"Impressum - Acrolinx","og_description":"Impressum mit Informationen zu Haftungsausschluss, Copyright und Markenzeichen sowie Datenschutz bei Acrolinx. Haben Sie Fragen? Kontaktieren Sie uns!","og_url":"https:\/\/acrolinxcomsta.wpenginepowered.com\/de\/impressum\/","og_site_name":"Acrolinx","article_publisher":"https:\/\/www.facebook.com\/Acrolinxcc\/","article_modified_time":"2024-06-21T11:26:04+00:00","twitter_card":"summary_large_image","twitter_site":"@Acrolinx","twitter_misc":{"Gesch\u00e4tzte Lesezeit":"2 Minuten","Written by":"Alice Admin"},"schema":{"@context":"https:\/\/schema.org","@graph":[{"@type":"WebPage","@id":"https:\/\/acrolinxcomsta.wpenginepowered.com\/de\/impressum\/","url":"https:\/\/acrolinxcomsta.wpenginepowered.com\/de\/impressum\/","name":"Impressum - Acrolinx","isPartOf":{"@id":"https:\/\/acrolinxcomsta.wpenginepowered.com\/#website"},"datePublished":"2019-08-27T15:14:38+00:00","dateModified":"2024-06-21T11:26:04+00:00","description":"Impressum mit Informationen zu Haftungsausschluss, Copyright und Markenzeichen sowie Datenschutz bei Acrolinx. Haben Sie Fragen? Kontaktieren Sie uns!","breadcrumb":{"@id":"https:\/\/acrolinxcomsta.wpenginepowered.com\/de\/impressum\/#breadcrumb"},"inLanguage":"de-DE","potentialAction":[{"@type":"ReadAction","target":["https:\/\/acrolinxcomsta.wpenginepowered.com\/de\/impressum\/"]}]},{"@type":"BreadcrumbList","@id":"https:\/\/acrolinxcomsta.wpenginepowered.com\/de\/impressum\/#breadcrumb","itemListElement":[{"@type":"ListItem","position":1,"name":"Home","item":"https:\/\/acrolinxcomsta.wpenginepowered.com\/de\/"},{"@type":"ListItem","position":2,"name":"Impressum"}]},{"@type":"WebSite","@id":"https:\/\/acrolinxcomsta.wpenginepowered.com\/#website","url":"https:\/\/acrolinxcomsta.wpenginepowered.com\/","name":"Acrolinx","description":"","publisher":{"@id":"https:\/\/acrolinxcomsta.wpenginepowered.com\/#organization"},"potentialAction":[{"@type":"SearchAction","target":{"@type":"EntryPoint","urlTemplate":"https:\/\/acrolinxcomsta.wpenginepowered.com\/?s={search_term_string}"},"query-input":"required name=search_term_string"}],"inLanguage":"de-DE"},{"@type":"Organization","@id":"https:\/\/acrolinxcomsta.wpenginepowered.com\/#organization","name":"Acrolinx","url":"https:\/\/acrolinxcomsta.wpenginepowered.com\/","logo":{"@type":"ImageObject","inLanguage":"de-DE","@id":"https:\/\/acrolinxcomsta.wpenginepowered.com\/#\/schema\/logo\/image\/","url":"https:\/\/acrolinxcomsta.wpenginepowered.com\/wp-content\/uploads\/2019\/02\/logo_2x.png","contentUrl":"https:\/\/acrolinxcomsta.wpenginepowered.com\/wp-content\/uploads\/2019\/02\/logo_2x.png","width":326,"height":56,"caption":"Acrolinx"},"image":{"@id":"https:\/\/acrolinxcomsta.wpenginepowered.com\/#\/schema\/logo\/image\/"},"sameAs":["https:\/\/www.facebook.com\/Acrolinxcc\/","https:\/\/x.com\/Acrolinx","https:\/\/www.linkedin.com\/company\/acrolinx","https:\/\/www.youtube.com\/user\/acrolinxIQ\/"]}]}},"_links":{"self":[{"href":"https:\/\/acrolinxcomsta.wpenginepowered.com\/de\/wp-json\/wp\/v2\/pages\/8494","targetHints":{"allow":["GET"]}}],"collection":[{"href":"https:\/\/acrolinxcomsta.wpenginepowered.com\/de\/wp-json\/wp\/v2\/pages"}],"about":[{"href":"https:\/\/acrolinxcomsta.wpenginepowered.com\/de\/wp-json\/wp\/v2\/types\/page"}],"author":[{"embeddable":true,"href":"https:\/\/acrolinxcomsta.wpenginepowered.com\/de\/wp-json\/wp\/v2\/users\/17"}],"replies":[{"embeddable":true,"href":"https:\/\/acrolinxcomsta.wpenginepowered.com\/de\/wp-json\/wp\/v2\/comments?post=8494"}],"version-history":[{"count":0,"href":"https:\/\/acrolinxcomsta.wpenginepowered.com\/de\/wp-json\/wp\/v2\/pages\/8494\/revisions"}],"wp:attachment":[{"href":"https:\/\/acrolinxcomsta.wpenginepowered.com\/de\/wp-json\/wp\/v2\/media?parent=8494"}],"wp:term":[{"taxonomy":"author","embeddable":true,"href":"https:\/\/acrolinxcomsta.wpenginepowered.com\/de\/wp-json\/wp\/v2\/coauthors?post=8494"}],"curies":[{"name":"wp","href":"https:\/\/api.w.org\/{rel}","templated":true}]}}